{"id":105562,"date":"2024-09-05T17:28:47","date_gmt":"2024-09-05T15:28:47","guid":{"rendered":"https:\/\/autostil.ba\/maloprodaja\/?post_type=product&#038;p=105562"},"modified":"2026-04-08T11:34:08","modified_gmt":"2026-04-08T09:34:08","slug":"rora-niklovana-elipsa-lomljena-max-1274","status":"publish","type":"product","link":"https:\/\/autostil.ba\/maloprodaja\/proizvod\/622\/rora-niklovana-elipsa-lomljena-max-1274\/","title":{"rendered":"RORA NIKLOVANA ELIPSA LOMLJENA MAX 1274"},"content":{"rendered":"","protected":false},"excerpt":{"rendered":"<p>RORA NIKLOVANA ELIPSA LOMLJENA MAX 1274 Visikokvalitetna niklovana lomljena rora, elipsa oblik, koja pobolj\u0161ava dizajn i daje ljep\u0161i izgled vozilu. Izduvna cijev za prigu\u0161iva\u010d umetnuta je na kraju auspuha i mora se pri\u010dvrstiti na pri\u010dvr\u0161\u0107ene vijke.<\/p>\n","protected":false},"featured_media":793045749,"comment_status":"open","ping_status":"closed","template":"","meta":{"_acf_changed":false,"inline_featured_image":false},"product_brand":[],"product_cat":[102],"product_tag":[],"class_list":{"0":"post-105562","1":"product","2":"type-product","3":"status-publish","4":"has-post-thumbnail","6":"product_cat-izduvni-sistem","8":"first","9":"instock","10":"taxable","11":"shipping-taxable","12":"purchasable","13":"product-type-simple"},"acf":[],"custom_product_id":"622","_links":{"self":[{"href":"https:\/\/autostil.ba\/maloprodaja\/wp-json\/wp\/v2\/product\/105562","targetHints":{"allow":["GET"]}}],"collection":[{"href":"https:\/\/autostil.ba\/maloprodaja\/wp-json\/wp\/v2\/product"}],"about":[{"href":"https:\/\/autostil.ba\/maloprodaja\/wp-json\/wp\/v2\/types\/product"}],"replies":[{"embeddable":true,"href":"https:\/\/autostil.ba\/maloprodaja\/wp-json\/wp\/v2\/comments?post=105562"}],"version-history":[{"count":1,"href":"https:\/\/autostil.ba\/maloprodaja\/wp-json\/wp\/v2\/product\/105562\/revisions"}],"predecessor-version":[{"id":105564,"href":"https:\/\/autostil.ba\/maloprodaja\/wp-json\/wp\/v2\/product\/105562\/revisions\/105564"}],"wp:featuredmedia":[{"embeddable":true,"href":"https:\/\/autostil.ba\/maloprodaja\/wp-json\/wp\/v2\/media\/793045749"}],"wp:attachment":[{"href":"https:\/\/autostil.ba\/maloprodaja\/wp-json\/wp\/v2\/media?parent=105562"}],"wp:term":[{"taxonomy":"product_brand","embeddable":true,"href":"https:\/\/autostil.ba\/maloprodaja\/wp-json\/wp\/v2\/product_brand?post=105562"},{"taxonomy":"product_cat","embeddable":true,"href":"https:\/\/autostil.ba\/maloprodaja\/wp-json\/wp\/v2\/product_cat?post=105562"},{"taxonomy":"product_tag","embeddable":true,"href":"https:\/\/autostil.ba\/maloprodaja\/wp-json\/wp\/v2\/product_tag?post=105562"}],"curies":[{"name":"wp","href":"https:\/\/api.w.org\/{rel}","templated":true}]}}