{"id":105532,"date":"2025-10-17T14:33:46","date_gmt":"2025-10-17T12:33:46","guid":{"rendered":"https:\/\/autostil.ba\/maloprodaja\/?post_type=product&#038;p=105532"},"modified":"2026-04-08T11:34:02","modified_gmt":"2026-04-08T09:34:02","slug":"blatarice-gumene-tuning-prednje","status":"publish","type":"product","link":"https:\/\/autostil.ba\/maloprodaja\/proizvod\/6327\/blatarice-gumene-tuning-prednje\/","title":{"rendered":"BLATARICE GUMENE TUNING PREDNJE"},"content":{"rendered":"","protected":false},"excerpt":{"rendered":"<p>BLATARICE GUMENE TUNING PREDNJE Gumene blatarice ,pogodne za sve vrste putni\u010dkih automobila. Jednostavna monta\u017ea uz pomo\u0107 metalnih spojnica. Gumeni hvata\u010d ostaje elasti\u010dan tokom zimskih i ljetnih temperatura.<\/p>\n","protected":false},"featured_media":105533,"comment_status":"open","ping_status":"closed","template":"","meta":{"_acf_changed":false,"inline_featured_image":false},"product_brand":[],"product_cat":[72],"product_tag":[],"class_list":{"0":"post-105532","1":"product","2":"type-product","3":"status-publish","4":"has-post-thumbnail","6":"product_cat-blatarice-za-tockove","8":"first","9":"instock","10":"taxable","11":"shipping-taxable","12":"purchasable","13":"product-type-simple"},"acf":[],"custom_product_id":"6327","_links":{"self":[{"href":"https:\/\/autostil.ba\/maloprodaja\/wp-json\/wp\/v2\/product\/105532","targetHints":{"allow":["GET"]}}],"collection":[{"href":"https:\/\/autostil.ba\/maloprodaja\/wp-json\/wp\/v2\/product"}],"about":[{"href":"https:\/\/autostil.ba\/maloprodaja\/wp-json\/wp\/v2\/types\/product"}],"replies":[{"embeddable":true,"href":"https:\/\/autostil.ba\/maloprodaja\/wp-json\/wp\/v2\/comments?post=105532"}],"version-history":[{"count":1,"href":"https:\/\/autostil.ba\/maloprodaja\/wp-json\/wp\/v2\/product\/105532\/revisions"}],"predecessor-version":[{"id":105534,"href":"https:\/\/autostil.ba\/maloprodaja\/wp-json\/wp\/v2\/product\/105532\/revisions\/105534"}],"wp:featuredmedia":[{"embeddable":true,"href":"https:\/\/autostil.ba\/maloprodaja\/wp-json\/wp\/v2\/media\/105533"}],"wp:attachment":[{"href":"https:\/\/autostil.ba\/maloprodaja\/wp-json\/wp\/v2\/media?parent=105532"}],"wp:term":[{"taxonomy":"product_brand","embeddable":true,"href":"https:\/\/autostil.ba\/maloprodaja\/wp-json\/wp\/v2\/product_brand?post=105532"},{"taxonomy":"product_cat","embeddable":true,"href":"https:\/\/autostil.ba\/maloprodaja\/wp-json\/wp\/v2\/product_cat?post=105532"},{"taxonomy":"product_tag","embeddable":true,"href":"https:\/\/autostil.ba\/maloprodaja\/wp-json\/wp\/v2\/product_tag?post=105532"}],"curies":[{"name":"wp","href":"https:\/\/api.w.org\/{rel}","templated":true}]}}