{"id":105522,"date":"2024-07-18T08:04:45","date_gmt":"2024-07-18T06:04:45","guid":{"rendered":"https:\/\/autostil.ba\/maloprodaja\/?post_type=product&#038;p=105522"},"modified":"2026-04-23T16:00:43","modified_gmt":"2026-04-23T14:00:43","slug":"stipaljke-za-kabal-150-300-amp-max","status":"publish","type":"product","link":"https:\/\/autostil.ba\/maloprodaja\/proizvod\/3870\/stipaljke-za-kabal-150-300-amp-max\/","title":{"rendered":"\u0160TIPALJKE ZA KABAL 150 300 AMP MAX"},"content":{"rendered":"","protected":false},"excerpt":{"rendered":"<p>\u0160TIPALJKE ZA KABAL 150 300 AMP MAX \u0160tipaljke za kabal slu\u017ee za povezivanje ure\u0111aja. Crveni \u0161tap pri\u010dvrstite na pozitivni pol akumulatora automobila +, a crni na negativni pol akumulatora.<\/p>\n","protected":false},"featured_media":105523,"comment_status":"open","ping_status":"closed","template":"","meta":{"_acf_changed":false,"inline_featured_image":false},"product_brand":[],"product_cat":[47],"product_tag":[],"class_list":{"0":"post-105522","1":"product","2":"type-product","3":"status-publish","4":"has-post-thumbnail","6":"product_cat-start-kablovi-i-kleme","8":"first","9":"instock","10":"taxable","11":"shipping-taxable","12":"purchasable","13":"product-type-simple"},"acf":[],"custom_product_id":"3870","_links":{"self":[{"href":"https:\/\/autostil.ba\/maloprodaja\/wp-json\/wp\/v2\/product\/105522","targetHints":{"allow":["GET"]}}],"collection":[{"href":"https:\/\/autostil.ba\/maloprodaja\/wp-json\/wp\/v2\/product"}],"about":[{"href":"https:\/\/autostil.ba\/maloprodaja\/wp-json\/wp\/v2\/types\/product"}],"replies":[{"embeddable":true,"href":"https:\/\/autostil.ba\/maloprodaja\/wp-json\/wp\/v2\/comments?post=105522"}],"version-history":[{"count":1,"href":"https:\/\/autostil.ba\/maloprodaja\/wp-json\/wp\/v2\/product\/105522\/revisions"}],"predecessor-version":[{"id":105524,"href":"https:\/\/autostil.ba\/maloprodaja\/wp-json\/wp\/v2\/product\/105522\/revisions\/105524"}],"wp:featuredmedia":[{"embeddable":true,"href":"https:\/\/autostil.ba\/maloprodaja\/wp-json\/wp\/v2\/media\/105523"}],"wp:attachment":[{"href":"https:\/\/autostil.ba\/maloprodaja\/wp-json\/wp\/v2\/media?parent=105522"}],"wp:term":[{"taxonomy":"product_brand","embeddable":true,"href":"https:\/\/autostil.ba\/maloprodaja\/wp-json\/wp\/v2\/product_brand?post=105522"},{"taxonomy":"product_cat","embeddable":true,"href":"https:\/\/autostil.ba\/maloprodaja\/wp-json\/wp\/v2\/product_cat?post=105522"},{"taxonomy":"product_tag","embeddable":true,"href":"https:\/\/autostil.ba\/maloprodaja\/wp-json\/wp\/v2\/product_tag?post=105522"}],"curies":[{"name":"wp","href":"https:\/\/api.w.org\/{rel}","templated":true}]}}