{"id":105512,"date":"2024-07-18T08:04:45","date_gmt":"2024-07-18T06:04:45","guid":{"rendered":"https:\/\/autostil.ba\/maloprodaja\/?post_type=product&#038;p=105512"},"modified":"2026-04-08T11:34:02","modified_gmt":"2026-04-08T09:34:02","slug":"mreza-za-gepek","status":"publish","type":"product","link":"https:\/\/autostil.ba\/maloprodaja\/proizvod\/1023\/mreza-za-gepek\/","title":{"rendered":"MRE\u017dA ZA GEPEK"},"content":{"rendered":"","protected":false},"excerpt":{"rendered":"<p>MRE\u017dA ZA GEPEK  Mre\u017ea za gepek dr\u017ei teret na svom mestu tokom putovanja. Mre\u017ea za prtljag se mo\u017ee montirati pomo\u0107u kuka, koje su dio mre\u017ee.<br \/>\nOprez: dok pri\u010dvr\u0161\u0107ujete mre\u017eu za prtljag pazite da ga ne o\u0161tetite jakim potezom. Ne ostavljajte da se kuke olabave dok se pri\u010dvr\u0161\u0107uju jer mogu prouzrokovati ozljede.<\/p>\n","protected":false},"featured_media":105513,"comment_status":"open","ping_status":"closed","template":"","meta":{"_acf_changed":false,"inline_featured_image":false},"product_brand":[],"product_cat":[93],"product_tag":[],"class_list":{"0":"post-105512","1":"product","2":"type-product","3":"status-publish","4":"has-post-thumbnail","6":"product_cat-dodatna-oprema-enterijera","8":"first","9":"instock","10":"taxable","11":"shipping-taxable","12":"purchasable","13":"product-type-simple"},"acf":[],"custom_product_id":"1023","_links":{"self":[{"href":"https:\/\/autostil.ba\/maloprodaja\/wp-json\/wp\/v2\/product\/105512","targetHints":{"allow":["GET"]}}],"collection":[{"href":"https:\/\/autostil.ba\/maloprodaja\/wp-json\/wp\/v2\/product"}],"about":[{"href":"https:\/\/autostil.ba\/maloprodaja\/wp-json\/wp\/v2\/types\/product"}],"replies":[{"embeddable":true,"href":"https:\/\/autostil.ba\/maloprodaja\/wp-json\/wp\/v2\/comments?post=105512"}],"version-history":[{"count":1,"href":"https:\/\/autostil.ba\/maloprodaja\/wp-json\/wp\/v2\/product\/105512\/revisions"}],"predecessor-version":[{"id":105514,"href":"https:\/\/autostil.ba\/maloprodaja\/wp-json\/wp\/v2\/product\/105512\/revisions\/105514"}],"wp:featuredmedia":[{"embeddable":true,"href":"https:\/\/autostil.ba\/maloprodaja\/wp-json\/wp\/v2\/media\/105513"}],"wp:attachment":[{"href":"https:\/\/autostil.ba\/maloprodaja\/wp-json\/wp\/v2\/media?parent=105512"}],"wp:term":[{"taxonomy":"product_brand","embeddable":true,"href":"https:\/\/autostil.ba\/maloprodaja\/wp-json\/wp\/v2\/product_brand?post=105512"},{"taxonomy":"product_cat","embeddable":true,"href":"https:\/\/autostil.ba\/maloprodaja\/wp-json\/wp\/v2\/product_cat?post=105512"},{"taxonomy":"product_tag","embeddable":true,"href":"https:\/\/autostil.ba\/maloprodaja\/wp-json\/wp\/v2\/product_tag?post=105512"}],"curies":[{"name":"wp","href":"https:\/\/api.w.org\/{rel}","templated":true}]}}