{"id":105472,"date":"2024-07-18T08:04:42","date_gmt":"2024-07-18T06:04:42","guid":{"rendered":"https:\/\/autostil.ba\/maloprodaja\/?post_type=product&#038;p=105472"},"modified":"2026-04-13T14:01:09","modified_gmt":"2026-04-13T12:01:09","slug":"kanister-plasticni-20l-sa-ulivnom-cijevi","status":"publish","type":"product","link":"https:\/\/autostil.ba\/maloprodaja\/proizvod\/9983\/kanister-plasticni-20l-sa-ulivnom-cijevi\/","title":{"rendered":"KANISTER PLASTI\u010cNI 20L SA ULIVNOM CIJEVI"},"content":{"rendered":"","protected":false},"excerpt":{"rendered":"<p>Plasti\u010dni spremnik za prijenos goriva<br \/>\nZapremina: 20l<br \/>\nPlasti\u010dna brtva sa brtvom + plasti\u010dna cijev za lak\u0161e ulijevanje u rezervoar<br \/>\nBoja: crna<\/p>\n","protected":false},"featured_media":793045911,"comment_status":"open","ping_status":"closed","template":"","meta":{"_acf_changed":false,"inline_featured_image":false},"product_brand":[],"product_cat":[104],"product_tag":[],"class_list":{"0":"post-105472","1":"product","2":"type-product","3":"status-publish","4":"has-post-thumbnail","6":"product_cat-kanisteri","8":"first","9":"instock","10":"taxable","11":"shipping-taxable","12":"purchasable","13":"product-type-simple"},"acf":[],"custom_product_id":"9983","_links":{"self":[{"href":"https:\/\/autostil.ba\/maloprodaja\/wp-json\/wp\/v2\/product\/105472","targetHints":{"allow":["GET"]}}],"collection":[{"href":"https:\/\/autostil.ba\/maloprodaja\/wp-json\/wp\/v2\/product"}],"about":[{"href":"https:\/\/autostil.ba\/maloprodaja\/wp-json\/wp\/v2\/types\/product"}],"replies":[{"embeddable":true,"href":"https:\/\/autostil.ba\/maloprodaja\/wp-json\/wp\/v2\/comments?post=105472"}],"version-history":[{"count":1,"href":"https:\/\/autostil.ba\/maloprodaja\/wp-json\/wp\/v2\/product\/105472\/revisions"}],"predecessor-version":[{"id":105474,"href":"https:\/\/autostil.ba\/maloprodaja\/wp-json\/wp\/v2\/product\/105472\/revisions\/105474"}],"wp:featuredmedia":[{"embeddable":true,"href":"https:\/\/autostil.ba\/maloprodaja\/wp-json\/wp\/v2\/media\/793045911"}],"wp:attachment":[{"href":"https:\/\/autostil.ba\/maloprodaja\/wp-json\/wp\/v2\/media?parent=105472"}],"wp:term":[{"taxonomy":"product_brand","embeddable":true,"href":"https:\/\/autostil.ba\/maloprodaja\/wp-json\/wp\/v2\/product_brand?post=105472"},{"taxonomy":"product_cat","embeddable":true,"href":"https:\/\/autostil.ba\/maloprodaja\/wp-json\/wp\/v2\/product_cat?post=105472"},{"taxonomy":"product_tag","embeddable":true,"href":"https:\/\/autostil.ba\/maloprodaja\/wp-json\/wp\/v2\/product_tag?post=105472"}],"curies":[{"name":"wp","href":"https:\/\/api.w.org\/{rel}","templated":true}]}}