{"id":105462,"date":"2024-07-18T08:04:42","date_gmt":"2024-07-18T06:04:42","guid":{"rendered":"https:\/\/autostil.ba\/maloprodaja\/?post_type=product&#038;p=105462"},"modified":"2026-04-08T11:34:02","modified_gmt":"2026-04-08T09:34:02","slug":"produzetak-za-sigurnosni-pojas","status":"publish","type":"product","link":"https:\/\/autostil.ba\/maloprodaja\/proizvod\/6465\/produzetak-za-sigurnosni-pojas\/","title":{"rendered":"PRODU\u017dETAK ZA SIGURNOSNI POJAS"},"content":{"rendered":"","protected":false},"excerpt":{"rendered":"<p>PRODU\u017dETAK ZA SIGURNOSNI POJAS  Pakovanje uklju\u010duje 1 produ\u017eetak za sigurnosni  pojas du\u017eine 29cm.<\/p>\n","protected":false},"featured_media":105463,"comment_status":"open","ping_status":"closed","template":"","meta":{"_acf_changed":false,"inline_featured_image":false},"product_brand":[],"product_cat":[151],"product_tag":[],"class_list":{"0":"post-105462","1":"product","2":"type-product","3":"status-publish","4":"has-post-thumbnail","6":"product_cat-blokade-za-sigurnosni-pojas","8":"first","9":"instock","10":"taxable","11":"shipping-taxable","12":"purchasable","13":"product-type-simple"},"acf":[],"custom_product_id":"6465","_links":{"self":[{"href":"https:\/\/autostil.ba\/maloprodaja\/wp-json\/wp\/v2\/product\/105462","targetHints":{"allow":["GET"]}}],"collection":[{"href":"https:\/\/autostil.ba\/maloprodaja\/wp-json\/wp\/v2\/product"}],"about":[{"href":"https:\/\/autostil.ba\/maloprodaja\/wp-json\/wp\/v2\/types\/product"}],"replies":[{"embeddable":true,"href":"https:\/\/autostil.ba\/maloprodaja\/wp-json\/wp\/v2\/comments?post=105462"}],"version-history":[{"count":1,"href":"https:\/\/autostil.ba\/maloprodaja\/wp-json\/wp\/v2\/product\/105462\/revisions"}],"predecessor-version":[{"id":105464,"href":"https:\/\/autostil.ba\/maloprodaja\/wp-json\/wp\/v2\/product\/105462\/revisions\/105464"}],"wp:featuredmedia":[{"embeddable":true,"href":"https:\/\/autostil.ba\/maloprodaja\/wp-json\/wp\/v2\/media\/105463"}],"wp:attachment":[{"href":"https:\/\/autostil.ba\/maloprodaja\/wp-json\/wp\/v2\/media?parent=105462"}],"wp:term":[{"taxonomy":"product_brand","embeddable":true,"href":"https:\/\/autostil.ba\/maloprodaja\/wp-json\/wp\/v2\/product_brand?post=105462"},{"taxonomy":"product_cat","embeddable":true,"href":"https:\/\/autostil.ba\/maloprodaja\/wp-json\/wp\/v2\/product_cat?post=105462"},{"taxonomy":"product_tag","embeddable":true,"href":"https:\/\/autostil.ba\/maloprodaja\/wp-json\/wp\/v2\/product_tag?post=105462"}],"curies":[{"name":"wp","href":"https:\/\/api.w.org\/{rel}","templated":true}]}}