{"id":105422,"date":"2024-07-18T08:04:40","date_gmt":"2024-07-18T08:04:40","guid":{"rendered":"https:\/\/autostil.ba\/maloprodaja\/?post_type=product&#038;p=105422"},"modified":"2026-04-08T11:33:56","modified_gmt":"2026-04-08T09:33:56","slug":"cekic-za-razbijanje-stakla-multifunkcionalni","status":"publish","type":"product","link":"https:\/\/autostil.ba\/maloprodaja\/proizvod\/10708\/cekic-za-razbijanje-stakla-multifunkcionalni\/","title":{"rendered":"\u010cEKI\u0106 ZA RAZBIJANJE STAKLA MULTIFUNKCIONALNI"},"content":{"rendered":"","protected":false},"excerpt":{"rendered":"<p>\u010cEKI\u0106 ZA RAZBIJANJE STAKLA MULTIFUNKCIONALNI; Dr\u0161ka za auto je jednostavno i istovremeno stabilno rje\u0161enje koje vam omogu\u0107ava da s lako\u0107om ulazite i izlazite iz automobila. Odmah \u0161kljocne u bravu na vratima svakog automobila i stvara polugu na koju se mo\u017eete osloniti kada ulazite i izlazite iz automobila. Bez obzira koji automobil posjedujete, ovaj prakti\u010dan alat je pogodan za terenska vozila, SUV ili bilo koji drugi automobil. Jednostavno otvorite vrata i gurnite kvaku u bravu vrata. Konstrukcija je odli\u010dna za prakti\u010dno sve &#8211; i za mlade i za stare, koje mo\u017eete dr\u017eati u automobilu u slu\u010daju da vam zatreba dodatna stabilnost tokom mraznih dana. Sna\u017eno ugra\u0111eno LED svjetlo savr\u0161eno vas osvjetljava na cesti, poma\u017ee vam da prona\u0111ete klju\u010deve automobila u mraku i garantuje vam vidljivost. Ovim alatom mo\u017eete razbiti prozor, njime mo\u017eete prerezati sigurnosni pojas. Ne zahtijeva monta\u017eu i lako se skladi\u0161ti i \u0161to je kompaktniji mogu\u0107e, tako da ga lako mo\u017eete spremiti u pretinac na vratima ili u pretinac za odlaganje na instrument tabli. Neka vozila ranije proizvedena (1980. i 1990.) mo\u017eda ne\u0107e biti kompatibilna sa ru\u010dkom.<\/p>\n","protected":false},"featured_media":105423,"comment_status":"open","ping_status":"closed","template":"","meta":{"_acf_changed":false,"inline_featured_image":false},"product_brand":[],"product_cat":[55],"product_tag":[],"class_list":{"0":"post-105422","1":"product","2":"type-product","3":"status-publish","4":"has-post-thumbnail","6":"product_cat-alat-i-oprema-za-servise","7":"pa_velicina-univerzalno","9":"first","10":"instock","11":"taxable","12":"shipping-taxable","13":"purchasable","14":"product-type-simple"},"acf":[],"custom_product_id":"10708","_links":{"self":[{"href":"https:\/\/autostil.ba\/maloprodaja\/wp-json\/wp\/v2\/product\/105422","targetHints":{"allow":["GET"]}}],"collection":[{"href":"https:\/\/autostil.ba\/maloprodaja\/wp-json\/wp\/v2\/product"}],"about":[{"href":"https:\/\/autostil.ba\/maloprodaja\/wp-json\/wp\/v2\/types\/product"}],"replies":[{"embeddable":true,"href":"https:\/\/autostil.ba\/maloprodaja\/wp-json\/wp\/v2\/comments?post=105422"}],"version-history":[{"count":1,"href":"https:\/\/autostil.ba\/maloprodaja\/wp-json\/wp\/v2\/product\/105422\/revisions"}],"predecessor-version":[{"id":105424,"href":"https:\/\/autostil.ba\/maloprodaja\/wp-json\/wp\/v2\/product\/105422\/revisions\/105424"}],"wp:featuredmedia":[{"embeddable":true,"href":"https:\/\/autostil.ba\/maloprodaja\/wp-json\/wp\/v2\/media\/105423"}],"wp:attachment":[{"href":"https:\/\/autostil.ba\/maloprodaja\/wp-json\/wp\/v2\/media?parent=105422"}],"wp:term":[{"taxonomy":"product_brand","embeddable":true,"href":"https:\/\/autostil.ba\/maloprodaja\/wp-json\/wp\/v2\/product_brand?post=105422"},{"taxonomy":"product_cat","embeddable":true,"href":"https:\/\/autostil.ba\/maloprodaja\/wp-json\/wp\/v2\/product_cat?post=105422"},{"taxonomy":"product_tag","embeddable":true,"href":"https:\/\/autostil.ba\/maloprodaja\/wp-json\/wp\/v2\/product_tag?post=105422"}],"curies":[{"name":"wp","href":"https:\/\/api.w.org\/{rel}","templated":true}]}}