{"id":105362,"date":"2024-07-18T08:04:38","date_gmt":"2024-07-18T06:04:38","guid":{"rendered":"https:\/\/autostil.ba\/maloprodaja\/?post_type=product&#038;p=105362"},"modified":"2026-04-08T11:33:56","modified_gmt":"2026-04-08T09:33:56","slug":"drzac-mobitela-magnetni-max-8211","status":"publish","type":"product","link":"https:\/\/autostil.ba\/maloprodaja\/proizvod\/6829\/drzac-mobitela-magnetni-max-8211\/","title":{"rendered":"DR\u017dA\u010c MOBITELA MAGNETNI MAX 8211"},"content":{"rendered":"","protected":false},"excerpt":{"rendered":"<p>DR\u017dA\u010c MOBITELA MAGNETNI MAX 8211 Univerzalni dr\u017ea\u010d mobitela, crni, magnetni, dizajniran za postavljanje na re\u0161etku za ventilaciju. Fiksirajte telefon postavljanjem na magnetnu povr\u0161inu. Za pametne telefone s ravnim le\u0111ima minimalne dimenzije dr\u017ea\u010da od 40 mm. 2 vrste metalne plo\u010de na izbor (okrugla, kvadratna, debljina svega 0,4 mm).<\/p>\n","protected":false},"featured_media":105363,"comment_status":"open","ping_status":"closed","template":"","meta":{"_acf_changed":false,"inline_featured_image":false},"product_brand":[],"product_cat":[105],"product_tag":[],"class_list":{"0":"post-105362","1":"product","2":"type-product","3":"status-publish","4":"has-post-thumbnail","6":"product_cat-nosaci-mobitela-tableta-navigacije","8":"first","9":"instock","10":"taxable","11":"shipping-taxable","12":"purchasable","13":"product-type-simple"},"acf":[],"custom_product_id":"6829","_links":{"self":[{"href":"https:\/\/autostil.ba\/maloprodaja\/wp-json\/wp\/v2\/product\/105362","targetHints":{"allow":["GET"]}}],"collection":[{"href":"https:\/\/autostil.ba\/maloprodaja\/wp-json\/wp\/v2\/product"}],"about":[{"href":"https:\/\/autostil.ba\/maloprodaja\/wp-json\/wp\/v2\/types\/product"}],"replies":[{"embeddable":true,"href":"https:\/\/autostil.ba\/maloprodaja\/wp-json\/wp\/v2\/comments?post=105362"}],"version-history":[{"count":1,"href":"https:\/\/autostil.ba\/maloprodaja\/wp-json\/wp\/v2\/product\/105362\/revisions"}],"predecessor-version":[{"id":105364,"href":"https:\/\/autostil.ba\/maloprodaja\/wp-json\/wp\/v2\/product\/105362\/revisions\/105364"}],"wp:featuredmedia":[{"embeddable":true,"href":"https:\/\/autostil.ba\/maloprodaja\/wp-json\/wp\/v2\/media\/105363"}],"wp:attachment":[{"href":"https:\/\/autostil.ba\/maloprodaja\/wp-json\/wp\/v2\/media?parent=105362"}],"wp:term":[{"taxonomy":"product_brand","embeddable":true,"href":"https:\/\/autostil.ba\/maloprodaja\/wp-json\/wp\/v2\/product_brand?post=105362"},{"taxonomy":"product_cat","embeddable":true,"href":"https:\/\/autostil.ba\/maloprodaja\/wp-json\/wp\/v2\/product_cat?post=105362"},{"taxonomy":"product_tag","embeddable":true,"href":"https:\/\/autostil.ba\/maloprodaja\/wp-json\/wp\/v2\/product_tag?post=105362"}],"curies":[{"name":"wp","href":"https:\/\/api.w.org\/{rel}","templated":true}]}}