{"id":105332,"date":"2024-10-23T12:59:36","date_gmt":"2024-10-23T10:59:36","guid":{"rendered":"https:\/\/autostil.ba\/maloprodaja\/?post_type=product&#038;p=105332"},"modified":"2026-04-08T11:33:50","modified_gmt":"2026-04-08T09:33:50","slug":"navlaka-volana-cromox-max-siva","status":"publish","type":"product","link":"https:\/\/autostil.ba\/maloprodaja\/proizvod\/3874\/navlaka-volana-cromox-max-siva\/","title":{"rendered":"NAVLAKA VOLANA CROMOX MAX SIVA"},"content":{"rendered":"","protected":false},"excerpt":{"rendered":"<p>NAVLAKA VOLANA CROMOX MAX SIVA Navlaka volana za univerzalnu upotrebu na svim tipovima upravlja\u010da. Navlaka za volan pobolj\u0161ava kontrolu nad vozilom, sprje\u010dava klizanje rukama preko volana. Otvorena unutra\u0161nja strana navlake brzo i jednostavno se postavlja.<\/p>\n","protected":false},"featured_media":793045936,"comment_status":"open","ping_status":"closed","template":"","meta":{"_acf_changed":false,"inline_featured_image":false},"product_brand":[],"product_cat":[77],"product_tag":[],"class_list":{"0":"post-105332","1":"product","2":"type-product","3":"status-publish","4":"has-post-thumbnail","6":"product_cat-navlake-volana-i-kugle-za-volan","8":"first","9":"instock","10":"taxable","11":"shipping-taxable","12":"purchasable","13":"product-type-simple"},"acf":[],"custom_product_id":"3874","_links":{"self":[{"href":"https:\/\/autostil.ba\/maloprodaja\/wp-json\/wp\/v2\/product\/105332","targetHints":{"allow":["GET"]}}],"collection":[{"href":"https:\/\/autostil.ba\/maloprodaja\/wp-json\/wp\/v2\/product"}],"about":[{"href":"https:\/\/autostil.ba\/maloprodaja\/wp-json\/wp\/v2\/types\/product"}],"replies":[{"embeddable":true,"href":"https:\/\/autostil.ba\/maloprodaja\/wp-json\/wp\/v2\/comments?post=105332"}],"version-history":[{"count":1,"href":"https:\/\/autostil.ba\/maloprodaja\/wp-json\/wp\/v2\/product\/105332\/revisions"}],"predecessor-version":[{"id":105334,"href":"https:\/\/autostil.ba\/maloprodaja\/wp-json\/wp\/v2\/product\/105332\/revisions\/105334"}],"wp:featuredmedia":[{"embeddable":true,"href":"https:\/\/autostil.ba\/maloprodaja\/wp-json\/wp\/v2\/media\/793045936"}],"wp:attachment":[{"href":"https:\/\/autostil.ba\/maloprodaja\/wp-json\/wp\/v2\/media?parent=105332"}],"wp:term":[{"taxonomy":"product_brand","embeddable":true,"href":"https:\/\/autostil.ba\/maloprodaja\/wp-json\/wp\/v2\/product_brand?post=105332"},{"taxonomy":"product_cat","embeddable":true,"href":"https:\/\/autostil.ba\/maloprodaja\/wp-json\/wp\/v2\/product_cat?post=105332"},{"taxonomy":"product_tag","embeddable":true,"href":"https:\/\/autostil.ba\/maloprodaja\/wp-json\/wp\/v2\/product_tag?post=105332"}],"curies":[{"name":"wp","href":"https:\/\/api.w.org\/{rel}","templated":true}]}}