{"id":105302,"date":"2025-02-18T12:06:35","date_gmt":"2025-02-18T10:06:35","guid":{"rendered":"https:\/\/autostil.ba\/maloprodaja\/?post_type=product&#038;p=105302"},"modified":"2026-04-08T11:33:50","modified_gmt":"2026-04-08T09:33:50","slug":"stitnik-vrata-wave-zuti","status":"publish","type":"product","link":"https:\/\/autostil.ba\/maloprodaja\/proizvod\/6470\/stitnik-vrata-wave-zuti\/","title":{"rendered":"\u0160TITNIK VRATA WAVE \u017dUTI"},"content":{"rendered":"","protected":false},"excerpt":{"rendered":"<p>\u0160TITNIK VRATA WAVE \u017dUTI \u0160titnik vrata, \u017euta boja. Klizi do bo\u010dne ivice vrata, sprje\u010dava o\u0161te\u0107enje vrata. Opremljen je reflektorima za bolju vidljivost otvorenih vrata no\u0107u. Pakovanje od 2 kom.<\/p>\n","protected":false},"featured_media":105303,"comment_status":"open","ping_status":"closed","template":"","meta":{"_acf_changed":false,"inline_featured_image":false},"product_brand":[],"product_cat":[76],"product_tag":[],"class_list":{"0":"post-105302","1":"product","2":"type-product","3":"status-publish","4":"has-post-thumbnail","6":"product_cat-stitnici-za-vrata","8":"first","9":"instock","10":"taxable","11":"shipping-taxable","12":"purchasable","13":"product-type-simple"},"acf":[],"custom_product_id":"6470","_links":{"self":[{"href":"https:\/\/autostil.ba\/maloprodaja\/wp-json\/wp\/v2\/product\/105302","targetHints":{"allow":["GET"]}}],"collection":[{"href":"https:\/\/autostil.ba\/maloprodaja\/wp-json\/wp\/v2\/product"}],"about":[{"href":"https:\/\/autostil.ba\/maloprodaja\/wp-json\/wp\/v2\/types\/product"}],"replies":[{"embeddable":true,"href":"https:\/\/autostil.ba\/maloprodaja\/wp-json\/wp\/v2\/comments?post=105302"}],"version-history":[{"count":1,"href":"https:\/\/autostil.ba\/maloprodaja\/wp-json\/wp\/v2\/product\/105302\/revisions"}],"predecessor-version":[{"id":105304,"href":"https:\/\/autostil.ba\/maloprodaja\/wp-json\/wp\/v2\/product\/105302\/revisions\/105304"}],"wp:featuredmedia":[{"embeddable":true,"href":"https:\/\/autostil.ba\/maloprodaja\/wp-json\/wp\/v2\/media\/105303"}],"wp:attachment":[{"href":"https:\/\/autostil.ba\/maloprodaja\/wp-json\/wp\/v2\/media?parent=105302"}],"wp:term":[{"taxonomy":"product_brand","embeddable":true,"href":"https:\/\/autostil.ba\/maloprodaja\/wp-json\/wp\/v2\/product_brand?post=105302"},{"taxonomy":"product_cat","embeddable":true,"href":"https:\/\/autostil.ba\/maloprodaja\/wp-json\/wp\/v2\/product_cat?post=105302"},{"taxonomy":"product_tag","embeddable":true,"href":"https:\/\/autostil.ba\/maloprodaja\/wp-json\/wp\/v2\/product_tag?post=105302"}],"curies":[{"name":"wp","href":"https:\/\/api.w.org\/{rel}","templated":true}]}}