{"id":105282,"date":"0202-02-18T11:53:35","date_gmt":"0202-02-18T09:53:35","guid":{"rendered":"https:\/\/autostil.ba\/maloprodaja\/?post_type=product&#038;p=105282"},"modified":"2026-04-08T11:33:50","modified_gmt":"2026-04-08T09:33:50","slug":"navlaka-volana-rozmiar-37-39-cm","status":"publish","type":"product","link":"https:\/\/autostil.ba\/maloprodaja\/proizvod\/10712\/navlaka-volana-rozmiar-37-39-cm\/","title":{"rendered":"NAVLAKA VOLANA ROZMIAR 37-39 CM"},"content":{"rendered":"","protected":false},"excerpt":{"rendered":"<p>NAVLAKA VOLANA ROZMIAR 37-39 CM;<br \/>\nPoklopac za volan za univerzalnu upotrebu na svim vrstama volana. Poklopac volana pobolj\u0161ava upravljanje vozilom i spre\u010dava klizanje ruku po volanu. Poklopac volana na visokim temperaturama omogu\u0107ava ugodniji kontakt rukom sa upravlja\u010dem. Zahvaljuju\u0107i otvorenoj unutra\u0161njoj strani, poklopac se lako i brzo postavlja, veli\u010dina poklopca mora biti ista kao i pre\u010dnik volana. Navlake su dostupne u razli\u010ditim veli\u010dinama i kombinacijama boja.<\/p>\n","protected":false},"featured_media":105283,"comment_status":"open","ping_status":"closed","template":"","meta":{"_acf_changed":false,"inline_featured_image":false},"product_brand":[],"product_cat":[77],"product_tag":[],"class_list":{"0":"post-105282","1":"product","2":"type-product","3":"status-publish","4":"has-post-thumbnail","6":"product_cat-navlake-volana-i-kugle-za-volan","8":"first","9":"instock","10":"taxable","11":"shipping-taxable","12":"purchasable","13":"product-type-simple"},"acf":[],"custom_product_id":"10712","_links":{"self":[{"href":"https:\/\/autostil.ba\/maloprodaja\/wp-json\/wp\/v2\/product\/105282","targetHints":{"allow":["GET"]}}],"collection":[{"href":"https:\/\/autostil.ba\/maloprodaja\/wp-json\/wp\/v2\/product"}],"about":[{"href":"https:\/\/autostil.ba\/maloprodaja\/wp-json\/wp\/v2\/types\/product"}],"replies":[{"embeddable":true,"href":"https:\/\/autostil.ba\/maloprodaja\/wp-json\/wp\/v2\/comments?post=105282"}],"version-history":[{"count":1,"href":"https:\/\/autostil.ba\/maloprodaja\/wp-json\/wp\/v2\/product\/105282\/revisions"}],"predecessor-version":[{"id":105284,"href":"https:\/\/autostil.ba\/maloprodaja\/wp-json\/wp\/v2\/product\/105282\/revisions\/105284"}],"wp:featuredmedia":[{"embeddable":true,"href":"https:\/\/autostil.ba\/maloprodaja\/wp-json\/wp\/v2\/media\/105283"}],"wp:attachment":[{"href":"https:\/\/autostil.ba\/maloprodaja\/wp-json\/wp\/v2\/media?parent=105282"}],"wp:term":[{"taxonomy":"product_brand","embeddable":true,"href":"https:\/\/autostil.ba\/maloprodaja\/wp-json\/wp\/v2\/product_brand?post=105282"},{"taxonomy":"product_cat","embeddable":true,"href":"https:\/\/autostil.ba\/maloprodaja\/wp-json\/wp\/v2\/product_cat?post=105282"},{"taxonomy":"product_tag","embeddable":true,"href":"https:\/\/autostil.ba\/maloprodaja\/wp-json\/wp\/v2\/product_tag?post=105282"}],"curies":[{"name":"wp","href":"https:\/\/api.w.org\/{rel}","templated":true}]}}