{"id":105272,"date":"2025-02-18T11:54:34","date_gmt":"2025-02-18T09:54:34","guid":{"rendered":"https:\/\/autostil.ba\/maloprodaja\/?post_type=product&#038;p=105272"},"modified":"2026-04-08T11:33:50","modified_gmt":"2026-04-08T09:33:50","slug":"navlaka-volana-rozmiar-37-39cm-bijela","status":"publish","type":"product","link":"https:\/\/autostil.ba\/maloprodaja\/proizvod\/12740\/navlaka-volana-rozmiar-37-39cm-bijela\/","title":{"rendered":"NAVLAKA VOLANA ROZMIAR 37-39cm BIJELA"},"content":{"rendered":"","protected":false},"excerpt":{"rendered":"<p>Poklopac za volan za univerzalnu upotrebu na svim vrstama volana. Poklopac volana pobolj\u0161ava kontrolu vozila, spre\u010dava klizanje ruku po volanu. Poklopac volana omogu\u0107ava udobniji kontakt rukom sa volanom na visokim temperaturama. Zahvaljuju\u0107i otvorenoj unutra\u0161njoj strani, poklopac se lako i brzo postavlja, veli\u010dina poklopca mora biti ista kao i pre\u010dnik volana.<\/p>\n","protected":false},"featured_media":105273,"comment_status":"open","ping_status":"closed","template":"","meta":{"_acf_changed":false,"inline_featured_image":false},"product_brand":[],"product_cat":[77],"product_tag":[],"class_list":{"0":"post-105272","1":"product","2":"type-product","3":"status-publish","4":"has-post-thumbnail","6":"product_cat-navlake-volana-i-kugle-za-volan","8":"first","9":"instock","10":"taxable","11":"shipping-taxable","12":"purchasable","13":"product-type-simple"},"acf":[],"custom_product_id":"12740","_links":{"self":[{"href":"https:\/\/autostil.ba\/maloprodaja\/wp-json\/wp\/v2\/product\/105272","targetHints":{"allow":["GET"]}}],"collection":[{"href":"https:\/\/autostil.ba\/maloprodaja\/wp-json\/wp\/v2\/product"}],"about":[{"href":"https:\/\/autostil.ba\/maloprodaja\/wp-json\/wp\/v2\/types\/product"}],"replies":[{"embeddable":true,"href":"https:\/\/autostil.ba\/maloprodaja\/wp-json\/wp\/v2\/comments?post=105272"}],"version-history":[{"count":1,"href":"https:\/\/autostil.ba\/maloprodaja\/wp-json\/wp\/v2\/product\/105272\/revisions"}],"predecessor-version":[{"id":105274,"href":"https:\/\/autostil.ba\/maloprodaja\/wp-json\/wp\/v2\/product\/105272\/revisions\/105274"}],"wp:featuredmedia":[{"embeddable":true,"href":"https:\/\/autostil.ba\/maloprodaja\/wp-json\/wp\/v2\/media\/105273"}],"wp:attachment":[{"href":"https:\/\/autostil.ba\/maloprodaja\/wp-json\/wp\/v2\/media?parent=105272"}],"wp:term":[{"taxonomy":"product_brand","embeddable":true,"href":"https:\/\/autostil.ba\/maloprodaja\/wp-json\/wp\/v2\/product_brand?post=105272"},{"taxonomy":"product_cat","embeddable":true,"href":"https:\/\/autostil.ba\/maloprodaja\/wp-json\/wp\/v2\/product_cat?post=105272"},{"taxonomy":"product_tag","embeddable":true,"href":"https:\/\/autostil.ba\/maloprodaja\/wp-json\/wp\/v2\/product_tag?post=105272"}],"curies":[{"name":"wp","href":"https:\/\/api.w.org\/{rel}","templated":true}]}}