{"id":105262,"date":"2025-12-24T15:08:34","date_gmt":"2025-12-24T13:08:34","guid":{"rendered":"https:\/\/autostil.ba\/maloprodaja\/?post_type=product&#038;p=105262"},"modified":"2026-04-08T11:33:50","modified_gmt":"2026-04-08T09:33:50","slug":"mjerac-jacine-permanta-max","status":"publish","type":"product","link":"https:\/\/autostil.ba\/maloprodaja\/proizvod\/6064\/mjerac-jacine-permanta-max\/","title":{"rendered":"MJERA\u010c JA\u010cINE PERMANTA MAX"},"content":{"rendered":"","protected":false},"excerpt":{"rendered":"<p>MJERA\u010c JA\u010cINE PERMANTA MAX Mjera\u010d ja\u010dine permanta je dizajniran za procjenu zamrzavanja te\u010dnosti u sistemu hla\u0111enja motora. Koristi se za dijagnostiku i redovne preglede. Olak\u0161ava odlu\u010divanje o potrebi izmjene rashladnih te\u010dnosti i odre\u0111ivanje parametara hla\u0111enja u sistemu. Mo\u017ee se koristiti za mjerenje hladne i vru\u0107e te\u010dnosti.<\/p>\n","protected":false},"featured_media":105263,"comment_status":"open","ping_status":"closed","template":"","meta":{"_acf_changed":false,"inline_featured_image":false},"product_brand":[],"product_cat":[181],"product_tag":[],"class_list":{"0":"post-105262","1":"product","2":"type-product","3":"status-publish","4":"has-post-thumbnail","6":"product_cat-mjeraci-rashladne-tecnosti","8":"first","9":"instock","10":"taxable","11":"shipping-taxable","12":"purchasable","13":"product-type-simple"},"acf":[],"custom_product_id":"6064","_links":{"self":[{"href":"https:\/\/autostil.ba\/maloprodaja\/wp-json\/wp\/v2\/product\/105262","targetHints":{"allow":["GET"]}}],"collection":[{"href":"https:\/\/autostil.ba\/maloprodaja\/wp-json\/wp\/v2\/product"}],"about":[{"href":"https:\/\/autostil.ba\/maloprodaja\/wp-json\/wp\/v2\/types\/product"}],"replies":[{"embeddable":true,"href":"https:\/\/autostil.ba\/maloprodaja\/wp-json\/wp\/v2\/comments?post=105262"}],"version-history":[{"count":1,"href":"https:\/\/autostil.ba\/maloprodaja\/wp-json\/wp\/v2\/product\/105262\/revisions"}],"predecessor-version":[{"id":105264,"href":"https:\/\/autostil.ba\/maloprodaja\/wp-json\/wp\/v2\/product\/105262\/revisions\/105264"}],"wp:featuredmedia":[{"embeddable":true,"href":"https:\/\/autostil.ba\/maloprodaja\/wp-json\/wp\/v2\/media\/105263"}],"wp:attachment":[{"href":"https:\/\/autostil.ba\/maloprodaja\/wp-json\/wp\/v2\/media?parent=105262"}],"wp:term":[{"taxonomy":"product_brand","embeddable":true,"href":"https:\/\/autostil.ba\/maloprodaja\/wp-json\/wp\/v2\/product_brand?post=105262"},{"taxonomy":"product_cat","embeddable":true,"href":"https:\/\/autostil.ba\/maloprodaja\/wp-json\/wp\/v2\/product_cat?post=105262"},{"taxonomy":"product_tag","embeddable":true,"href":"https:\/\/autostil.ba\/maloprodaja\/wp-json\/wp\/v2\/product_tag?post=105262"}],"curies":[{"name":"wp","href":"https:\/\/api.w.org\/{rel}","templated":true}]}}