{"id":105242,"date":"2024-07-18T08:04:33","date_gmt":"2024-07-18T08:04:33","guid":{"rendered":"https:\/\/autostil.ba\/maloprodaja\/?post_type=product&#038;p=105242"},"modified":"2026-04-08T11:33:45","modified_gmt":"2026-04-08T09:33:45","slug":"nosac-za-navigaciju-max-0305","status":"publish","type":"product","link":"https:\/\/autostil.ba\/maloprodaja\/proizvod\/958\/nosac-za-navigaciju-max-0305\/","title":{"rendered":"NOSA\u010c ZA NAVIGACIJU MAX 0305"},"content":{"rendered":"","protected":false},"excerpt":{"rendered":"<p>NOSA\u010c ZA NAVIGACIJU MAX 0305 Univerzalni nosa\u010d  za navigaciju ili mobilni telefon. Zaka\u010dite  na re\u0161etku za ventilaciju ili zalijepite na staklo i  pri\u010dvrstite usisnom \u010da\u0161om. Maksimalna \u0161irina: 120 mm, min. smanjivanje : 38 mm. Visina nosa\u010da: 90 mm. Izra\u0111en je od plastike , crna boja.<\/p>\n","protected":false},"featured_media":105243,"comment_status":"open","ping_status":"closed","template":"","meta":{"_acf_changed":false,"inline_featured_image":false},"product_brand":[],"product_cat":[105],"product_tag":[],"class_list":{"0":"post-105242","1":"product","2":"type-product","3":"status-publish","4":"has-post-thumbnail","6":"product_cat-nosaci-mobitela-tableta-navigacije","8":"first","9":"instock","10":"taxable","11":"shipping-taxable","12":"purchasable","13":"product-type-simple"},"acf":[],"custom_product_id":"958","_links":{"self":[{"href":"https:\/\/autostil.ba\/maloprodaja\/wp-json\/wp\/v2\/product\/105242","targetHints":{"allow":["GET"]}}],"collection":[{"href":"https:\/\/autostil.ba\/maloprodaja\/wp-json\/wp\/v2\/product"}],"about":[{"href":"https:\/\/autostil.ba\/maloprodaja\/wp-json\/wp\/v2\/types\/product"}],"replies":[{"embeddable":true,"href":"https:\/\/autostil.ba\/maloprodaja\/wp-json\/wp\/v2\/comments?post=105242"}],"version-history":[{"count":1,"href":"https:\/\/autostil.ba\/maloprodaja\/wp-json\/wp\/v2\/product\/105242\/revisions"}],"predecessor-version":[{"id":105244,"href":"https:\/\/autostil.ba\/maloprodaja\/wp-json\/wp\/v2\/product\/105242\/revisions\/105244"}],"wp:featuredmedia":[{"embeddable":true,"href":"https:\/\/autostil.ba\/maloprodaja\/wp-json\/wp\/v2\/media\/105243"}],"wp:attachment":[{"href":"https:\/\/autostil.ba\/maloprodaja\/wp-json\/wp\/v2\/media?parent=105242"}],"wp:term":[{"taxonomy":"product_brand","embeddable":true,"href":"https:\/\/autostil.ba\/maloprodaja\/wp-json\/wp\/v2\/product_brand?post=105242"},{"taxonomy":"product_cat","embeddable":true,"href":"https:\/\/autostil.ba\/maloprodaja\/wp-json\/wp\/v2\/product_cat?post=105242"},{"taxonomy":"product_tag","embeddable":true,"href":"https:\/\/autostil.ba\/maloprodaja\/wp-json\/wp\/v2\/product_tag?post=105242"}],"curies":[{"name":"wp","href":"https:\/\/api.w.org\/{rel}","templated":true}]}}