{"id":105232,"date":"2024-07-18T08:04:32","date_gmt":"2024-07-18T06:04:32","guid":{"rendered":"https:\/\/autostil.ba\/maloprodaja\/?post_type=product&#038;p=105232"},"modified":"2026-04-24T16:00:32","modified_gmt":"2026-04-24T14:00:32","slug":"parking-senzori-max-crni-4-senzora","status":"publish","type":"product","link":"https:\/\/autostil.ba\/maloprodaja\/proizvod\/6349\/parking-senzori-max-crni-4-senzora\/","title":{"rendered":"PARKING SENZORI MAX CRNI 4 SENZORA"},"content":{"rendered":"","protected":false},"excerpt":{"rendered":"<p>PARKING SENZORI MAX CRNI 4 SENZORA Parking senzori za lak\u0161e i sigurnije parkiranje. Senzori se ugra\u0111uju u zadnji branik. Senzori djeluju na sonarnom principu oda\u0161ilju ultrazvu\u010dne valove koji se nakon refleksije od prepreke vra\u0107aju i senzor za parkiranje na temelju vremena reakcije procjenjuje udaljenost od prepreke. Senzori su udubljeni i ne str\u0161e. Kod otkrivanja udaljenosti od prepreke koristi se zvu\u010dna signalizacija kao i LED displej koji prikazuje udaljenost od prepreke. Istovremeno na ekranu se pokazuje gde se prepreka nalazi. Uklju\u010dena je i glodalica za bu\u0161enje koja slu\u017ei za bu\u0161enje rupa na odbojniku i odstojnika kako bi se omogu\u0107ilo naginjanje ili poravnavanje senzora po potrebi. Specifikacije: prikaz i signalizacija: LED \/ Audio, napon napajanja: 12V DC, ja\u010dina signala: 70db. Maks. zabilje\u017eena udaljenost od prepreke: 1,8m, zabilje\u017eena nulta prepreka: 0,3m Paket uklju\u010duje: 1x kontrolna jedinica, 4x parking senzor, 1 x displej, 1x bu\u0161ilica i uputstvo za upotrebu.<\/p>\n","protected":false},"featured_media":105233,"comment_status":"open","ping_status":"closed","template":"","meta":{"_acf_changed":false,"inline_featured_image":false},"product_brand":[],"product_cat":[137],"product_tag":[],"class_list":{"0":"post-105232","1":"product","2":"type-product","3":"status-publish","4":"has-post-thumbnail","6":"product_cat-parking-senzori","8":"first","9":"instock","10":"taxable","11":"shipping-taxable","12":"purchasable","13":"product-type-simple"},"acf":[],"custom_product_id":"6349","_links":{"self":[{"href":"https:\/\/autostil.ba\/maloprodaja\/wp-json\/wp\/v2\/product\/105232","targetHints":{"allow":["GET"]}}],"collection":[{"href":"https:\/\/autostil.ba\/maloprodaja\/wp-json\/wp\/v2\/product"}],"about":[{"href":"https:\/\/autostil.ba\/maloprodaja\/wp-json\/wp\/v2\/types\/product"}],"replies":[{"embeddable":true,"href":"https:\/\/autostil.ba\/maloprodaja\/wp-json\/wp\/v2\/comments?post=105232"}],"version-history":[{"count":1,"href":"https:\/\/autostil.ba\/maloprodaja\/wp-json\/wp\/v2\/product\/105232\/revisions"}],"predecessor-version":[{"id":105234,"href":"https:\/\/autostil.ba\/maloprodaja\/wp-json\/wp\/v2\/product\/105232\/revisions\/105234"}],"wp:featuredmedia":[{"embeddable":true,"href":"https:\/\/autostil.ba\/maloprodaja\/wp-json\/wp\/v2\/media\/105233"}],"wp:attachment":[{"href":"https:\/\/autostil.ba\/maloprodaja\/wp-json\/wp\/v2\/media?parent=105232"}],"wp:term":[{"taxonomy":"product_brand","embeddable":true,"href":"https:\/\/autostil.ba\/maloprodaja\/wp-json\/wp\/v2\/product_brand?post=105232"},{"taxonomy":"product_cat","embeddable":true,"href":"https:\/\/autostil.ba\/maloprodaja\/wp-json\/wp\/v2\/product_cat?post=105232"},{"taxonomy":"product_tag","embeddable":true,"href":"https:\/\/autostil.ba\/maloprodaja\/wp-json\/wp\/v2\/product_tag?post=105232"}],"curies":[{"name":"wp","href":"https:\/\/api.w.org\/{rel}","templated":true}]}}