{"id":105222,"date":"2025-12-24T14:51:32","date_gmt":"2025-12-24T12:51:32","guid":{"rendered":"https:\/\/autostil.ba\/maloprodaja\/?post_type=product&#038;p=105222"},"modified":"2026-04-08T11:33:45","modified_gmt":"2026-04-08T09:33:45","slug":"navlaka-za-sjedalo-sa-grijacem-max","status":"publish","type":"product","link":"https:\/\/autostil.ba\/maloprodaja\/proizvod\/10225\/navlaka-za-sjedalo-sa-grijacem-max\/","title":{"rendered":"NAVLAKA ZA SJEDALO SA GRIJA\u010cEM MAX"},"content":{"rendered":"","protected":false},"excerpt":{"rendered":"<p>Oblikovan i univerzalan pogodan za sve tipove vozila; Podloga za grijanje sjedala Warm Up pru\u017ea toplinu u va\u0161em automobilu i pobolj\u0161ava kvalitetu vo\u017enje. Samo ga morate uklju\u010diti i grija\u010d sjedi\u0161ta pru\u017ea vrhunsku toplinu.<\/p>\n<p>Lako reguli\u0161ite temperaturu pomo\u0107u regulacionog prekida\u010da i u\u017eivajte u udobnom putovanju.<\/p>\n<p>Podlogu za grijanje sedi\u0161ta Warm Up mo\u017eete bez napora i lako pri\u010dvrstiti u automobil. Jastu\u010di\u0107 za grijanje se mo\u017ee fiksirati elasti\u010dnim om\u010dama, a napajanje radi sa uti\u010dnicom u va\u0161em automobilu (12V). Samo ga morate uklju\u010diti i grija\u010d sjedi\u0161ta pru\u017ea vrhunsku toplinu.<\/p>\n<p>Uputstvo za upotrebu:<br \/>\nRasklopite presvlaku na sjedi\u0161tu i pri\u010dvrstite dio naslona za naslon za le\u0111a pomo\u0107u gumene trake. Navlake \u010dine du\u017ee sjedenje ugodnijim jer je prozra\u010dna i ima efekat masa\u017ee.<\/p>\n","protected":false},"featured_media":793045903,"comment_status":"open","ping_status":"closed","template":"","meta":{"_acf_changed":false,"inline_featured_image":false},"product_brand":[],"product_cat":[136],"product_tag":[],"class_list":{"0":"post-105222","1":"product","2":"type-product","3":"status-publish","4":"has-post-thumbnail","6":"product_cat-navlake-za-sjedala","8":"first","9":"instock","10":"taxable","11":"shipping-taxable","12":"purchasable","13":"product-type-simple"},"acf":[],"custom_product_id":"10225","_links":{"self":[{"href":"https:\/\/autostil.ba\/maloprodaja\/wp-json\/wp\/v2\/product\/105222","targetHints":{"allow":["GET"]}}],"collection":[{"href":"https:\/\/autostil.ba\/maloprodaja\/wp-json\/wp\/v2\/product"}],"about":[{"href":"https:\/\/autostil.ba\/maloprodaja\/wp-json\/wp\/v2\/types\/product"}],"replies":[{"embeddable":true,"href":"https:\/\/autostil.ba\/maloprodaja\/wp-json\/wp\/v2\/comments?post=105222"}],"version-history":[{"count":1,"href":"https:\/\/autostil.ba\/maloprodaja\/wp-json\/wp\/v2\/product\/105222\/revisions"}],"predecessor-version":[{"id":105224,"href":"https:\/\/autostil.ba\/maloprodaja\/wp-json\/wp\/v2\/product\/105222\/revisions\/105224"}],"wp:featuredmedia":[{"embeddable":true,"href":"https:\/\/autostil.ba\/maloprodaja\/wp-json\/wp\/v2\/media\/793045903"}],"wp:attachment":[{"href":"https:\/\/autostil.ba\/maloprodaja\/wp-json\/wp\/v2\/media?parent=105222"}],"wp:term":[{"taxonomy":"product_brand","embeddable":true,"href":"https:\/\/autostil.ba\/maloprodaja\/wp-json\/wp\/v2\/product_brand?post=105222"},{"taxonomy":"product_cat","embeddable":true,"href":"https:\/\/autostil.ba\/maloprodaja\/wp-json\/wp\/v2\/product_cat?post=105222"},{"taxonomy":"product_tag","embeddable":true,"href":"https:\/\/autostil.ba\/maloprodaja\/wp-json\/wp\/v2\/product_tag?post=105222"}],"curies":[{"name":"wp","href":"https:\/\/api.w.org\/{rel}","templated":true}]}}