{"id":105212,"date":"2024-12-04T10:06:31","date_gmt":"2024-12-04T08:06:31","guid":{"rendered":"https:\/\/autostil.ba\/maloprodaja\/?post_type=product&#038;p=105212"},"modified":"2026-04-08T11:33:45","modified_gmt":"2026-04-08T09:33:45","slug":"cistac-leda-sa-metlicom-max-0527","status":"publish","type":"product","link":"https:\/\/autostil.ba\/maloprodaja\/proizvod\/1861\/cistac-leda-sa-metlicom-max-0527\/","title":{"rendered":"\u010cISTAC LEDA SA METLICOM (DU\u017dINA 60cm)"},"content":{"rendered":"","protected":false},"excerpt":{"rendered":"<p>Plasti\u010dni \u010dista\u010d leda sa dugom aluminijumskom ru\u010dkom i metlicom.<br \/>\nDuga aluminijumska ru\u010dka osigurava \u010distu i udaljenu radnu povr\u0161inu. Mogu\u0107nost \u010di\u0161\u0107enja ne samo od leda, ve\u0107 i snijega. Odli\u010dan pomaga\u010d u automobilu tokom zimskih mjeseci.<br \/>\nDu\u017eina 60cm.<\/p>\n","protected":false},"featured_media":793047491,"comment_status":"open","ping_status":"closed","template":"","meta":{"_acf_changed":false,"inline_featured_image":false},"product_brand":[],"product_cat":[107],"product_tag":[],"class_list":{"0":"post-105212","1":"product","2":"type-product","3":"status-publish","4":"has-post-thumbnail","6":"product_cat-cistaci-za-snijeg-i-led","8":"first","9":"instock","10":"taxable","11":"shipping-taxable","12":"purchasable","13":"product-type-simple"},"acf":[],"custom_product_id":"1861","_links":{"self":[{"href":"https:\/\/autostil.ba\/maloprodaja\/wp-json\/wp\/v2\/product\/105212","targetHints":{"allow":["GET"]}}],"collection":[{"href":"https:\/\/autostil.ba\/maloprodaja\/wp-json\/wp\/v2\/product"}],"about":[{"href":"https:\/\/autostil.ba\/maloprodaja\/wp-json\/wp\/v2\/types\/product"}],"replies":[{"embeddable":true,"href":"https:\/\/autostil.ba\/maloprodaja\/wp-json\/wp\/v2\/comments?post=105212"}],"version-history":[{"count":3,"href":"https:\/\/autostil.ba\/maloprodaja\/wp-json\/wp\/v2\/product\/105212\/revisions"}],"predecessor-version":[{"id":793048015,"href":"https:\/\/autostil.ba\/maloprodaja\/wp-json\/wp\/v2\/product\/105212\/revisions\/793048015"}],"wp:featuredmedia":[{"embeddable":true,"href":"https:\/\/autostil.ba\/maloprodaja\/wp-json\/wp\/v2\/media\/793047491"}],"wp:attachment":[{"href":"https:\/\/autostil.ba\/maloprodaja\/wp-json\/wp\/v2\/media?parent=105212"}],"wp:term":[{"taxonomy":"product_brand","embeddable":true,"href":"https:\/\/autostil.ba\/maloprodaja\/wp-json\/wp\/v2\/product_brand?post=105212"},{"taxonomy":"product_cat","embeddable":true,"href":"https:\/\/autostil.ba\/maloprodaja\/wp-json\/wp\/v2\/product_cat?post=105212"},{"taxonomy":"product_tag","embeddable":true,"href":"https:\/\/autostil.ba\/maloprodaja\/wp-json\/wp\/v2\/product_tag?post=105212"}],"curies":[{"name":"wp","href":"https:\/\/api.w.org\/{rel}","templated":true}]}}