{"id":105192,"date":"2024-07-18T08:04:31","date_gmt":"2024-07-18T06:04:31","guid":{"rendered":"https:\/\/autostil.ba\/maloprodaja\/?post_type=product&#038;p=105192"},"modified":"2026-04-08T11:33:45","modified_gmt":"2026-04-08T09:33:45","slug":"brisac-za-skidanje-vode-silikonski-max","status":"publish","type":"product","link":"https:\/\/autostil.ba\/maloprodaja\/proizvod\/445\/brisac-za-skidanje-vode-silikonski-max\/","title":{"rendered":"BRISA\u010c ZA SKIDANJE VODE SILIKONSKI MAX"},"content":{"rendered":"","protected":false},"excerpt":{"rendered":"<p>BRISA\u010c ZA SKIDANJE VODE SILIKONSKI MAX Brisa\u010d za skidanje vode izvla\u010di bilo koju glatku povr\u0161inu bez upotrebe ru\u010dke brzo i efikasno. Nakon pranja, va\u0161 automobil \u0107ete idealno i brzo rije\u0161iti vlage. Mekani silikonski rub, uspje\u0161no uklanja kapljice vode s karoserije, ostavljaju\u0107i povr\u0161inu gotovo suhom i bez zaprljanja. Zahvaljuju\u0107i svojoj mekoj ivici ima 15x manje trenja i izvrsno reprodukuje hrapavu povr\u0161inu karoserije.<\/p>\n","protected":false},"featured_media":105193,"comment_status":"open","ping_status":"closed","template":"","meta":{"_acf_changed":false,"inline_featured_image":false},"product_brand":[],"product_cat":[73],"product_tag":[],"class_list":{"0":"post-105192","1":"product","2":"type-product","3":"status-publish","4":"has-post-thumbnail","6":"product_cat-sredstva-za-pranje-i-odrzavanje","8":"first","9":"instock","10":"taxable","11":"shipping-taxable","12":"purchasable","13":"product-type-simple"},"acf":[],"custom_product_id":"445","_links":{"self":[{"href":"https:\/\/autostil.ba\/maloprodaja\/wp-json\/wp\/v2\/product\/105192","targetHints":{"allow":["GET"]}}],"collection":[{"href":"https:\/\/autostil.ba\/maloprodaja\/wp-json\/wp\/v2\/product"}],"about":[{"href":"https:\/\/autostil.ba\/maloprodaja\/wp-json\/wp\/v2\/types\/product"}],"replies":[{"embeddable":true,"href":"https:\/\/autostil.ba\/maloprodaja\/wp-json\/wp\/v2\/comments?post=105192"}],"version-history":[{"count":1,"href":"https:\/\/autostil.ba\/maloprodaja\/wp-json\/wp\/v2\/product\/105192\/revisions"}],"predecessor-version":[{"id":105194,"href":"https:\/\/autostil.ba\/maloprodaja\/wp-json\/wp\/v2\/product\/105192\/revisions\/105194"}],"wp:featuredmedia":[{"embeddable":true,"href":"https:\/\/autostil.ba\/maloprodaja\/wp-json\/wp\/v2\/media\/105193"}],"wp:attachment":[{"href":"https:\/\/autostil.ba\/maloprodaja\/wp-json\/wp\/v2\/media?parent=105192"}],"wp:term":[{"taxonomy":"product_brand","embeddable":true,"href":"https:\/\/autostil.ba\/maloprodaja\/wp-json\/wp\/v2\/product_brand?post=105192"},{"taxonomy":"product_cat","embeddable":true,"href":"https:\/\/autostil.ba\/maloprodaja\/wp-json\/wp\/v2\/product_cat?post=105192"},{"taxonomy":"product_tag","embeddable":true,"href":"https:\/\/autostil.ba\/maloprodaja\/wp-json\/wp\/v2\/product_tag?post=105192"}],"curies":[{"name":"wp","href":"https:\/\/api.w.org\/{rel}","templated":true}]}}