{"id":105162,"date":"2024-07-18T08:04:30","date_gmt":"2024-07-18T06:04:30","guid":{"rendered":"https:\/\/autostil.ba\/maloprodaja\/?post_type=product&#038;p=105162"},"modified":"2026-04-23T16:00:43","modified_gmt":"2026-04-23T14:00:43","slug":"krpa-mikrofiber-max","status":"publish","type":"product","link":"https:\/\/autostil.ba\/maloprodaja\/proizvod\/6328\/krpa-mikrofiber-max\/","title":{"rendered":"KRPA MIKROFIBER MAX"},"content":{"rendered":"","protected":false},"excerpt":{"rendered":"<p>KRPA MIKROFIBER MAX Ova mikrofiber krpa za stakla automobila spada u osnovne proizvode iz auto kozmetike. Koristi se za odr\u017eavanje automobila i stakla sa unutra\u0161nje i spolja\u0161nje strane. Mikrofiber krpa slu\u017ei za pranje i brisanje povr\u0161ina s velikim kapacitetom prihvata vode. Dugotrajna, jednostavna, odli\u010dna za \u010di\u0161\u0107enje stakala. Dimenzije 35&#215;35 cm. U pakovanju se nalaze 3 kom.<\/p>\n","protected":false},"featured_media":105163,"comment_status":"open","ping_status":"closed","template":"","meta":{"_acf_changed":false,"inline_featured_image":false},"product_brand":[],"product_cat":[79],"product_tag":[],"class_list":{"0":"post-105162","1":"product","2":"type-product","3":"status-publish","4":"has-post-thumbnail","6":"product_cat-krpe-za-njegu-vozila","8":"first","9":"instock","10":"taxable","11":"shipping-taxable","12":"purchasable","13":"product-type-simple"},"acf":[],"custom_product_id":"6328","_links":{"self":[{"href":"https:\/\/autostil.ba\/maloprodaja\/wp-json\/wp\/v2\/product\/105162","targetHints":{"allow":["GET"]}}],"collection":[{"href":"https:\/\/autostil.ba\/maloprodaja\/wp-json\/wp\/v2\/product"}],"about":[{"href":"https:\/\/autostil.ba\/maloprodaja\/wp-json\/wp\/v2\/types\/product"}],"replies":[{"embeddable":true,"href":"https:\/\/autostil.ba\/maloprodaja\/wp-json\/wp\/v2\/comments?post=105162"}],"version-history":[{"count":1,"href":"https:\/\/autostil.ba\/maloprodaja\/wp-json\/wp\/v2\/product\/105162\/revisions"}],"predecessor-version":[{"id":105164,"href":"https:\/\/autostil.ba\/maloprodaja\/wp-json\/wp\/v2\/product\/105162\/revisions\/105164"}],"wp:featuredmedia":[{"embeddable":true,"href":"https:\/\/autostil.ba\/maloprodaja\/wp-json\/wp\/v2\/media\/105163"}],"wp:attachment":[{"href":"https:\/\/autostil.ba\/maloprodaja\/wp-json\/wp\/v2\/media?parent=105162"}],"wp:term":[{"taxonomy":"product_brand","embeddable":true,"href":"https:\/\/autostil.ba\/maloprodaja\/wp-json\/wp\/v2\/product_brand?post=105162"},{"taxonomy":"product_cat","embeddable":true,"href":"https:\/\/autostil.ba\/maloprodaja\/wp-json\/wp\/v2\/product_cat?post=105162"},{"taxonomy":"product_tag","embeddable":true,"href":"https:\/\/autostil.ba\/maloprodaja\/wp-json\/wp\/v2\/product_tag?post=105162"}],"curies":[{"name":"wp","href":"https:\/\/api.w.org\/{rel}","templated":true}]}}