{"id":105152,"date":"2024-10-23T14:48:29","date_gmt":"2024-10-23T12:48:29","guid":{"rendered":"https:\/\/autostil.ba\/maloprodaja\/?post_type=product&#038;p=105152"},"modified":"2026-04-08T11:33:39","modified_gmt":"2026-04-08T09:33:39","slug":"osiguraci-ubodni-mini-10-kom-za-japanska-vozila","status":"publish","type":"product","link":"https:\/\/autostil.ba\/maloprodaja\/proizvod\/7273\/osiguraci-ubodni-mini-10-kom-za-japanska-vozila\/","title":{"rendered":"OSIGURA\u010cI UBODNI MINI 10 kom ZA JAPANSKA VOZILA"},"content":{"rendered":"","protected":false},"excerpt":{"rendered":"<p>OSIGURA\u010cI UBODNI MINI 10 kom ZA JAPANSKA VOZILA Set od 10 komada mini ubodnih osigura\u010da niskog profila za upotrebu u automobilu max. 24 V. Koriste se kao trenutna za\u0161tita od preoptere\u0107enja za pojedina\u010dne elektri\u010dne krugove vozila.<br \/>\nSadr\u017eaj paketa: 5A, 7,5A, 2x 10A, 2x 15A, 2x 20A, 25A, 30A<\/p>\n","protected":false},"featured_media":793045913,"comment_status":"open","ping_status":"closed","template":"","meta":{"_acf_changed":false,"inline_featured_image":false},"product_brand":[],"product_cat":[84],"product_tag":[],"class_list":{"0":"post-105152","1":"product","2":"type-product","3":"status-publish","4":"has-post-thumbnail","6":"product_cat-osiguraci-za-auto","8":"first","9":"instock","10":"taxable","11":"shipping-taxable","12":"purchasable","13":"product-type-simple"},"acf":[],"custom_product_id":"7273","_links":{"self":[{"href":"https:\/\/autostil.ba\/maloprodaja\/wp-json\/wp\/v2\/product\/105152","targetHints":{"allow":["GET"]}}],"collection":[{"href":"https:\/\/autostil.ba\/maloprodaja\/wp-json\/wp\/v2\/product"}],"about":[{"href":"https:\/\/autostil.ba\/maloprodaja\/wp-json\/wp\/v2\/types\/product"}],"replies":[{"embeddable":true,"href":"https:\/\/autostil.ba\/maloprodaja\/wp-json\/wp\/v2\/comments?post=105152"}],"version-history":[{"count":1,"href":"https:\/\/autostil.ba\/maloprodaja\/wp-json\/wp\/v2\/product\/105152\/revisions"}],"predecessor-version":[{"id":105154,"href":"https:\/\/autostil.ba\/maloprodaja\/wp-json\/wp\/v2\/product\/105152\/revisions\/105154"}],"wp:featuredmedia":[{"embeddable":true,"href":"https:\/\/autostil.ba\/maloprodaja\/wp-json\/wp\/v2\/media\/793045913"}],"wp:attachment":[{"href":"https:\/\/autostil.ba\/maloprodaja\/wp-json\/wp\/v2\/media?parent=105152"}],"wp:term":[{"taxonomy":"product_brand","embeddable":true,"href":"https:\/\/autostil.ba\/maloprodaja\/wp-json\/wp\/v2\/product_brand?post=105152"},{"taxonomy":"product_cat","embeddable":true,"href":"https:\/\/autostil.ba\/maloprodaja\/wp-json\/wp\/v2\/product_cat?post=105152"},{"taxonomy":"product_tag","embeddable":true,"href":"https:\/\/autostil.ba\/maloprodaja\/wp-json\/wp\/v2\/product_tag?post=105152"}],"curies":[{"name":"wp","href":"https:\/\/api.w.org\/{rel}","templated":true}]}}