{"id":105062,"date":"2025-12-24T15:00:24","date_gmt":"2025-12-24T13:00:24","guid":{"rendered":"https:\/\/autostil.ba\/maloprodaja\/?post_type=product&#038;p=105062"},"modified":"2026-04-24T10:00:41","modified_gmt":"2026-04-24T08:00:41","slug":"dzek-za-sijalicu-h7-keramicki-sa-kablom","status":"publish","type":"product","link":"https:\/\/autostil.ba\/maloprodaja\/proizvod\/10711\/dzek-za-sijalicu-h7-keramicki-sa-kablom\/","title":{"rendered":"D\u017dEK ZA SIJALICU H7 KERAMI\u010cKI SA KABLOM"},"content":{"rendered":"","protected":false},"excerpt":{"rendered":"<p>D\u017dEK ZA SIJALICU H7 KERAMI\u010cKI SA KABLOM;<br \/>\nL-tip kerami\u010dki konektor (uti\u010dnica) za halogene sijalice H7 12V ili 24V.<br \/>\nDizajniran za vi\u0161e temperature.<br \/>\nPakovanje sadr\u017ei 2 kom.<br \/>\nDu\u017eina kabla cca 15 cm.<\/p>\n","protected":false},"featured_media":105063,"comment_status":"open","ping_status":"closed","template":"","meta":{"_acf_changed":false,"inline_featured_image":false},"product_brand":[],"product_cat":[57],"product_tag":[],"class_list":{"0":"post-105062","1":"product","2":"type-product","3":"status-publish","4":"has-post-thumbnail","6":"product_cat-dzekovi-grla-instalacije-ponistavaci-greske","8":"first","9":"instock","10":"taxable","11":"shipping-taxable","12":"purchasable","13":"product-type-simple"},"acf":[],"custom_product_id":"10711","_links":{"self":[{"href":"https:\/\/autostil.ba\/maloprodaja\/wp-json\/wp\/v2\/product\/105062","targetHints":{"allow":["GET"]}}],"collection":[{"href":"https:\/\/autostil.ba\/maloprodaja\/wp-json\/wp\/v2\/product"}],"about":[{"href":"https:\/\/autostil.ba\/maloprodaja\/wp-json\/wp\/v2\/types\/product"}],"replies":[{"embeddable":true,"href":"https:\/\/autostil.ba\/maloprodaja\/wp-json\/wp\/v2\/comments?post=105062"}],"version-history":[{"count":2,"href":"https:\/\/autostil.ba\/maloprodaja\/wp-json\/wp\/v2\/product\/105062\/revisions"}],"predecessor-version":[{"id":793049555,"href":"https:\/\/autostil.ba\/maloprodaja\/wp-json\/wp\/v2\/product\/105062\/revisions\/793049555"}],"wp:featuredmedia":[{"embeddable":true,"href":"https:\/\/autostil.ba\/maloprodaja\/wp-json\/wp\/v2\/media\/105063"}],"wp:attachment":[{"href":"https:\/\/autostil.ba\/maloprodaja\/wp-json\/wp\/v2\/media?parent=105062"}],"wp:term":[{"taxonomy":"product_brand","embeddable":true,"href":"https:\/\/autostil.ba\/maloprodaja\/wp-json\/wp\/v2\/product_brand?post=105062"},{"taxonomy":"product_cat","embeddable":true,"href":"https:\/\/autostil.ba\/maloprodaja\/wp-json\/wp\/v2\/product_cat?post=105062"},{"taxonomy":"product_tag","embeddable":true,"href":"https:\/\/autostil.ba\/maloprodaja\/wp-json\/wp\/v2\/product_tag?post=105062"}],"curies":[{"name":"wp","href":"https:\/\/api.w.org\/{rel}","templated":true}]}}