{"id":105022,"date":"2025-10-17T14:43:22","date_gmt":"2025-10-17T12:43:22","guid":{"rendered":"https:\/\/autostil.ba\/maloprodaja\/?post_type=product&#038;p=105022"},"modified":"2026-04-08T11:33:34","modified_gmt":"2026-04-08T09:33:34","slug":"rora-niklovana-max-5851","status":"publish","type":"product","link":"https:\/\/autostil.ba\/maloprodaja\/proizvod\/11496\/rora-niklovana-max-5851\/","title":{"rendered":"RORA NIKLOVANA MAX 5851"},"content":{"rendered":"","protected":false},"excerpt":{"rendered":"<p>Visokokvalitetni auspuh koji uljep\u0161ava dizajn automobila i daje mu izgled tjuninga.<br \/>\nPri\u010dvr\u0161\u0107ivanje prilo\u017eenim vijcima na originalni auspuh.<br \/>\nIzduvni vrh je gurnut na kraj ispuha i pri\u010dvr\u0161\u0107en prilo\u017eenim vijcima.<\/p>\n","protected":false},"featured_media":793045806,"comment_status":"open","ping_status":"closed","template":"","meta":{"_acf_changed":false,"inline_featured_image":false},"product_brand":[],"product_cat":[102],"product_tag":[],"class_list":{"0":"post-105022","1":"product","2":"type-product","3":"status-publish","4":"has-post-thumbnail","6":"product_cat-izduvni-sistem","8":"first","9":"instock","10":"taxable","11":"shipping-taxable","12":"purchasable","13":"product-type-simple"},"acf":[],"custom_product_id":"11496","_links":{"self":[{"href":"https:\/\/autostil.ba\/maloprodaja\/wp-json\/wp\/v2\/product\/105022","targetHints":{"allow":["GET"]}}],"collection":[{"href":"https:\/\/autostil.ba\/maloprodaja\/wp-json\/wp\/v2\/product"}],"about":[{"href":"https:\/\/autostil.ba\/maloprodaja\/wp-json\/wp\/v2\/types\/product"}],"replies":[{"embeddable":true,"href":"https:\/\/autostil.ba\/maloprodaja\/wp-json\/wp\/v2\/comments?post=105022"}],"version-history":[{"count":1,"href":"https:\/\/autostil.ba\/maloprodaja\/wp-json\/wp\/v2\/product\/105022\/revisions"}],"predecessor-version":[{"id":105024,"href":"https:\/\/autostil.ba\/maloprodaja\/wp-json\/wp\/v2\/product\/105022\/revisions\/105024"}],"wp:featuredmedia":[{"embeddable":true,"href":"https:\/\/autostil.ba\/maloprodaja\/wp-json\/wp\/v2\/media\/793045806"}],"wp:attachment":[{"href":"https:\/\/autostil.ba\/maloprodaja\/wp-json\/wp\/v2\/media?parent=105022"}],"wp:term":[{"taxonomy":"product_brand","embeddable":true,"href":"https:\/\/autostil.ba\/maloprodaja\/wp-json\/wp\/v2\/product_brand?post=105022"},{"taxonomy":"product_cat","embeddable":true,"href":"https:\/\/autostil.ba\/maloprodaja\/wp-json\/wp\/v2\/product_cat?post=105022"},{"taxonomy":"product_tag","embeddable":true,"href":"https:\/\/autostil.ba\/maloprodaja\/wp-json\/wp\/v2\/product_tag?post=105022"}],"curies":[{"name":"wp","href":"https:\/\/api.w.org\/{rel}","templated":true}]}}