{"id":104992,"date":"2025-07-23T10:23:21","date_gmt":"2025-07-23T08:23:21","guid":{"rendered":"https:\/\/autostil.ba\/maloprodaja\/?post_type=product&#038;p=104992"},"modified":"2026-04-24T10:00:41","modified_gmt":"2026-04-24T08:00:41","slug":"rora-niklovana-titanium-max-5882","status":"publish","type":"product","link":"https:\/\/autostil.ba\/maloprodaja\/proizvod\/11498\/rora-niklovana-titanium-max-5882\/","title":{"rendered":"RORA NIKLOVANA-TITANIUM MAX 5882"},"content":{"rendered":"","protected":false},"excerpt":{"rendered":"<p>Visokokvalitetni auspuh koji uljep\u0161ava dizajn automobila i daje mu izgled tjuninga.<br \/>\nPri\u010dvr\u0161\u0107ivanje prilo\u017eenim vijcima na originalni auspuh.<br \/>\nIzduvni vrh je gurnut na kraj ispuha i pri\u010dvr\u0161\u0107en prilo\u017eenim vijcima.<\/p>\n","protected":false},"featured_media":793045814,"comment_status":"open","ping_status":"closed","template":"","meta":{"_acf_changed":false,"inline_featured_image":false},"product_brand":[],"product_cat":[102],"product_tag":[],"class_list":{"0":"post-104992","1":"product","2":"type-product","3":"status-publish","4":"has-post-thumbnail","6":"product_cat-izduvni-sistem","8":"first","9":"instock","10":"taxable","11":"shipping-taxable","12":"purchasable","13":"product-type-simple"},"acf":[],"custom_product_id":"11498","_links":{"self":[{"href":"https:\/\/autostil.ba\/maloprodaja\/wp-json\/wp\/v2\/product\/104992","targetHints":{"allow":["GET"]}}],"collection":[{"href":"https:\/\/autostil.ba\/maloprodaja\/wp-json\/wp\/v2\/product"}],"about":[{"href":"https:\/\/autostil.ba\/maloprodaja\/wp-json\/wp\/v2\/types\/product"}],"replies":[{"embeddable":true,"href":"https:\/\/autostil.ba\/maloprodaja\/wp-json\/wp\/v2\/comments?post=104992"}],"version-history":[{"count":2,"href":"https:\/\/autostil.ba\/maloprodaja\/wp-json\/wp\/v2\/product\/104992\/revisions"}],"predecessor-version":[{"id":793045832,"href":"https:\/\/autostil.ba\/maloprodaja\/wp-json\/wp\/v2\/product\/104992\/revisions\/793045832"}],"wp:featuredmedia":[{"embeddable":true,"href":"https:\/\/autostil.ba\/maloprodaja\/wp-json\/wp\/v2\/media\/793045814"}],"wp:attachment":[{"href":"https:\/\/autostil.ba\/maloprodaja\/wp-json\/wp\/v2\/media?parent=104992"}],"wp:term":[{"taxonomy":"product_brand","embeddable":true,"href":"https:\/\/autostil.ba\/maloprodaja\/wp-json\/wp\/v2\/product_brand?post=104992"},{"taxonomy":"product_cat","embeddable":true,"href":"https:\/\/autostil.ba\/maloprodaja\/wp-json\/wp\/v2\/product_cat?post=104992"},{"taxonomy":"product_tag","embeddable":true,"href":"https:\/\/autostil.ba\/maloprodaja\/wp-json\/wp\/v2\/product_tag?post=104992"}],"curies":[{"name":"wp","href":"https:\/\/api.w.org\/{rel}","templated":true}]}}