{"id":104952,"date":"2025-10-17T14:44:20","date_gmt":"2025-10-17T12:44:20","guid":{"rendered":"https:\/\/autostil.ba\/maloprodaja\/?post_type=product&#038;p=104952"},"modified":"2026-04-08T11:33:33","modified_gmt":"2026-04-08T09:33:33","slug":"filter-zraka-sportski-max","status":"publish","type":"product","link":"https:\/\/autostil.ba\/maloprodaja\/proizvod\/6063\/filter-zraka-sportski-max\/","title":{"rendered":"FILTER ZRAKA SPORTSKI MAX"},"content":{"rendered":"","protected":false},"excerpt":{"rendered":"<p>Sportski filter zraka NOVO za promjer 50 mm. Ve\u0107a snaga doprinosi direktnom dovodu zraka bez ikakve strukture.<\/p>\n<p>Ovaj super mo\u0107an i efikasan sistem za \u010di\u0161\u0107enje vazduha dizajniran je za vozila sa sna\u017enim motorom. Efikasnost usisnog zraka je zna\u010dajno pove\u0107ana zbog efekta vrtloga, \u0161to uzrokuje bolju reakciju motora i smanjenje potro\u0161nje goriva.<\/p>\n<p>Veli\u010dina: 105 x 75 x 87 mm<br \/>\nEkskluzivni trka\u0107i dizajn<br \/>\nSportski zvuk<br \/>\nKori\u0161tenje filtera za pre\u010dnik od 50 mm<\/p>\n","protected":false},"featured_media":104953,"comment_status":"open","ping_status":"closed","template":"","meta":{"_acf_changed":false,"inline_featured_image":false},"product_brand":[],"product_cat":[74],"product_tag":[],"class_list":{"0":"post-104952","1":"product","2":"type-product","3":"status-publish","4":"has-post-thumbnail","6":"product_cat-filteri-sportski","8":"first","9":"instock","10":"taxable","11":"shipping-taxable","12":"purchasable","13":"product-type-simple"},"acf":[],"custom_product_id":"6063","_links":{"self":[{"href":"https:\/\/autostil.ba\/maloprodaja\/wp-json\/wp\/v2\/product\/104952","targetHints":{"allow":["GET"]}}],"collection":[{"href":"https:\/\/autostil.ba\/maloprodaja\/wp-json\/wp\/v2\/product"}],"about":[{"href":"https:\/\/autostil.ba\/maloprodaja\/wp-json\/wp\/v2\/types\/product"}],"replies":[{"embeddable":true,"href":"https:\/\/autostil.ba\/maloprodaja\/wp-json\/wp\/v2\/comments?post=104952"}],"version-history":[{"count":1,"href":"https:\/\/autostil.ba\/maloprodaja\/wp-json\/wp\/v2\/product\/104952\/revisions"}],"predecessor-version":[{"id":104954,"href":"https:\/\/autostil.ba\/maloprodaja\/wp-json\/wp\/v2\/product\/104952\/revisions\/104954"}],"wp:featuredmedia":[{"embeddable":true,"href":"https:\/\/autostil.ba\/maloprodaja\/wp-json\/wp\/v2\/media\/104953"}],"wp:attachment":[{"href":"https:\/\/autostil.ba\/maloprodaja\/wp-json\/wp\/v2\/media?parent=104952"}],"wp:term":[{"taxonomy":"product_brand","embeddable":true,"href":"https:\/\/autostil.ba\/maloprodaja\/wp-json\/wp\/v2\/product_brand?post=104952"},{"taxonomy":"product_cat","embeddable":true,"href":"https:\/\/autostil.ba\/maloprodaja\/wp-json\/wp\/v2\/product_cat?post=104952"},{"taxonomy":"product_tag","embeddable":true,"href":"https:\/\/autostil.ba\/maloprodaja\/wp-json\/wp\/v2\/product_tag?post=104952"}],"curies":[{"name":"wp","href":"https:\/\/api.w.org\/{rel}","templated":true}]}}