{"id":104942,"date":"2024-07-18T08:04:19","date_gmt":"2024-07-18T08:04:19","guid":{"rendered":"https:\/\/autostil.ba\/maloprodaja\/?post_type=product&#038;p=104942"},"modified":"2026-04-08T11:33:33","modified_gmt":"2026-04-08T09:33:33","slug":"navlaka-za-sjedalo-gl","status":"publish","type":"product","link":"https:\/\/autostil.ba\/maloprodaja\/proizvod\/11860\/navlaka-za-sjedalo-gl\/","title":{"rendered":"NAVLAKA ZA SJEDALO GL"},"content":{"rendered":"","protected":false},"excerpt":{"rendered":"<p>NAVLAKA ZA SJEDALO GL;<br \/>\nPokriva\u010d Grafis voza\u010dkog sedi\u0161ta pove\u0107ava udobnost vo\u017enje i spre\u010dava umor za volanom. Osim toga, presvlaka sprje\u010dava prljanje i pretjerano tro\u0161enje sjedi\u0161ta.<\/p>\n<p>Univerzalna presvlaka za jedno sjedi\u0161te<br \/>\nSmanjuje bolove u le\u0111ima i kralje\u017enici tokom dugih putovanja<br \/>\nJednostavna ugradnja u ve\u0107inu tipova vozila<br \/>\nUniverzalna veli\u010dina<\/p>\n","protected":false},"featured_media":104943,"comment_status":"open","ping_status":"closed","template":"","meta":{"_acf_changed":false,"inline_featured_image":false},"product_brand":[],"product_cat":[136],"product_tag":[],"class_list":{"0":"post-104942","1":"product","2":"type-product","3":"status-publish","4":"has-post-thumbnail","6":"product_cat-navlake-za-sjedala","8":"first","9":"instock","10":"taxable","11":"shipping-taxable","12":"purchasable","13":"product-type-simple"},"acf":[],"custom_product_id":"11860","_links":{"self":[{"href":"https:\/\/autostil.ba\/maloprodaja\/wp-json\/wp\/v2\/product\/104942","targetHints":{"allow":["GET"]}}],"collection":[{"href":"https:\/\/autostil.ba\/maloprodaja\/wp-json\/wp\/v2\/product"}],"about":[{"href":"https:\/\/autostil.ba\/maloprodaja\/wp-json\/wp\/v2\/types\/product"}],"replies":[{"embeddable":true,"href":"https:\/\/autostil.ba\/maloprodaja\/wp-json\/wp\/v2\/comments?post=104942"}],"version-history":[{"count":1,"href":"https:\/\/autostil.ba\/maloprodaja\/wp-json\/wp\/v2\/product\/104942\/revisions"}],"predecessor-version":[{"id":104944,"href":"https:\/\/autostil.ba\/maloprodaja\/wp-json\/wp\/v2\/product\/104942\/revisions\/104944"}],"wp:featuredmedia":[{"embeddable":true,"href":"https:\/\/autostil.ba\/maloprodaja\/wp-json\/wp\/v2\/media\/104943"}],"wp:attachment":[{"href":"https:\/\/autostil.ba\/maloprodaja\/wp-json\/wp\/v2\/media?parent=104942"}],"wp:term":[{"taxonomy":"product_brand","embeddable":true,"href":"https:\/\/autostil.ba\/maloprodaja\/wp-json\/wp\/v2\/product_brand?post=104942"},{"taxonomy":"product_cat","embeddable":true,"href":"https:\/\/autostil.ba\/maloprodaja\/wp-json\/wp\/v2\/product_cat?post=104942"},{"taxonomy":"product_tag","embeddable":true,"href":"https:\/\/autostil.ba\/maloprodaja\/wp-json\/wp\/v2\/product_tag?post=104942"}],"curies":[{"name":"wp","href":"https:\/\/api.w.org\/{rel}","templated":true}]}}