{"id":104902,"date":"2024-07-18T08:04:18","date_gmt":"2024-07-18T06:04:18","guid":{"rendered":"https:\/\/autostil.ba\/maloprodaja\/?post_type=product&#038;p=104902"},"modified":"2026-04-24T12:01:05","modified_gmt":"2026-04-24T10:01:05","slug":"uticnica-za-prikolicu-alumimijumska-7-pinova-max","status":"publish","type":"product","link":"https:\/\/autostil.ba\/maloprodaja\/proizvod\/6343\/uticnica-za-prikolicu-alumimijumska-7-pinova-max\/","title":{"rendered":"UTI\u010cNICA ZA PRIKOLICU ALUMIMIJUMSKA 7 PINOVA MAX"},"content":{"rendered":"","protected":false},"excerpt":{"rendered":"<p>UTI\u010cNICA ZA PRIKOLICU ALUMIMIJUMSKA 7 PINOVA MAX;  Uti\u010dnica za prikolicu, aluminijumski uti\u010dni konektor za sedmo pinski kamion za napon od 12 i 24 V u vozilu.<\/p>\n","protected":false},"featured_media":104903,"comment_status":"open","ping_status":"closed","template":"","meta":{"_acf_changed":false,"inline_featured_image":false},"product_brand":[],"product_cat":[109],"product_tag":[],"class_list":{"0":"post-104902","1":"product","2":"type-product","3":"status-publish","4":"has-post-thumbnail","6":"product_cat-uticnice-utikaci-redukcije","8":"first","9":"instock","10":"taxable","11":"shipping-taxable","12":"purchasable","13":"product-type-simple"},"acf":[],"custom_product_id":"6343","_links":{"self":[{"href":"https:\/\/autostil.ba\/maloprodaja\/wp-json\/wp\/v2\/product\/104902","targetHints":{"allow":["GET"]}}],"collection":[{"href":"https:\/\/autostil.ba\/maloprodaja\/wp-json\/wp\/v2\/product"}],"about":[{"href":"https:\/\/autostil.ba\/maloprodaja\/wp-json\/wp\/v2\/types\/product"}],"replies":[{"embeddable":true,"href":"https:\/\/autostil.ba\/maloprodaja\/wp-json\/wp\/v2\/comments?post=104902"}],"version-history":[{"count":1,"href":"https:\/\/autostil.ba\/maloprodaja\/wp-json\/wp\/v2\/product\/104902\/revisions"}],"predecessor-version":[{"id":104904,"href":"https:\/\/autostil.ba\/maloprodaja\/wp-json\/wp\/v2\/product\/104902\/revisions\/104904"}],"wp:featuredmedia":[{"embeddable":true,"href":"https:\/\/autostil.ba\/maloprodaja\/wp-json\/wp\/v2\/media\/104903"}],"wp:attachment":[{"href":"https:\/\/autostil.ba\/maloprodaja\/wp-json\/wp\/v2\/media?parent=104902"}],"wp:term":[{"taxonomy":"product_brand","embeddable":true,"href":"https:\/\/autostil.ba\/maloprodaja\/wp-json\/wp\/v2\/product_brand?post=104902"},{"taxonomy":"product_cat","embeddable":true,"href":"https:\/\/autostil.ba\/maloprodaja\/wp-json\/wp\/v2\/product_cat?post=104902"},{"taxonomy":"product_tag","embeddable":true,"href":"https:\/\/autostil.ba\/maloprodaja\/wp-json\/wp\/v2\/product_tag?post=104902"}],"curies":[{"name":"wp","href":"https:\/\/api.w.org\/{rel}","templated":true}]}}