{"id":104792,"date":"2024-07-18T12:04:12","date_gmt":"2024-07-18T10:04:12","guid":{"rendered":"https:\/\/autostil.ba\/maloprodaja\/?post_type=product&#038;p=104792"},"modified":"2026-04-08T11:33:22","modified_gmt":"2026-04-08T09:33:22","slug":"spuzva-8141","status":"publish","type":"product","link":"https:\/\/autostil.ba\/maloprodaja\/proizvod\/1549\/spuzva-8141\/","title":{"rendered":"SPU\u017dVA 8141"},"content":{"rendered":"","protected":false},"excerpt":{"rendered":"<p>SPU\u017dVA 8141 Spu\u017eva dvostrana. Visoka sposobnost za lako i efikasno pranje automobila. S jedne strane meko nje\u017eno pranje, s druge strane poseban tretman za uklanjanje jakih ne\u010disto\u0107a. Dimenzije: 23 x 11,5 x 5,8 cm. Izvrstan pomo\u0107nik za pranje automobila. Pogodna za dom i automobil. Boja: narand\u017easta \/ crna.<\/p>\n","protected":false},"featured_media":793045976,"comment_status":"open","ping_status":"closed","template":"","meta":{"_acf_changed":false,"inline_featured_image":false},"product_brand":[],"product_cat":[73],"product_tag":[],"class_list":{"0":"post-104792","1":"product","2":"type-product","3":"status-publish","4":"has-post-thumbnail","6":"product_cat-sredstva-za-pranje-i-odrzavanje","8":"first","9":"instock","10":"taxable","11":"shipping-taxable","12":"purchasable","13":"product-type-simple"},"acf":[],"custom_product_id":"1549","_links":{"self":[{"href":"https:\/\/autostil.ba\/maloprodaja\/wp-json\/wp\/v2\/product\/104792","targetHints":{"allow":["GET"]}}],"collection":[{"href":"https:\/\/autostil.ba\/maloprodaja\/wp-json\/wp\/v2\/product"}],"about":[{"href":"https:\/\/autostil.ba\/maloprodaja\/wp-json\/wp\/v2\/types\/product"}],"replies":[{"embeddable":true,"href":"https:\/\/autostil.ba\/maloprodaja\/wp-json\/wp\/v2\/comments?post=104792"}],"version-history":[{"count":1,"href":"https:\/\/autostil.ba\/maloprodaja\/wp-json\/wp\/v2\/product\/104792\/revisions"}],"predecessor-version":[{"id":104794,"href":"https:\/\/autostil.ba\/maloprodaja\/wp-json\/wp\/v2\/product\/104792\/revisions\/104794"}],"wp:featuredmedia":[{"embeddable":true,"href":"https:\/\/autostil.ba\/maloprodaja\/wp-json\/wp\/v2\/media\/793045976"}],"wp:attachment":[{"href":"https:\/\/autostil.ba\/maloprodaja\/wp-json\/wp\/v2\/media?parent=104792"}],"wp:term":[{"taxonomy":"product_brand","embeddable":true,"href":"https:\/\/autostil.ba\/maloprodaja\/wp-json\/wp\/v2\/product_brand?post=104792"},{"taxonomy":"product_cat","embeddable":true,"href":"https:\/\/autostil.ba\/maloprodaja\/wp-json\/wp\/v2\/product_cat?post=104792"},{"taxonomy":"product_tag","embeddable":true,"href":"https:\/\/autostil.ba\/maloprodaja\/wp-json\/wp\/v2\/product_tag?post=104792"}],"curies":[{"name":"wp","href":"https:\/\/api.w.org\/{rel}","templated":true}]}}