{"id":104742,"date":"2024-07-18T08:04:11","date_gmt":"2024-07-18T06:04:11","guid":{"rendered":"https:\/\/autostil.ba\/maloprodaja\/?post_type=product&#038;p=104742"},"modified":"2026-04-08T11:33:22","modified_gmt":"2026-04-08T09:33:22","slug":"cerada-za-motocikl-xl-246x105x127cm","status":"publish","type":"product","link":"https:\/\/autostil.ba\/maloprodaja\/proizvod\/2487\/cerada-za-motocikl-xl-246x105x127cm\/","title":{"rendered":"CERADA ZA MOTOCIKL XL 246X105X127cm"},"content":{"rendered":"","protected":false},"excerpt":{"rendered":"<p>CERADA ZA MOTOCIKL XL 246X105X127cm  Ceradom za motocikl za\u0161titite svoj motocikl kod ku\u0107e ili na poslu od ki\u0161e ili sunca i svih  vremenskih neprilika. Vodootporna korisna vre\u0107a za skladi\u0161tenje (koristi se i kao vre\u0107a za pakovanje).<\/p>\n","protected":false},"featured_media":104743,"comment_status":"open","ping_status":"closed","template":"","meta":{"_acf_changed":false,"inline_featured_image":false},"product_brand":[],"product_cat":[37],"product_tag":[],"class_list":{"0":"post-104742","1":"product","2":"type-product","3":"status-publish","4":"has-post-thumbnail","6":"product_cat-cerade","8":"first","9":"instock","10":"taxable","11":"shipping-taxable","12":"purchasable","13":"product-type-simple"},"acf":[],"custom_product_id":"2487","_links":{"self":[{"href":"https:\/\/autostil.ba\/maloprodaja\/wp-json\/wp\/v2\/product\/104742","targetHints":{"allow":["GET"]}}],"collection":[{"href":"https:\/\/autostil.ba\/maloprodaja\/wp-json\/wp\/v2\/product"}],"about":[{"href":"https:\/\/autostil.ba\/maloprodaja\/wp-json\/wp\/v2\/types\/product"}],"replies":[{"embeddable":true,"href":"https:\/\/autostil.ba\/maloprodaja\/wp-json\/wp\/v2\/comments?post=104742"}],"version-history":[{"count":1,"href":"https:\/\/autostil.ba\/maloprodaja\/wp-json\/wp\/v2\/product\/104742\/revisions"}],"predecessor-version":[{"id":104744,"href":"https:\/\/autostil.ba\/maloprodaja\/wp-json\/wp\/v2\/product\/104742\/revisions\/104744"}],"wp:featuredmedia":[{"embeddable":true,"href":"https:\/\/autostil.ba\/maloprodaja\/wp-json\/wp\/v2\/media\/104743"}],"wp:attachment":[{"href":"https:\/\/autostil.ba\/maloprodaja\/wp-json\/wp\/v2\/media?parent=104742"}],"wp:term":[{"taxonomy":"product_brand","embeddable":true,"href":"https:\/\/autostil.ba\/maloprodaja\/wp-json\/wp\/v2\/product_brand?post=104742"},{"taxonomy":"product_cat","embeddable":true,"href":"https:\/\/autostil.ba\/maloprodaja\/wp-json\/wp\/v2\/product_cat?post=104742"},{"taxonomy":"product_tag","embeddable":true,"href":"https:\/\/autostil.ba\/maloprodaja\/wp-json\/wp\/v2\/product_tag?post=104742"}],"curies":[{"name":"wp","href":"https:\/\/api.w.org\/{rel}","templated":true}]}}