{"id":104722,"date":"2024-07-18T08:04:10","date_gmt":"2024-07-18T06:04:10","guid":{"rendered":"https:\/\/autostil.ba\/maloprodaja\/?post_type=product&#038;p=104722"},"modified":"2026-04-24T13:59:51","modified_gmt":"2026-04-24T11:59:51","slug":"rora-niklovana-max-9698","status":"publish","type":"product","link":"https:\/\/autostil.ba\/maloprodaja\/proizvod\/6472\/rora-niklovana-max-9698\/","title":{"rendered":"RORA NIKLOVANA MAX 9698"},"content":{"rendered":"","protected":false},"excerpt":{"rendered":"<p>RORA NIKLOVANA MAX 9698 Visikokvalitetna niklovana rora, koja pobolj\u0161ava dizajn i daje ljep\u0161i izgled vozilu. Izduvna cijev za prigu\u0161iva\u010d umetnuta je na kraju auspuha i mora se pri\u010dvrstiti na pri\u010dvr\u0161\u0107ene vijke.<\/p>\n","protected":false},"featured_media":793045830,"comment_status":"open","ping_status":"closed","template":"","meta":{"_acf_changed":false,"inline_featured_image":false},"product_brand":[],"product_cat":[102],"product_tag":[],"class_list":{"0":"post-104722","1":"product","2":"type-product","3":"status-publish","4":"has-post-thumbnail","6":"product_cat-izduvni-sistem","8":"first","9":"instock","10":"taxable","11":"shipping-taxable","12":"purchasable","13":"product-type-simple"},"acf":[],"custom_product_id":"6472","_links":{"self":[{"href":"https:\/\/autostil.ba\/maloprodaja\/wp-json\/wp\/v2\/product\/104722","targetHints":{"allow":["GET"]}}],"collection":[{"href":"https:\/\/autostil.ba\/maloprodaja\/wp-json\/wp\/v2\/product"}],"about":[{"href":"https:\/\/autostil.ba\/maloprodaja\/wp-json\/wp\/v2\/types\/product"}],"replies":[{"embeddable":true,"href":"https:\/\/autostil.ba\/maloprodaja\/wp-json\/wp\/v2\/comments?post=104722"}],"version-history":[{"count":1,"href":"https:\/\/autostil.ba\/maloprodaja\/wp-json\/wp\/v2\/product\/104722\/revisions"}],"predecessor-version":[{"id":104724,"href":"https:\/\/autostil.ba\/maloprodaja\/wp-json\/wp\/v2\/product\/104722\/revisions\/104724"}],"wp:featuredmedia":[{"embeddable":true,"href":"https:\/\/autostil.ba\/maloprodaja\/wp-json\/wp\/v2\/media\/793045830"}],"wp:attachment":[{"href":"https:\/\/autostil.ba\/maloprodaja\/wp-json\/wp\/v2\/media?parent=104722"}],"wp:term":[{"taxonomy":"product_brand","embeddable":true,"href":"https:\/\/autostil.ba\/maloprodaja\/wp-json\/wp\/v2\/product_brand?post=104722"},{"taxonomy":"product_cat","embeddable":true,"href":"https:\/\/autostil.ba\/maloprodaja\/wp-json\/wp\/v2\/product_cat?post=104722"},{"taxonomy":"product_tag","embeddable":true,"href":"https:\/\/autostil.ba\/maloprodaja\/wp-json\/wp\/v2\/product_tag?post=104722"}],"curies":[{"name":"wp","href":"https:\/\/api.w.org\/{rel}","templated":true}]}}