{"id":104562,"date":"2026-02-17T10:56:03","date_gmt":"2026-02-17T08:56:03","guid":{"rendered":"https:\/\/autostil.ba\/maloprodaja\/?post_type=product&#038;p=104562"},"modified":"2026-04-08T11:33:11","modified_gmt":"2026-04-08T09:33:11","slug":"ratkape-versaco-univerzalne-15-rapide-silver-black","status":"publish","type":"product","link":"https:\/\/autostil.ba\/maloprodaja\/proizvod\/7358\/ratkape-versaco-univerzalne-15-rapide-silver-black\/","title":{"rendered":"RATKAPE VERSACO UNIVERZALNE 15 RAPIDE SILVER BLACK (SET)"},"content":{"rendered":"","protected":false},"excerpt":{"rendered":"<p>Versaco ratkape su izra\u0111ene od plastike najvi\u0161eg kvaliteta. ABS materijal je poznat po svojoj pouzdanosti, tvrdo\u0107i i otpornosti kako na mehani\u010dka o\u0161te\u0107enja tako i na o\u0161te\u0107enja nastala uslijed vremenskih neprilika. Ratkape su modernog izgleda i estetski dizajnirane da se uklapaju sa linijom automobila.<\/p>\n<p><strong>NAGLA\u0160ENA CIJENA JE ZA SET OD 4 KOMADA !!<\/strong><\/p>\n","protected":false},"featured_media":104563,"comment_status":"open","ping_status":"closed","template":"","meta":{"_acf_changed":false,"inline_featured_image":false},"product_brand":[],"product_cat":[160],"product_tag":[],"class_list":{"0":"post-104562","1":"product","2":"type-product","3":"status-publish","4":"has-post-thumbnail","6":"product_cat-ratkape-bez-znaka","7":"pa_velicina-63","9":"first","10":"instock","11":"taxable","12":"shipping-taxable","13":"purchasable","14":"product-type-simple"},"acf":[],"custom_product_id":"7358","_links":{"self":[{"href":"https:\/\/autostil.ba\/maloprodaja\/wp-json\/wp\/v2\/product\/104562","targetHints":{"allow":["GET"]}}],"collection":[{"href":"https:\/\/autostil.ba\/maloprodaja\/wp-json\/wp\/v2\/product"}],"about":[{"href":"https:\/\/autostil.ba\/maloprodaja\/wp-json\/wp\/v2\/types\/product"}],"replies":[{"embeddable":true,"href":"https:\/\/autostil.ba\/maloprodaja\/wp-json\/wp\/v2\/comments?post=104562"}],"version-history":[{"count":2,"href":"https:\/\/autostil.ba\/maloprodaja\/wp-json\/wp\/v2\/product\/104562\/revisions"}],"predecessor-version":[{"id":793052069,"href":"https:\/\/autostil.ba\/maloprodaja\/wp-json\/wp\/v2\/product\/104562\/revisions\/793052069"}],"wp:featuredmedia":[{"embeddable":true,"href":"https:\/\/autostil.ba\/maloprodaja\/wp-json\/wp\/v2\/media\/104563"}],"wp:attachment":[{"href":"https:\/\/autostil.ba\/maloprodaja\/wp-json\/wp\/v2\/media?parent=104562"}],"wp:term":[{"taxonomy":"product_brand","embeddable":true,"href":"https:\/\/autostil.ba\/maloprodaja\/wp-json\/wp\/v2\/product_brand?post=104562"},{"taxonomy":"product_cat","embeddable":true,"href":"https:\/\/autostil.ba\/maloprodaja\/wp-json\/wp\/v2\/product_cat?post=104562"},{"taxonomy":"product_tag","embeddable":true,"href":"https:\/\/autostil.ba\/maloprodaja\/wp-json\/wp\/v2\/product_tag?post=104562"}],"curies":[{"name":"wp","href":"https:\/\/api.w.org\/{rel}","templated":true}]}}