{"id":104512,"date":"2024-07-18T08:04:00","date_gmt":"2024-07-18T06:04:00","guid":{"rendered":"https:\/\/autostil.ba\/maloprodaja\/?post_type=product&#038;p=104512"},"modified":"2026-04-08T11:33:11","modified_gmt":"2026-04-08T09:33:11","slug":"ratkape-versaco-univerzalne-13-gtx-carbon-blacksilver","status":"publish","type":"product","link":"https:\/\/autostil.ba\/maloprodaja\/proizvod\/11975\/ratkape-versaco-univerzalne-13-gtx-carbon-blacksilver\/","title":{"rendered":"RATKAPE VERSACO UNIVERZALNE 13 GTX CARBON BLACK-SILVER (SET)"},"content":{"rendered":"","protected":false},"excerpt":{"rendered":"<p>Versaco ratkape su izra\u0111ene od plastike najvi\u0161eg kvaliteta. ABS materijal je poznat po svojoj pouzdanosti, tvrdo\u0107i i otpornosti kako na mehani\u010dka o\u0161te\u0107enja tako i na o\u0161te\u0107enja nastala uslijed vremenskih neprilika. Ratkape su modernog izgleda i estetski dizajnirane da se uklapaju sa linijom automobila.<\/p>\n<p><strong>NAGLA\u0160ENA CIJENA JE ZA SET OD 4 KOMADA !!<\/strong><\/p>\n","protected":false},"featured_media":104513,"comment_status":"open","ping_status":"closed","template":"","meta":{"_acf_changed":false,"inline_featured_image":false},"product_brand":[],"product_cat":[160],"product_tag":[],"class_list":{"0":"post-104512","1":"product","2":"type-product","3":"status-publish","4":"has-post-thumbnail","6":"product_cat-ratkape-bez-znaka","7":"pa_velicina-237","9":"first","10":"instock","11":"taxable","12":"shipping-taxable","13":"purchasable","14":"product-type-simple"},"acf":[],"custom_product_id":"11975","_links":{"self":[{"href":"https:\/\/autostil.ba\/maloprodaja\/wp-json\/wp\/v2\/product\/104512","targetHints":{"allow":["GET"]}}],"collection":[{"href":"https:\/\/autostil.ba\/maloprodaja\/wp-json\/wp\/v2\/product"}],"about":[{"href":"https:\/\/autostil.ba\/maloprodaja\/wp-json\/wp\/v2\/types\/product"}],"replies":[{"embeddable":true,"href":"https:\/\/autostil.ba\/maloprodaja\/wp-json\/wp\/v2\/comments?post=104512"}],"version-history":[{"count":2,"href":"https:\/\/autostil.ba\/maloprodaja\/wp-json\/wp\/v2\/product\/104512\/revisions"}],"predecessor-version":[{"id":793052050,"href":"https:\/\/autostil.ba\/maloprodaja\/wp-json\/wp\/v2\/product\/104512\/revisions\/793052050"}],"wp:featuredmedia":[{"embeddable":true,"href":"https:\/\/autostil.ba\/maloprodaja\/wp-json\/wp\/v2\/media\/104513"}],"wp:attachment":[{"href":"https:\/\/autostil.ba\/maloprodaja\/wp-json\/wp\/v2\/media?parent=104512"}],"wp:term":[{"taxonomy":"product_brand","embeddable":true,"href":"https:\/\/autostil.ba\/maloprodaja\/wp-json\/wp\/v2\/product_brand?post=104512"},{"taxonomy":"product_cat","embeddable":true,"href":"https:\/\/autostil.ba\/maloprodaja\/wp-json\/wp\/v2\/product_cat?post=104512"},{"taxonomy":"product_tag","embeddable":true,"href":"https:\/\/autostil.ba\/maloprodaja\/wp-json\/wp\/v2\/product_tag?post=104512"}],"curies":[{"name":"wp","href":"https:\/\/api.w.org\/{rel}","templated":true}]}}