{"id":102122,"date":"2025-05-08T09:58:20","date_gmt":"2025-05-08T07:58:20","guid":{"rendered":"https:\/\/autostil.ba\/maloprodaja\/?post_type=product&#038;p=102122"},"modified":"2026-04-08T14:01:45","modified_gmt":"2026-04-08T12:01:45","slug":"patosnice-gumene-tipske-peugeot-2008-2013-2019-sa-fiksatorima","status":"publish","type":"product","link":"https:\/\/autostil.ba\/maloprodaja\/proizvod\/6510\/patosnice-gumene-tipske-peugeot-2008-2013-2019-sa-fiksatorima\/","title":{"rendered":"PATOSNICE GUMENE TIPSKE PEUGEOT 2008 2013-2019 SA FIKSATORIMA"},"content":{"rendered":"","protected":false},"excerpt":{"rendered":"<p>Tipske gumene patosnice izra\u0111ene prema odre\u0111enom modelu automobila. Imaju izra\u017eene rubove koji spre\u010davaju izlijevanje vode, omogu\u0107avaju lako odr\u017eavanje, \u010duvaju izgled unutra\u0161njosti, a ne kli\u017eu se. Napravljene su od organskih materijala koji imaju prijatan miris.<\/p>\n","protected":false},"featured_media":102123,"comment_status":"open","ping_status":"closed","template":"","meta":{"_acf_changed":false,"inline_featured_image":false},"product_brand":[],"product_cat":[30],"product_tag":[],"class_list":{"0":"post-102122","1":"product","2":"type-product","3":"status-publish","4":"has-post-thumbnail","6":"product_cat-auto-patosnice-tipske","7":"pa_brend-peugeot","8":"pa_materijal-gumene","10":"first","11":"instock","12":"taxable","13":"shipping-taxable","14":"purchasable","15":"product-type-simple"},"acf":[],"custom_product_id":"6510","_links":{"self":[{"href":"https:\/\/autostil.ba\/maloprodaja\/wp-json\/wp\/v2\/product\/102122","targetHints":{"allow":["GET"]}}],"collection":[{"href":"https:\/\/autostil.ba\/maloprodaja\/wp-json\/wp\/v2\/product"}],"about":[{"href":"https:\/\/autostil.ba\/maloprodaja\/wp-json\/wp\/v2\/types\/product"}],"replies":[{"embeddable":true,"href":"https:\/\/autostil.ba\/maloprodaja\/wp-json\/wp\/v2\/comments?post=102122"}],"version-history":[{"count":1,"href":"https:\/\/autostil.ba\/maloprodaja\/wp-json\/wp\/v2\/product\/102122\/revisions"}],"predecessor-version":[{"id":102124,"href":"https:\/\/autostil.ba\/maloprodaja\/wp-json\/wp\/v2\/product\/102122\/revisions\/102124"}],"wp:featuredmedia":[{"embeddable":true,"href":"https:\/\/autostil.ba\/maloprodaja\/wp-json\/wp\/v2\/media\/102123"}],"wp:attachment":[{"href":"https:\/\/autostil.ba\/maloprodaja\/wp-json\/wp\/v2\/media?parent=102122"}],"wp:term":[{"taxonomy":"product_brand","embeddable":true,"href":"https:\/\/autostil.ba\/maloprodaja\/wp-json\/wp\/v2\/product_brand?post=102122"},{"taxonomy":"product_cat","embeddable":true,"href":"https:\/\/autostil.ba\/maloprodaja\/wp-json\/wp\/v2\/product_cat?post=102122"},{"taxonomy":"product_tag","embeddable":true,"href":"https:\/\/autostil.ba\/maloprodaja\/wp-json\/wp\/v2\/product_tag?post=102122"}],"curies":[{"name":"wp","href":"https:\/\/api.w.org\/{rel}","templated":true}]}}