{"id":101302,"date":"2025-10-14T12:08:45","date_gmt":"2025-10-14T10:08:45","guid":{"rendered":"https:\/\/autostil.ba\/maloprodaja\/?post_type=product&#038;p=101302"},"modified":"2026-04-08T11:30:11","modified_gmt":"2026-04-08T09:30:11","slug":"patosnice-gumene-polutipske-prednje-fit1","status":"publish","type":"product","link":"https:\/\/autostil.ba\/maloprodaja\/proizvod\/4112\/patosnice-gumene-polutipske-prednje-fit1\/","title":{"rendered":"PATOSNICE GUMENE POLUTIPSKE PREDNJE FIT1"},"content":{"rendered":"","protected":false},"excerpt":{"rendered":"<p>Mogu\u0107nost ukrajanja po mjeri patosa. Napravljene su od organskih mateijala, prijatnog mirisa. Omogu\u0107avaju lako odr\u017eavanje, \u010duvaju izgled unutra\u0161njosti. Na pole\u0111ini se nalazi posebna neklizaju\u0107a guma. BMW &#8211; 840-850, Serie 3 82&gt;05, Serie 3 Cabrio &gt;99, 00&gt;06, Serie 3 Coup\u00e9 &gt;00, Serie 3 Touring 91&gt;05, Serie 5 &#8211; M5 82&gt;03, M5 Touring 88&gt;03, Serie 7 &gt;01, Serie 8, Z3 Roadster ; HONDA &#8211; Accord 08&gt;, Accord Tourer 08&gt; ; JAGUAR &#8211; XF 07&gt; ; LEXUS &#8211; GS &#8211; IS, IS F 08&gt;, LS &gt;99, 00&gt;07 ; MAZDA &#8211; Xedos 6\/9 ; MERCEDES &#8211; 190 (W201), 200 (W124) &#8211; 200 S.W., C &#8211; C S.W. &gt;07, CE-CL, E &#8211; E S.W., E Klasse sedan-combi-coupe 16&gt;, M, S &gt;05, SL, SLK &gt;03 ; MINI &#8211; Countryman 10&gt;, One-Cooper 02&gt;07,07&gt; ; OPEL &#8211; Monza, Rekord D, Senator 87&gt; ; PORSCHE &#8211; 924-944 coup\u00e9 &#8211; Panamera, 928 &gt;96 ; SUZUKI &#8211; Jimny<\/p>\n","protected":false},"featured_media":101303,"comment_status":"open","ping_status":"closed","template":"","meta":{"_acf_changed":false,"inline_featured_image":false},"product_brand":[],"product_cat":[126],"product_tag":[],"class_list":{"0":"post-101302","1":"product","2":"type-product","3":"status-publish","4":"has-post-thumbnail","6":"product_cat-auto-patosnice-polutipske","7":"pa_materijal-gumene","9":"first","10":"instock","11":"taxable","12":"shipping-taxable","13":"purchasable","14":"product-type-simple"},"acf":[],"custom_product_id":"4112","_links":{"self":[{"href":"https:\/\/autostil.ba\/maloprodaja\/wp-json\/wp\/v2\/product\/101302","targetHints":{"allow":["GET"]}}],"collection":[{"href":"https:\/\/autostil.ba\/maloprodaja\/wp-json\/wp\/v2\/product"}],"about":[{"href":"https:\/\/autostil.ba\/maloprodaja\/wp-json\/wp\/v2\/types\/product"}],"replies":[{"embeddable":true,"href":"https:\/\/autostil.ba\/maloprodaja\/wp-json\/wp\/v2\/comments?post=101302"}],"version-history":[{"count":1,"href":"https:\/\/autostil.ba\/maloprodaja\/wp-json\/wp\/v2\/product\/101302\/revisions"}],"predecessor-version":[{"id":101304,"href":"https:\/\/autostil.ba\/maloprodaja\/wp-json\/wp\/v2\/product\/101302\/revisions\/101304"}],"wp:featuredmedia":[{"embeddable":true,"href":"https:\/\/autostil.ba\/maloprodaja\/wp-json\/wp\/v2\/media\/101303"}],"wp:attachment":[{"href":"https:\/\/autostil.ba\/maloprodaja\/wp-json\/wp\/v2\/media?parent=101302"}],"wp:term":[{"taxonomy":"product_brand","embeddable":true,"href":"https:\/\/autostil.ba\/maloprodaja\/wp-json\/wp\/v2\/product_brand?post=101302"},{"taxonomy":"product_cat","embeddable":true,"href":"https:\/\/autostil.ba\/maloprodaja\/wp-json\/wp\/v2\/product_cat?post=101302"},{"taxonomy":"product_tag","embeddable":true,"href":"https:\/\/autostil.ba\/maloprodaja\/wp-json\/wp\/v2\/product_tag?post=101302"}],"curies":[{"name":"wp","href":"https:\/\/api.w.org\/{rel}","templated":true}]}}