{"id":101292,"date":"2026-02-17T09:15:45","date_gmt":"2026-02-17T07:15:45","guid":{"rendered":"https:\/\/autostil.ba\/maloprodaja\/?post_type=product&#038;p=101292"},"modified":"2026-04-08T11:30:11","modified_gmt":"2026-04-08T09:30:11","slug":"patosnice-gumene-polutipske-prednje-fit2","status":"publish","type":"product","link":"https:\/\/autostil.ba\/maloprodaja\/proizvod\/4998\/patosnice-gumene-polutipske-prednje-fit2\/","title":{"rendered":"PATOSNICE GUMENE POLUTIPSKE PREDNJE FIT2"},"content":{"rendered":"","protected":false},"excerpt":{"rendered":"<p>PATOSNICE GUMENE POLUTIPSKE PREDNJE FIT2 Mogu\u0107nost ukrajanja po mjeri patosa. Napravljene su od organskih mateijala, prijatnog mirisa. Omogu\u0107avaju lako odr\u017eavanje, \u010duvaju izgled unutra\u0161njosti. Na pole\u0111ini se nalazi posebna neklizaju\u0107a guma. AUDI &#8211; 80 &#8211; 80 Avant &#8211; 90, A2, A8 &#8211; S8 ; CITROEN &#8211; C2, C4 3-5 d. &gt;10 ; DAIHATSU &#8211; Applause, Charade 3 &#8211; 4 d. 93&gt; ; FIAT &#8211; 131 &#8211; 131 S.W. &#8211; 132, FORD &#8211; Escort &#8211; Esc. S.W. &#8211; Esc. Cabrio, Orion 83&gt;93 ; HONDA &#8211; Acord 86&gt;07, Accord Aerodeck, Accord Coup\u00e9, Civic 3\/5 d. 91&gt;00, Civic 4d. 91&gt;95, 95&gt;05, Civic Aerodeck &#8211; Civic S.W., Civic Coup\u00e9 &gt;97, Civic CRX 91&gt;, Insight 09&gt;, Prelude ; CHEVROLET &#8211; Spark 09&gt; ; CHRYSLER &#8211; Crossfire Coup\u00e9\/Roadster ; KIA &#8211; Clarus &#8211; Clarus S.W. ; LANCIA &#8211; Y 10 ; MAZDA &#8211; 323 &#8211; 626 &#8211; 626 S.W. ; OPEL &#8211; Agila &gt;08, Corsa 3\/5 d. 01&gt;03, 04&gt;06, Zafira &gt;05 ; PEUGEOT &#8211; 205 &#8211; 205 Cabrio, 206 3\/5 d. &#8211; 206 CC, 309 ; RENAULT &#8211; Megane S.W., Modus &gt;07, 08&gt;, Grand Modus 08&gt;, Safrane ; SEAT &#8211; Arosa ; \u0160KODA &#8211; Felicia &#8211; Felicia S.W. ; TOYOTA &#8211; Carina &#8211; Carina S.W., Corolla &#8211; Corolla S.W., Corolla Verso 02&gt; ; VOLKSWAGEN &#8211; Derby, Golf &gt;91, Jetta &gt;92, Lupo, Passat 81&gt;88, Scirocco &gt;92 ; VOLVO &#8211; 345-360<\/p>\n","protected":false},"featured_media":793045560,"comment_status":"open","ping_status":"closed","template":"","meta":{"_acf_changed":false,"inline_featured_image":false},"product_brand":[],"product_cat":[126],"product_tag":[],"class_list":{"0":"post-101292","1":"product","2":"type-product","3":"status-publish","4":"has-post-thumbnail","6":"product_cat-auto-patosnice-polutipske","7":"pa_materijal-gumene","9":"first","10":"instock","11":"taxable","12":"shipping-taxable","13":"purchasable","14":"product-type-simple"},"acf":[],"custom_product_id":"4998","_links":{"self":[{"href":"https:\/\/autostil.ba\/maloprodaja\/wp-json\/wp\/v2\/product\/101292","targetHints":{"allow":["GET"]}}],"collection":[{"href":"https:\/\/autostil.ba\/maloprodaja\/wp-json\/wp\/v2\/product"}],"about":[{"href":"https:\/\/autostil.ba\/maloprodaja\/wp-json\/wp\/v2\/types\/product"}],"replies":[{"embeddable":true,"href":"https:\/\/autostil.ba\/maloprodaja\/wp-json\/wp\/v2\/comments?post=101292"}],"version-history":[{"count":1,"href":"https:\/\/autostil.ba\/maloprodaja\/wp-json\/wp\/v2\/product\/101292\/revisions"}],"predecessor-version":[{"id":101294,"href":"https:\/\/autostil.ba\/maloprodaja\/wp-json\/wp\/v2\/product\/101292\/revisions\/101294"}],"wp:featuredmedia":[{"embeddable":true,"href":"https:\/\/autostil.ba\/maloprodaja\/wp-json\/wp\/v2\/media\/793045560"}],"wp:attachment":[{"href":"https:\/\/autostil.ba\/maloprodaja\/wp-json\/wp\/v2\/media?parent=101292"}],"wp:term":[{"taxonomy":"product_brand","embeddable":true,"href":"https:\/\/autostil.ba\/maloprodaja\/wp-json\/wp\/v2\/product_brand?post=101292"},{"taxonomy":"product_cat","embeddable":true,"href":"https:\/\/autostil.ba\/maloprodaja\/wp-json\/wp\/v2\/product_cat?post=101292"},{"taxonomy":"product_tag","embeddable":true,"href":"https:\/\/autostil.ba\/maloprodaja\/wp-json\/wp\/v2\/product_tag?post=101292"}],"curies":[{"name":"wp","href":"https:\/\/api.w.org\/{rel}","templated":true}]}}