{"id":101282,"date":"2025-05-08T14:48:44","date_gmt":"2025-05-08T12:48:44","guid":{"rendered":"https:\/\/autostil.ba\/maloprodaja\/?post_type=product&#038;p=101282"},"modified":"2026-04-08T11:30:11","modified_gmt":"2026-04-08T09:30:11","slug":"patosnice-gumene-polutipske-prednje-fit3","status":"publish","type":"product","link":"https:\/\/autostil.ba\/maloprodaja\/proizvod\/2694\/patosnice-gumene-polutipske-prednje-fit3\/","title":{"rendered":"PATOSNICE GUMENE POLUTIPSKE PREDNJE FIT3"},"content":{"rendered":"","protected":false},"excerpt":{"rendered":"<p>PATOSNICE GUMENE POLUTIPSKE PREDNJE FIT3 Mogu\u0107nost ukrajanja po mjeri patosa. Napravljene su od organskih mateijala, prijatnog mirisa. Omogu\u0107avaju lako odr\u017eavanje, \u010duvaju izgled unutra\u0161njosti. Na pole\u0111ini se nalazi posebna neklizaju\u0107a guma. AUDI &#8211; A6 &#8211; S6 &#8211; A6 Allroad, Coup\u00e9 GT 88&gt; ; CITROEN &#8211; C3 &gt;09, , C4 5 d. 10&gt;, DS4 11&gt;, Xsara Picasso ; DACIA &#8211; Duster 10&gt;, Logan MCV, Sandero &gt;12 ;FORD &#8211; Galaxy 5\/7 seats &gt;06 ; HONDA &#8211; Civic 3\/5d. 01&gt;06, CR-V 10&gt;, FR-V, Shuttle ; HYUNDAI &#8211; i30 &#8211; i30 S.W, Lantra &#8211; Lantra S.W 96&gt;, Ponny, S. Coup\u00e9 90&gt;95, Sonata 89&gt;, Sonica ; CHEVROLET &#8211; Aveo 5 d. 11&gt;, Cruze 09&gt;, Orlando 10&gt; ; CHRYSLER &#8211; PT Cruiser ; JEEP &#8211; Cherokee &gt;00,01&gt;04, Cherokee Sport 01&gt;, Grand Cherokee &gt;05, Patriot 07&gt; ; KIA &#8211; Sephia 97&gt;, Shuma, Sportage &gt;10, Sportage S.W. ; MAZDA &#8211; 6 &#8211; 6 S.W. 08&gt;, 929, Premacy &#8211; RX-7 coup\u00e9 06&gt; ; MERCEDES &#8211; A, B 05&gt;, R 06&gt; ; NISSAN &#8211; Bluebird, Micra 03&gt;10, 10&gt;, Micra C+C 06&gt;, Pick-up, Serena ; OPEL &#8211; Insignia &#8211; Insignia S.W., Manta, Omega &#8211; Omega S.W., Sintra &#8211; Tigra, Tigra &#8211; Twintop 05&gt;, Vectra 4\/5 d. 96&gt;01, Vectra S.W. &gt;95,96&gt;02,04&gt;, Zafira 05&gt; ; PEUGEOT &#8211; 206 S.W., 405 &#8211; 405 S.W., 504 &#8211; 504 S.W. &#8211; 505 &#8211; 505 S.W., 508 &#8211; 508 S.W. 10&gt;, 604 &#8211; 605, 807 5\/7 seats ; RENAULT &#8211; Laguna III &#8211; Laguna III. S.W. 07&gt;, Megane 3\/4\/5d. 02&gt;, Megane Classic, Megane Cabrio &gt;03, Megane Coup\u00e9 09&gt;, R5 &#8211; R19 &#8211; R19 Chamade, Scenic &gt;03, Scenic RX4 ;SEAT &#8211; Alhambra 5\/7 seats ; SUZUKI &#8211; Grand Vitara 3 d. &gt;00, Splash 08&gt;, Vitara, Wagon R+ ; TOYOTA &#8211; Paseo, Previa 01&gt;03, 03&gt;, RAV 4-5d. 12&gt; ; VOLKSWAGEN &#8211; Passat &#8211; Passat S.W. 89&gt;04, Sharan 5\/7 seats ; VOLVO &#8211; 440 &#8211; 460 &#8211; 480, 740 &#8211; 760 &#8211; 740 S.W. &#8211; 760 S.W., 780, C70 cabrio, C70 coup\u00e9 &gt;05, S70 &#8211; S90, V90<\/p>\n","protected":false},"featured_media":101283,"comment_status":"open","ping_status":"closed","template":"","meta":{"_acf_changed":false,"inline_featured_image":false},"product_brand":[],"product_cat":[126],"product_tag":[],"class_list":{"0":"post-101282","1":"product","2":"type-product","3":"status-publish","4":"has-post-thumbnail","6":"product_cat-auto-patosnice-polutipske","7":"pa_materijal-gumene","9":"first","10":"instock","11":"taxable","12":"shipping-taxable","13":"purchasable","14":"product-type-simple"},"acf":[],"custom_product_id":"2694","_links":{"self":[{"href":"https:\/\/autostil.ba\/maloprodaja\/wp-json\/wp\/v2\/product\/101282","targetHints":{"allow":["GET"]}}],"collection":[{"href":"https:\/\/autostil.ba\/maloprodaja\/wp-json\/wp\/v2\/product"}],"about":[{"href":"https:\/\/autostil.ba\/maloprodaja\/wp-json\/wp\/v2\/types\/product"}],"replies":[{"embeddable":true,"href":"https:\/\/autostil.ba\/maloprodaja\/wp-json\/wp\/v2\/comments?post=101282"}],"version-history":[{"count":2,"href":"https:\/\/autostil.ba\/maloprodaja\/wp-json\/wp\/v2\/product\/101282\/revisions"}],"predecessor-version":[{"id":793051103,"href":"https:\/\/autostil.ba\/maloprodaja\/wp-json\/wp\/v2\/product\/101282\/revisions\/793051103"}],"wp:featuredmedia":[{"embeddable":true,"href":"https:\/\/autostil.ba\/maloprodaja\/wp-json\/wp\/v2\/media\/101283"}],"wp:attachment":[{"href":"https:\/\/autostil.ba\/maloprodaja\/wp-json\/wp\/v2\/media?parent=101282"}],"wp:term":[{"taxonomy":"product_brand","embeddable":true,"href":"https:\/\/autostil.ba\/maloprodaja\/wp-json\/wp\/v2\/product_brand?post=101282"},{"taxonomy":"product_cat","embeddable":true,"href":"https:\/\/autostil.ba\/maloprodaja\/wp-json\/wp\/v2\/product_cat?post=101282"},{"taxonomy":"product_tag","embeddable":true,"href":"https:\/\/autostil.ba\/maloprodaja\/wp-json\/wp\/v2\/product_tag?post=101282"}],"curies":[{"name":"wp","href":"https:\/\/api.w.org\/{rel}","templated":true}]}}