{"id":101272,"date":"2026-04-08T12:13:44","date_gmt":"2026-04-08T10:13:44","guid":{"rendered":"https:\/\/autostil.ba\/maloprodaja\/?post_type=product&#038;p=101272"},"modified":"2026-04-09T16:01:51","modified_gmt":"2026-04-09T14:01:51","slug":"patosnice-gumene-polutipske-prednje-fit4","status":"publish","type":"product","link":"https:\/\/autostil.ba\/maloprodaja\/proizvod\/3833\/patosnice-gumene-polutipske-prednje-fit4\/","title":{"rendered":"PATOSNICE GUMENE POLUTIPSKE PREDNJE FIT4"},"content":{"rendered":"","protected":false},"excerpt":{"rendered":"<p>PATOSNICE GUMENE POLUTIPSKE PREDNJE FIT4 Mogu\u0107nost ukrajanja po mjeri patosa. Napravljene su od organskih mateijala, prijatnog mirisa. Omogu\u0107avaju lako odr\u017eavanje, \u010duvaju izgled unutra\u0161njosti. Na pole\u0111ini se nalazi posebna neklizaju\u0107a guma.ALFA ROMEO &#8211; 33 &#8211; 33 S.W, 155, Alfa Sud, Giulietta 10&gt; ; AUDI &#8211; 100\/200 &#8211; 100\/200 Avant ; CITROEN &#8211; AX &#8211; BX &#8211; BS S.W., C8 5\/7 seats &#8211; C15, CX &#8211; CX S.W., Evasion, LN &#8211; LNA, Xantia &#8211; Xantia S.W., XM &#8211; XM S.W. ; DAEWOO &#8211; Lengaza 97&gt; ; FIAT &#8211; 126 &#8211; 127, 500 &gt;75, Duna &#8211; Duna Weekend, Multipla, Palio &#8211; Palio S.W., Panda &gt;02, Regata &#8211; Regata Weekend, Ritmo, Siena, Tempra &#8211; Tempra S.W., Tipo, Ulysse 5\/7 seats, Uno ; FORD &#8211; Courier 92&gt; ; CHRYSLER &#8211; 300 &#8211; 300 M, Voyager 5\/7 seats &gt;01,02&gt;07 ; KIA &#8211; Carnival, Opirus, Soul ; LADA &#8211; Niva0 02&gt;, Samara ; LANCIA &#8211; Beta, Zeta 5\/7 seats 94&gt; ; MAZDA &#8211; 6 &#8211; 6 SW. 02&gt;08, 121 ; MINI &#8211; British-Cooper-Minor &gt;00 ; NISSAN &#8211; Micra &gt;93,93&gt;02, Murano, Sunny 3\/4\/5d. &#8211; Sunny Van ; OPEL &#8211; Ascona, Calibra, Corsa 3\/5d. 93&gt;00, Kadett Cabrio, Kadett E 3\/5d. &#8211; S.W., Vectra 4\/5d. &gt;95,02&gt; ; PEUGEOT &#8211; 106, 305 &#8211; 305 S.W., 306 3\/4\/5d. &#8211; Cabrio &#8211; S.W., 806 5\/7 seats ; RENAULT &#8211; Laguna &#8211; Laguna S.W., R4 &#8211; R9 &#8211; R11 &#8211; R14 &#8211; R18, R18 break &#8211; R21 &#8211; R21 Nevada, Scenic 04&gt;09, Super 5 ; ROVER &#8211; Maestro &#8211; Metro, Mini &gt;00, Montego &#8211; Montego S.W. ; SEAT &#8211; Fura , Mallaga &#8211; Marbella &#8211; Ronda ; SUBARU &#8211; Justy &gt;02,03&gt; ; SUZUKI &#8211; Ignis &gt;03,,04&gt; ; TALBOT &#8211; v\u0161echny modely ; TATA &#8211; Indica ; VOLKSWAGEN &#8211; Golf III 92&gt;97, Vento<\/p>\n","protected":false},"featured_media":101273,"comment_status":"open","ping_status":"closed","template":"","meta":{"_acf_changed":false,"inline_featured_image":false},"product_brand":[],"product_cat":[126],"product_tag":[],"class_list":{"0":"post-101272","1":"product","2":"type-product","3":"status-publish","4":"has-post-thumbnail","6":"product_cat-auto-patosnice-polutipske","7":"pa_materijal-gumene","9":"first","10":"instock","11":"taxable","12":"shipping-taxable","13":"purchasable","14":"product-type-simple"},"acf":[],"custom_product_id":"3833","_links":{"self":[{"href":"https:\/\/autostil.ba\/maloprodaja\/wp-json\/wp\/v2\/product\/101272","targetHints":{"allow":["GET"]}}],"collection":[{"href":"https:\/\/autostil.ba\/maloprodaja\/wp-json\/wp\/v2\/product"}],"about":[{"href":"https:\/\/autostil.ba\/maloprodaja\/wp-json\/wp\/v2\/types\/product"}],"replies":[{"embeddable":true,"href":"https:\/\/autostil.ba\/maloprodaja\/wp-json\/wp\/v2\/comments?post=101272"}],"version-history":[{"count":1,"href":"https:\/\/autostil.ba\/maloprodaja\/wp-json\/wp\/v2\/product\/101272\/revisions"}],"predecessor-version":[{"id":101274,"href":"https:\/\/autostil.ba\/maloprodaja\/wp-json\/wp\/v2\/product\/101272\/revisions\/101274"}],"wp:featuredmedia":[{"embeddable":true,"href":"https:\/\/autostil.ba\/maloprodaja\/wp-json\/wp\/v2\/media\/101273"}],"wp:attachment":[{"href":"https:\/\/autostil.ba\/maloprodaja\/wp-json\/wp\/v2\/media?parent=101272"}],"wp:term":[{"taxonomy":"product_brand","embeddable":true,"href":"https:\/\/autostil.ba\/maloprodaja\/wp-json\/wp\/v2\/product_brand?post=101272"},{"taxonomy":"product_cat","embeddable":true,"href":"https:\/\/autostil.ba\/maloprodaja\/wp-json\/wp\/v2\/product_cat?post=101272"},{"taxonomy":"product_tag","embeddable":true,"href":"https:\/\/autostil.ba\/maloprodaja\/wp-json\/wp\/v2\/product_tag?post=101272"}],"curies":[{"name":"wp","href":"https:\/\/api.w.org\/{rel}","templated":true}]}}