{"id":100652,"date":"2025-03-03T12:05:18","date_gmt":"2025-03-03T10:05:18","guid":{"rendered":"https:\/\/autostil.ba\/maloprodaja\/?post_type=product&#038;p=100652"},"modified":"2026-04-08T11:29:39","modified_gmt":"2026-04-08T09:29:39","slug":"patosnice-gumene-tipske-mercedes-eqv-w447-prednji-red-2020-sa-fiksatorima","status":"publish","type":"product","link":"https:\/\/autostil.ba\/maloprodaja\/proizvod\/12831\/patosnice-gumene-tipske-mercedes-eqv-w447-prednji-red-2020-sa-fiksatorima\/","title":{"rendered":"PATOSNICE GUMENE TIPSKE MERCEDES EQV W447 (PREDNJI RED) 2020-&gt; SA FIKSATORIMA"},"content":{"rendered":"","protected":false},"excerpt":{"rendered":"<p>Tipske gumene patosnice izra\u0111ene prema odre\u0111enom modelu automobila. Imaju izra\u017eene rubove koji spre\u010davaju izlijevanje vode, omogu\u0107avaju lako odr\u017eavanje, \u010duvaju izgled unutra\u0161njosti, a ne kli\u017eu se. Napravljene su od organskih materijala koji imaju prijatan miris.<\/p>\n","protected":false},"featured_media":100653,"comment_status":"open","ping_status":"closed","template":"","meta":{"_acf_changed":false,"inline_featured_image":false},"product_brand":[],"product_cat":[30],"product_tag":[],"class_list":{"0":"post-100652","1":"product","2":"type-product","3":"status-publish","4":"has-post-thumbnail","6":"product_cat-auto-patosnice-tipske","7":"pa_brend-mercedes","8":"pa_materijal-gumene","10":"first","11":"instock","12":"taxable","13":"shipping-taxable","14":"purchasable","15":"product-type-simple"},"acf":[],"custom_product_id":"12831","_links":{"self":[{"href":"https:\/\/autostil.ba\/maloprodaja\/wp-json\/wp\/v2\/product\/100652","targetHints":{"allow":["GET"]}}],"collection":[{"href":"https:\/\/autostil.ba\/maloprodaja\/wp-json\/wp\/v2\/product"}],"about":[{"href":"https:\/\/autostil.ba\/maloprodaja\/wp-json\/wp\/v2\/types\/product"}],"replies":[{"embeddable":true,"href":"https:\/\/autostil.ba\/maloprodaja\/wp-json\/wp\/v2\/comments?post=100652"}],"version-history":[{"count":1,"href":"https:\/\/autostil.ba\/maloprodaja\/wp-json\/wp\/v2\/product\/100652\/revisions"}],"predecessor-version":[{"id":100654,"href":"https:\/\/autostil.ba\/maloprodaja\/wp-json\/wp\/v2\/product\/100652\/revisions\/100654"}],"wp:featuredmedia":[{"embeddable":true,"href":"https:\/\/autostil.ba\/maloprodaja\/wp-json\/wp\/v2\/media\/100653"}],"wp:attachment":[{"href":"https:\/\/autostil.ba\/maloprodaja\/wp-json\/wp\/v2\/media?parent=100652"}],"wp:term":[{"taxonomy":"product_brand","embeddable":true,"href":"https:\/\/autostil.ba\/maloprodaja\/wp-json\/wp\/v2\/product_brand?post=100652"},{"taxonomy":"product_cat","embeddable":true,"href":"https:\/\/autostil.ba\/maloprodaja\/wp-json\/wp\/v2\/product_cat?post=100652"},{"taxonomy":"product_tag","embeddable":true,"href":"https:\/\/autostil.ba\/maloprodaja\/wp-json\/wp\/v2\/product_tag?post=100652"}],"curies":[{"name":"wp","href":"https:\/\/api.w.org\/{rel}","templated":true}]}}