{"id":793054180,"date":"2025-10-08T08:46:36","date_gmt":"2025-10-08T06:46:36","guid":{"rendered":"https:\/\/autostil.ba\/maloprodaja\/?page_id=793054180"},"modified":"2025-10-14T13:36:00","modified_gmt":"2025-10-14T11:36:00","slug":"galerija","status":"publish","type":"page","link":"https:\/\/autostil.ba\/maloprodaja\/galerija\/","title":{"rendered":"GALERIJA"},"content":{"rendered":"\t\t<div data-elementor-type=\"wp-page\" data-elementor-id=\"793054180\" class=\"elementor elementor-793054180\" data-elementor-post-type=\"page\">\n\t\t\t\t<div class=\"elementor-element elementor-element-eb41ae9 e-con-full e-flex e-con e-child\" data-id=\"eb41ae9\" data-element_type=\"container\" data-e-type=\"container\" data-settings=\"{&quot;background_background&quot;:&quot;classic&quot;}\">\n\t\t\t\t<div class=\"elementor-element elementor-element-0a82d9f elementor-widget elementor-widget-heading\" data-id=\"0a82d9f\" data-element_type=\"widget\" data-e-type=\"widget\" data-widget_type=\"heading.default\">\n\t\t\t\t<div class=\"elementor-widget-container\">\n\t\t\t\t\t<h1 class=\"elementor-heading-title elementor-size-default\">Galerija<\/h1>\t\t\t\t<\/div>\n\t\t\t\t<\/div>\n\t\t\t\t<\/div>\n\t\t<div class=\"elementor-element elementor-element-61080fb e-grid e-con-boxed e-con e-parent\" data-id=\"61080fb\" data-element_type=\"container\" data-e-type=\"container\">\n\t\t\t\t\t<div class=\"e-con-inner\">\n\t\t<a class=\"elementor-element elementor-element-0328d81 e-con-full e-flex e-con e-child\" data-id=\"0328d81\" data-element_type=\"container\" data-e-type=\"container\" href=\"https:\/\/autostil.ba\/maloprodaja\/maloprodaja-banja-luka-tranzit\/\">\n\t\t\t\t<div class=\"elementor-element elementor-element-a0ca7ca elementor-align-center elementor-icon-list--layout-traditional elementor-list-item-link-full_width elementor-widget elementor-widget-icon-list\" data-id=\"a0ca7ca\" data-element_type=\"widget\" data-e-type=\"widget\" data-widget_type=\"icon-list.default\">\n\t\t\t\t<div class=\"elementor-widget-container\">\n\t\t\t\t\t\t\t<ul class=\"elementor-icon-list-items\">\n\t\t\t\t\t\t\t<li class=\"elementor-icon-list-item\">\n\t\t\t\t\t\t\t\t\t\t\t<span class=\"elementor-icon-list-icon\">\n\t\t\t\t\t\t\t<svg xmlns=\"http:\/\/www.w3.org\/2000\/svg\" viewBox=\"0 0 27 40\"><defs><style>      .cls-1 {        fill: #333;      }      .cls-2 {        fill: #0063b0;      }    <\/style><\/defs><g><g id=\"Layer_1\"><path class=\"cls-1\" d=\"M24,33.2c-1.4-.6-3.3-1-5.6-1.3-.3,0-.5,0-.7.3-.2.2-.2.5,0,.7.1.2.3.4.6.4,1.4.2,2.6.4,3.7.7,2.2.6,3.1,1.3,3.1,1.8s-1,1.2-3.1,1.8c-2.3.6-5.4,1-8.7,1s-6.4-.4-8.7-1c-2.2-.6-3.1-1.3-3.1-1.8s1-1.2,3.1-1.8c1.1-.3,2.3-.5,3.7-.7.3,0,.5-.2.6-.4.1-.2,0-.5,0-.7-.2-.2-.4-.3-.7-.3-1.4.2-2.7.4-3.9.7-2.8.8-4.2,1.8-4.2,3.2s1.5,2.4,4.4,3.2c2.4.6,5.6,1,8.9,1s6.6-.4,9.1-1c2.8-.8,4.2-1.8,4.2-3.2s-.8-1.9-2.5-2.6h0Z\"><\/path><path class=\"cls-2\" d=\"M22.5,3.9C20.1,1.4,16.8,0,13.3,0h0c-3.5,0-6.8,1.4-9.2,3.8C1.5,6.3.2,9.6.2,13.1s.7,4.8,1.9,6.9h0c0,0,.9,1.3,1.2,1.6l8.5,11c.3.4.9.7,1.4.7s1.1-.3,1.4-.7l8.5-11c.3-.3,1.1-1.6,1.2-1.6h0c1.3-2,1.9-4.4,1.9-6.8,0-3.5-1.3-6.8-3.8-9.3ZM13.3,17.9c-2.8,0-5.1-2.3-5.1-5.1s2.3-5.1,5.1-5.1,5.1,2.3,5.1,5.1-2.3,5.1-5.1,5.1Z\"><\/path><\/g><\/g><\/svg>\t\t\t\t\t\t<\/span>\n\t\t\t\t\t\t\t\t\t\t<span class=\"elementor-icon-list-text\">MALOPRODAJA BANJA LUKA, TRANZIT<\/span>\n\t\t\t\t\t\t\t\t\t<\/li>\n\t\t\t\t\t\t<\/ul>\n\t\t\t\t\t\t<\/div>\n\t\t\t\t<\/div>\n\t\t\t\t<div class=\"elementor-element elementor-element-108f699 elementor-widget elementor-widget-image\" data-id=\"108f699\" data-element_type=\"widget\" data-e-type=\"widget\" data-widget_type=\"image.default\">\n\t\t\t\t<div class=\"elementor-widget-container\">\n\t\t\t\t\t\t\t\t\t\t\t\t\t\t\t<img loading=\"lazy\" decoding=\"async\" width=\"800\" height=\"600\" src=\"https:\/\/autostil.ba\/maloprodaja\/wp-content\/uploads\/2025\/10\/IMG_2164.jpg\" class=\"attachment-large size-large wp-image-793054469\" alt=\"\" srcset=\"https:\/\/autostil.ba\/maloprodaja\/wp-content\/uploads\/2025\/10\/IMG_2164.jpg 1000w, https:\/\/autostil.ba\/maloprodaja\/wp-content\/uploads\/2025\/10\/IMG_2164-600x450.jpg 600w, https:\/\/autostil.ba\/maloprodaja\/wp-content\/uploads\/2025\/10\/IMG_2164-300x225.jpg 300w, https:\/\/autostil.ba\/maloprodaja\/wp-content\/uploads\/2025\/10\/IMG_2164-768x576.jpg 768w\" sizes=\"auto, (max-width: 800px) 100vw, 800px\" \/>\t\t\t\t\t\t\t\t\t\t\t\t\t\t\t<\/div>\n\t\t\t\t<\/div>\n\t\t\t\t<\/a>\n\t\t<a class=\"elementor-element elementor-element-07f707b e-con-full e-flex e-con e-child\" data-id=\"07f707b\" data-element_type=\"container\" data-e-type=\"container\" href=\"https:\/\/autostil.ba\/maloprodaja\/maloprodaja-banja-luka-petricevac\/\">\n\t\t\t\t<div class=\"elementor-element elementor-element-cb94772 elementor-align-center elementor-icon-list--layout-traditional elementor-list-item-link-full_width elementor-widget elementor-widget-icon-list\" data-id=\"cb94772\" data-element_type=\"widget\" data-e-type=\"widget\" data-widget_type=\"icon-list.default\">\n\t\t\t\t<div class=\"elementor-widget-container\">\n\t\t\t\t\t\t\t<ul class=\"elementor-icon-list-items\">\n\t\t\t\t\t\t\t<li class=\"elementor-icon-list-item\">\n\t\t\t\t\t\t\t\t\t\t\t<span class=\"elementor-icon-list-icon\">\n\t\t\t\t\t\t\t<svg xmlns=\"http:\/\/www.w3.org\/2000\/svg\" viewBox=\"0 0 27 40\"><defs><style>      .cls-1 {        fill: #333;      }      .cls-2 {        fill: #0063b0;      }    <\/style><\/defs><g><g id=\"Layer_1\"><path class=\"cls-1\" d=\"M24,33.2c-1.4-.6-3.3-1-5.6-1.3-.3,0-.5,0-.7.3-.2.2-.2.5,0,.7.1.2.3.4.6.4,1.4.2,2.6.4,3.7.7,2.2.6,3.1,1.3,3.1,1.8s-1,1.2-3.1,1.8c-2.3.6-5.4,1-8.7,1s-6.4-.4-8.7-1c-2.2-.6-3.1-1.3-3.1-1.8s1-1.2,3.1-1.8c1.1-.3,2.3-.5,3.7-.7.3,0,.5-.2.6-.4.1-.2,0-.5,0-.7-.2-.2-.4-.3-.7-.3-1.4.2-2.7.4-3.9.7-2.8.8-4.2,1.8-4.2,3.2s1.5,2.4,4.4,3.2c2.4.6,5.6,1,8.9,1s6.6-.4,9.1-1c2.8-.8,4.2-1.8,4.2-3.2s-.8-1.9-2.5-2.6h0Z\"><\/path><path class=\"cls-2\" d=\"M22.5,3.9C20.1,1.4,16.8,0,13.3,0h0c-3.5,0-6.8,1.4-9.2,3.8C1.5,6.3.2,9.6.2,13.1s.7,4.8,1.9,6.9h0c0,0,.9,1.3,1.2,1.6l8.5,11c.3.4.9.7,1.4.7s1.1-.3,1.4-.7l8.5-11c.3-.3,1.1-1.6,1.2-1.6h0c1.3-2,1.9-4.4,1.9-6.8,0-3.5-1.3-6.8-3.8-9.3ZM13.3,17.9c-2.8,0-5.1-2.3-5.1-5.1s2.3-5.1,5.1-5.1,5.1,2.3,5.1,5.1-2.3,5.1-5.1,5.1Z\"><\/path><\/g><\/g><\/svg>\t\t\t\t\t\t<\/span>\n\t\t\t\t\t\t\t\t\t\t<span class=\"elementor-icon-list-text\">MALOPRODAJA BANJA LUKA, PETRI\u0106EVAC<\/span>\n\t\t\t\t\t\t\t\t\t<\/li>\n\t\t\t\t\t\t<\/ul>\n\t\t\t\t\t\t<\/div>\n\t\t\t\t<\/div>\n\t\t\t\t<div class=\"elementor-element elementor-element-08ebb98 elementor-widget elementor-widget-image\" data-id=\"08ebb98\" data-element_type=\"widget\" data-e-type=\"widget\" data-widget_type=\"image.default\">\n\t\t\t\t<div class=\"elementor-widget-container\">\n\t\t\t\t\t\t\t\t\t\t\t\t\t\t\t<img loading=\"lazy\" decoding=\"async\" width=\"800\" height=\"600\" src=\"https:\/\/autostil.ba\/maloprodaja\/wp-content\/uploads\/2025\/10\/IMG_2199.jpg\" class=\"attachment-large size-large wp-image-793054503\" alt=\"\" srcset=\"https:\/\/autostil.ba\/maloprodaja\/wp-content\/uploads\/2025\/10\/IMG_2199.jpg 1000w, https:\/\/autostil.ba\/maloprodaja\/wp-content\/uploads\/2025\/10\/IMG_2199-600x450.jpg 600w, https:\/\/autostil.ba\/maloprodaja\/wp-content\/uploads\/2025\/10\/IMG_2199-300x225.jpg 300w, https:\/\/autostil.ba\/maloprodaja\/wp-content\/uploads\/2025\/10\/IMG_2199-768x576.jpg 768w\" sizes=\"auto, (max-width: 800px) 100vw, 800px\" \/>\t\t\t\t\t\t\t\t\t\t\t\t\t\t\t<\/div>\n\t\t\t\t<\/div>\n\t\t\t\t<\/a>\n\t\t<a class=\"elementor-element elementor-element-efa6a26 e-con-full e-flex e-con e-child\" data-id=\"efa6a26\" data-element_type=\"container\" data-e-type=\"container\" href=\"https:\/\/autostil.ba\/maloprodaja\/maloprodaja-banja-luka-trn\/\">\n\t\t\t\t<div class=\"elementor-element elementor-element-8250852 elementor-align-center elementor-icon-list--layout-traditional elementor-list-item-link-full_width elementor-widget elementor-widget-icon-list\" data-id=\"8250852\" data-element_type=\"widget\" data-e-type=\"widget\" data-widget_type=\"icon-list.default\">\n\t\t\t\t<div class=\"elementor-widget-container\">\n\t\t\t\t\t\t\t<ul class=\"elementor-icon-list-items\">\n\t\t\t\t\t\t\t<li class=\"elementor-icon-list-item\">\n\t\t\t\t\t\t\t\t\t\t\t<span class=\"elementor-icon-list-icon\">\n\t\t\t\t\t\t\t<svg xmlns=\"http:\/\/www.w3.org\/2000\/svg\" viewBox=\"0 0 27 40\"><defs><style>      .cls-1 {        fill: #333;      }      .cls-2 {        fill: #0063b0;      }    <\/style><\/defs><g><g id=\"Layer_1\"><path class=\"cls-1\" d=\"M24,33.2c-1.4-.6-3.3-1-5.6-1.3-.3,0-.5,0-.7.3-.2.2-.2.5,0,.7.1.2.3.4.6.4,1.4.2,2.6.4,3.7.7,2.2.6,3.1,1.3,3.1,1.8s-1,1.2-3.1,1.8c-2.3.6-5.4,1-8.7,1s-6.4-.4-8.7-1c-2.2-.6-3.1-1.3-3.1-1.8s1-1.2,3.1-1.8c1.1-.3,2.3-.5,3.7-.7.3,0,.5-.2.6-.4.1-.2,0-.5,0-.7-.2-.2-.4-.3-.7-.3-1.4.2-2.7.4-3.9.7-2.8.8-4.2,1.8-4.2,3.2s1.5,2.4,4.4,3.2c2.4.6,5.6,1,8.9,1s6.6-.4,9.1-1c2.8-.8,4.2-1.8,4.2-3.2s-.8-1.9-2.5-2.6h0Z\"><\/path><path class=\"cls-2\" d=\"M22.5,3.9C20.1,1.4,16.8,0,13.3,0h0c-3.5,0-6.8,1.4-9.2,3.8C1.5,6.3.2,9.6.2,13.1s.7,4.8,1.9,6.9h0c0,0,.9,1.3,1.2,1.6l8.5,11c.3.4.9.7,1.4.7s1.1-.3,1.4-.7l8.5-11c.3-.3,1.1-1.6,1.2-1.6h0c1.3-2,1.9-4.4,1.9-6.8,0-3.5-1.3-6.8-3.8-9.3ZM13.3,17.9c-2.8,0-5.1-2.3-5.1-5.1s2.3-5.1,5.1-5.1,5.1,2.3,5.1,5.1-2.3,5.1-5.1,5.1Z\"><\/path><\/g><\/g><\/svg>\t\t\t\t\t\t<\/span>\n\t\t\t\t\t\t\t\t\t\t<span class=\"elementor-icon-list-text\">MALOPRODAJA LAKTA\u0160I, TRN<\/span>\n\t\t\t\t\t\t\t\t\t<\/li>\n\t\t\t\t\t\t<\/ul>\n\t\t\t\t\t\t<\/div>\n\t\t\t\t<\/div>\n\t\t\t\t<div class=\"elementor-element elementor-element-49bdd44 elementor-widget elementor-widget-image\" data-id=\"49bdd44\" data-element_type=\"widget\" data-e-type=\"widget\" data-widget_type=\"image.default\">\n\t\t\t\t<div class=\"elementor-widget-container\">\n\t\t\t\t\t\t\t\t\t\t\t\t\t\t\t<img loading=\"lazy\" decoding=\"async\" width=\"800\" height=\"600\" src=\"https:\/\/autostil.ba\/maloprodaja\/wp-content\/uploads\/2025\/10\/IMG_0778.jpg\" class=\"attachment-large size-large wp-image-793054110\" alt=\"\" srcset=\"https:\/\/autostil.ba\/maloprodaja\/wp-content\/uploads\/2025\/10\/IMG_0778.jpg 1000w, https:\/\/autostil.ba\/maloprodaja\/wp-content\/uploads\/2025\/10\/IMG_0778-600x450.jpg 600w, https:\/\/autostil.ba\/maloprodaja\/wp-content\/uploads\/2025\/10\/IMG_0778-300x225.jpg 300w, https:\/\/autostil.ba\/maloprodaja\/wp-content\/uploads\/2025\/10\/IMG_0778-768x576.jpg 768w\" sizes=\"auto, (max-width: 800px) 100vw, 800px\" \/>\t\t\t\t\t\t\t\t\t\t\t\t\t\t\t<\/div>\n\t\t\t\t<\/div>\n\t\t\t\t<\/a>\n\t\t<a class=\"elementor-element elementor-element-28332c8 e-con-full e-flex e-con e-child\" data-id=\"28332c8\" data-element_type=\"container\" data-e-type=\"container\" href=\"https:\/\/autostil.ba\/maloprodaja\/maloprodaja-sarajevo-buca-potok\/\">\n\t\t\t\t<div class=\"elementor-element elementor-element-2a3d468 elementor-align-center elementor-icon-list--layout-traditional elementor-list-item-link-full_width elementor-widget elementor-widget-icon-list\" data-id=\"2a3d468\" data-element_type=\"widget\" data-e-type=\"widget\" data-widget_type=\"icon-list.default\">\n\t\t\t\t<div class=\"elementor-widget-container\">\n\t\t\t\t\t\t\t<ul class=\"elementor-icon-list-items\">\n\t\t\t\t\t\t\t<li class=\"elementor-icon-list-item\">\n\t\t\t\t\t\t\t\t\t\t\t<span class=\"elementor-icon-list-icon\">\n\t\t\t\t\t\t\t<svg xmlns=\"http:\/\/www.w3.org\/2000\/svg\" viewBox=\"0 0 27 40\"><defs><style>      .cls-1 {        fill: #333;      }      .cls-2 {        fill: #0063b0;      }    <\/style><\/defs><g><g id=\"Layer_1\"><path class=\"cls-1\" d=\"M24,33.2c-1.4-.6-3.3-1-5.6-1.3-.3,0-.5,0-.7.3-.2.2-.2.5,0,.7.1.2.3.4.6.4,1.4.2,2.6.4,3.7.7,2.2.6,3.1,1.3,3.1,1.8s-1,1.2-3.1,1.8c-2.3.6-5.4,1-8.7,1s-6.4-.4-8.7-1c-2.2-.6-3.1-1.3-3.1-1.8s1-1.2,3.1-1.8c1.1-.3,2.3-.5,3.7-.7.3,0,.5-.2.6-.4.1-.2,0-.5,0-.7-.2-.2-.4-.3-.7-.3-1.4.2-2.7.4-3.9.7-2.8.8-4.2,1.8-4.2,3.2s1.5,2.4,4.4,3.2c2.4.6,5.6,1,8.9,1s6.6-.4,9.1-1c2.8-.8,4.2-1.8,4.2-3.2s-.8-1.9-2.5-2.6h0Z\"><\/path><path class=\"cls-2\" d=\"M22.5,3.9C20.1,1.4,16.8,0,13.3,0h0c-3.5,0-6.8,1.4-9.2,3.8C1.5,6.3.2,9.6.2,13.1s.7,4.8,1.9,6.9h0c0,0,.9,1.3,1.2,1.6l8.5,11c.3.4.9.7,1.4.7s1.1-.3,1.4-.7l8.5-11c.3-.3,1.1-1.6,1.2-1.6h0c1.3-2,1.9-4.4,1.9-6.8,0-3.5-1.3-6.8-3.8-9.3ZM13.3,17.9c-2.8,0-5.1-2.3-5.1-5.1s2.3-5.1,5.1-5.1,5.1,2.3,5.1,5.1-2.3,5.1-5.1,5.1Z\"><\/path><\/g><\/g><\/svg>\t\t\t\t\t\t<\/span>\n\t\t\t\t\t\t\t\t\t\t<span class=\"elementor-icon-list-text\">MALOPRODAJA SARAJEVO, BU\u0106A POTOK<\/span>\n\t\t\t\t\t\t\t\t\t<\/li>\n\t\t\t\t\t\t<\/ul>\n\t\t\t\t\t\t<\/div>\n\t\t\t\t<\/div>\n\t\t\t\t<div class=\"elementor-element elementor-element-001d020 elementor-widget elementor-widget-image\" data-id=\"001d020\" data-element_type=\"widget\" data-e-type=\"widget\" data-widget_type=\"image.default\">\n\t\t\t\t<div class=\"elementor-widget-container\">\n\t\t\t\t\t\t\t\t\t\t\t\t\t\t\t<img loading=\"lazy\" decoding=\"async\" width=\"800\" height=\"452\" src=\"https:\/\/autostil.ba\/maloprodaja\/wp-content\/uploads\/2025\/10\/IMG_2205.jpg\" class=\"attachment-large size-large wp-image-793054554\" alt=\"\" srcset=\"https:\/\/autostil.ba\/maloprodaja\/wp-content\/uploads\/2025\/10\/IMG_2205.jpg 1000w, https:\/\/autostil.ba\/maloprodaja\/wp-content\/uploads\/2025\/10\/IMG_2205-600x339.jpg 600w, https:\/\/autostil.ba\/maloprodaja\/wp-content\/uploads\/2025\/10\/IMG_2205-300x170.jpg 300w, https:\/\/autostil.ba\/maloprodaja\/wp-content\/uploads\/2025\/10\/IMG_2205-768x434.jpg 768w\" sizes=\"auto, (max-width: 800px) 100vw, 800px\" \/>\t\t\t\t\t\t\t\t\t\t\t\t\t\t\t<\/div>\n\t\t\t\t<\/div>\n\t\t\t\t<\/a>\n\t\t<a class=\"elementor-element elementor-element-365488b e-con-full e-flex e-con e-child\" data-id=\"365488b\" data-element_type=\"container\" data-e-type=\"container\" href=\"https:\/\/autostil.ba\/maloprodaja\/maloprodaja-sarajevo\/\">\n\t\t\t\t<div class=\"elementor-element elementor-element-8654476 elementor-align-center elementor-icon-list--layout-traditional elementor-list-item-link-full_width elementor-widget elementor-widget-icon-list\" data-id=\"8654476\" data-element_type=\"widget\" data-e-type=\"widget\" data-widget_type=\"icon-list.default\">\n\t\t\t\t<div class=\"elementor-widget-container\">\n\t\t\t\t\t\t\t<ul class=\"elementor-icon-list-items\">\n\t\t\t\t\t\t\t<li class=\"elementor-icon-list-item\">\n\t\t\t\t\t\t\t\t\t\t\t<span class=\"elementor-icon-list-icon\">\n\t\t\t\t\t\t\t<svg xmlns=\"http:\/\/www.w3.org\/2000\/svg\" viewBox=\"0 0 27 40\"><defs><style>      .cls-1 {        fill: #333;      }      .cls-2 {        fill: #0063b0;      }    <\/style><\/defs><g><g id=\"Layer_1\"><path class=\"cls-1\" d=\"M24,33.2c-1.4-.6-3.3-1-5.6-1.3-.3,0-.5,0-.7.3-.2.2-.2.5,0,.7.1.2.3.4.6.4,1.4.2,2.6.4,3.7.7,2.2.6,3.1,1.3,3.1,1.8s-1,1.2-3.1,1.8c-2.3.6-5.4,1-8.7,1s-6.4-.4-8.7-1c-2.2-.6-3.1-1.3-3.1-1.8s1-1.2,3.1-1.8c1.1-.3,2.3-.5,3.7-.7.3,0,.5-.2.6-.4.1-.2,0-.5,0-.7-.2-.2-.4-.3-.7-.3-1.4.2-2.7.4-3.9.7-2.8.8-4.2,1.8-4.2,3.2s1.5,2.4,4.4,3.2c2.4.6,5.6,1,8.9,1s6.6-.4,9.1-1c2.8-.8,4.2-1.8,4.2-3.2s-.8-1.9-2.5-2.6h0Z\"><\/path><path class=\"cls-2\" d=\"M22.5,3.9C20.1,1.4,16.8,0,13.3,0h0c-3.5,0-6.8,1.4-9.2,3.8C1.5,6.3.2,9.6.2,13.1s.7,4.8,1.9,6.9h0c0,0,.9,1.3,1.2,1.6l8.5,11c.3.4.9.7,1.4.7s1.1-.3,1.4-.7l8.5-11c.3-.3,1.1-1.6,1.2-1.6h0c1.3-2,1.9-4.4,1.9-6.8,0-3.5-1.3-6.8-3.8-9.3ZM13.3,17.9c-2.8,0-5.1-2.3-5.1-5.1s2.3-5.1,5.1-5.1,5.1,2.3,5.1,5.1-2.3,5.1-5.1,5.1Z\"><\/path><\/g><\/g><\/svg>\t\t\t\t\t\t<\/span>\n\t\t\t\t\t\t\t\t\t\t<span class=\"elementor-icon-list-text\">MALOPRODAJA SARAJEVO, BARE<\/span>\n\t\t\t\t\t\t\t\t\t<\/li>\n\t\t\t\t\t\t<\/ul>\n\t\t\t\t\t\t<\/div>\n\t\t\t\t<\/div>\n\t\t\t\t<div class=\"elementor-element elementor-element-d89c72d elementor-widget elementor-widget-image\" data-id=\"d89c72d\" data-element_type=\"widget\" data-e-type=\"widget\" data-widget_type=\"image.default\">\n\t\t\t\t<div class=\"elementor-widget-container\">\n\t\t\t\t\t\t\t\t\t\t\t\t\t\t\t<img loading=\"lazy\" decoding=\"async\" width=\"800\" height=\"450\" src=\"https:\/\/autostil.ba\/maloprodaja\/wp-content\/uploads\/2025\/10\/IMG_8340-1024x576.jpg\" class=\"attachment-large size-large wp-image-793054593\" alt=\"\" srcset=\"https:\/\/autostil.ba\/maloprodaja\/wp-content\/uploads\/2025\/10\/IMG_8340-1024x576.jpg 1024w, https:\/\/autostil.ba\/maloprodaja\/wp-content\/uploads\/2025\/10\/IMG_8340-600x338.jpg 600w, https:\/\/autostil.ba\/maloprodaja\/wp-content\/uploads\/2025\/10\/IMG_8340-300x169.jpg 300w, https:\/\/autostil.ba\/maloprodaja\/wp-content\/uploads\/2025\/10\/IMG_8340-768x432.jpg 768w, https:\/\/autostil.ba\/maloprodaja\/wp-content\/uploads\/2025\/10\/IMG_8340.jpg 1100w\" sizes=\"auto, (max-width: 800px) 100vw, 800px\" \/>\t\t\t\t\t\t\t\t\t\t\t\t\t\t\t<\/div>\n\t\t\t\t<\/div>\n\t\t\t\t<\/a>\n\t\t<a class=\"elementor-element elementor-element-018ad8d e-con-full e-flex e-con e-child\" data-id=\"018ad8d\" data-element_type=\"container\" data-e-type=\"container\" href=\"https:\/\/autostil.ba\/maloprodaja\/maloprodaja-istocno-sarajevo\/\">\n\t\t\t\t<div class=\"elementor-element elementor-element-0361584 elementor-align-center elementor-icon-list--layout-traditional elementor-list-item-link-full_width elementor-widget elementor-widget-icon-list\" data-id=\"0361584\" data-element_type=\"widget\" data-e-type=\"widget\" data-widget_type=\"icon-list.default\">\n\t\t\t\t<div class=\"elementor-widget-container\">\n\t\t\t\t\t\t\t<ul class=\"elementor-icon-list-items\">\n\t\t\t\t\t\t\t<li class=\"elementor-icon-list-item\">\n\t\t\t\t\t\t\t\t\t\t\t<span class=\"elementor-icon-list-icon\">\n\t\t\t\t\t\t\t<svg xmlns=\"http:\/\/www.w3.org\/2000\/svg\" viewBox=\"0 0 27 40\"><defs><style>      .cls-1 {        fill: #333;      }      .cls-2 {        fill: #0063b0;      }    <\/style><\/defs><g><g id=\"Layer_1\"><path class=\"cls-1\" d=\"M24,33.2c-1.4-.6-3.3-1-5.6-1.3-.3,0-.5,0-.7.3-.2.2-.2.5,0,.7.1.2.3.4.6.4,1.4.2,2.6.4,3.7.7,2.2.6,3.1,1.3,3.1,1.8s-1,1.2-3.1,1.8c-2.3.6-5.4,1-8.7,1s-6.4-.4-8.7-1c-2.2-.6-3.1-1.3-3.1-1.8s1-1.2,3.1-1.8c1.1-.3,2.3-.5,3.7-.7.3,0,.5-.2.6-.4.1-.2,0-.5,0-.7-.2-.2-.4-.3-.7-.3-1.4.2-2.7.4-3.9.7-2.8.8-4.2,1.8-4.2,3.2s1.5,2.4,4.4,3.2c2.4.6,5.6,1,8.9,1s6.6-.4,9.1-1c2.8-.8,4.2-1.8,4.2-3.2s-.8-1.9-2.5-2.6h0Z\"><\/path><path class=\"cls-2\" d=\"M22.5,3.9C20.1,1.4,16.8,0,13.3,0h0c-3.5,0-6.8,1.4-9.2,3.8C1.5,6.3.2,9.6.2,13.1s.7,4.8,1.9,6.9h0c0,0,.9,1.3,1.2,1.6l8.5,11c.3.4.9.7,1.4.7s1.1-.3,1.4-.7l8.5-11c.3-.3,1.1-1.6,1.2-1.6h0c1.3-2,1.9-4.4,1.9-6.8,0-3.5-1.3-6.8-3.8-9.3ZM13.3,17.9c-2.8,0-5.1-2.3-5.1-5.1s2.3-5.1,5.1-5.1,5.1,2.3,5.1,5.1-2.3,5.1-5.1,5.1Z\"><\/path><\/g><\/g><\/svg>\t\t\t\t\t\t<\/span>\n\t\t\t\t\t\t\t\t\t\t<span class=\"elementor-icon-list-text\">MALOPRODAJA ISTO\u010cNO SARAJEVO<\/span>\n\t\t\t\t\t\t\t\t\t<\/li>\n\t\t\t\t\t\t<\/ul>\n\t\t\t\t\t\t<\/div>\n\t\t\t\t<\/div>\n\t\t\t\t<div class=\"elementor-element elementor-element-6ac47ad elementor-widget elementor-widget-image\" data-id=\"6ac47ad\" data-element_type=\"widget\" data-e-type=\"widget\" data-widget_type=\"image.default\">\n\t\t\t\t<div class=\"elementor-widget-container\">\n\t\t\t\t\t\t\t\t\t\t\t\t\t\t\t<img loading=\"lazy\" decoding=\"async\" width=\"680\" height=\"381\" src=\"https:\/\/autostil.ba\/maloprodaja\/wp-content\/uploads\/2025\/10\/2025-07-15.webp\" class=\"attachment-large size-large wp-image-793054206\" alt=\"\" srcset=\"https:\/\/autostil.ba\/maloprodaja\/wp-content\/uploads\/2025\/10\/2025-07-15.webp 680w, https:\/\/autostil.ba\/maloprodaja\/wp-content\/uploads\/2025\/10\/2025-07-15-600x336.webp 600w, https:\/\/autostil.ba\/maloprodaja\/wp-content\/uploads\/2025\/10\/2025-07-15-300x168.webp 300w\" sizes=\"auto, (max-width: 680px) 100vw, 680px\" \/>\t\t\t\t\t\t\t\t\t\t\t\t\t\t\t<\/div>\n\t\t\t\t<\/div>\n\t\t\t\t<\/a>\n\t\t<a class=\"elementor-element elementor-element-73c4a84 e-con-full e-flex e-con e-child\" data-id=\"73c4a84\" data-element_type=\"container\" data-e-type=\"container\" href=\"https:\/\/autostil.ba\/maloprodaja\/maloprodaja-tuzla\">\n\t\t\t\t<div class=\"elementor-element elementor-element-2550702 elementor-align-center elementor-icon-list--layout-traditional elementor-list-item-link-full_width elementor-widget elementor-widget-icon-list\" data-id=\"2550702\" data-element_type=\"widget\" data-e-type=\"widget\" data-widget_type=\"icon-list.default\">\n\t\t\t\t<div class=\"elementor-widget-container\">\n\t\t\t\t\t\t\t<ul class=\"elementor-icon-list-items\">\n\t\t\t\t\t\t\t<li class=\"elementor-icon-list-item\">\n\t\t\t\t\t\t\t\t\t\t\t<span class=\"elementor-icon-list-icon\">\n\t\t\t\t\t\t\t<svg xmlns=\"http:\/\/www.w3.org\/2000\/svg\" viewBox=\"0 0 27 40\"><defs><style>      .cls-1 {        fill: #333;      }      .cls-2 {        fill: #0063b0;      }    <\/style><\/defs><g><g id=\"Layer_1\"><path class=\"cls-1\" d=\"M24,33.2c-1.4-.6-3.3-1-5.6-1.3-.3,0-.5,0-.7.3-.2.2-.2.5,0,.7.1.2.3.4.6.4,1.4.2,2.6.4,3.7.7,2.2.6,3.1,1.3,3.1,1.8s-1,1.2-3.1,1.8c-2.3.6-5.4,1-8.7,1s-6.4-.4-8.7-1c-2.2-.6-3.1-1.3-3.1-1.8s1-1.2,3.1-1.8c1.1-.3,2.3-.5,3.7-.7.3,0,.5-.2.6-.4.1-.2,0-.5,0-.7-.2-.2-.4-.3-.7-.3-1.4.2-2.7.4-3.9.7-2.8.8-4.2,1.8-4.2,3.2s1.5,2.4,4.4,3.2c2.4.6,5.6,1,8.9,1s6.6-.4,9.1-1c2.8-.8,4.2-1.8,4.2-3.2s-.8-1.9-2.5-2.6h0Z\"><\/path><path class=\"cls-2\" d=\"M22.5,3.9C20.1,1.4,16.8,0,13.3,0h0c-3.5,0-6.8,1.4-9.2,3.8C1.5,6.3.2,9.6.2,13.1s.7,4.8,1.9,6.9h0c0,0,.9,1.3,1.2,1.6l8.5,11c.3.4.9.7,1.4.7s1.1-.3,1.4-.7l8.5-11c.3-.3,1.1-1.6,1.2-1.6h0c1.3-2,1.9-4.4,1.9-6.8,0-3.5-1.3-6.8-3.8-9.3ZM13.3,17.9c-2.8,0-5.1-2.3-5.1-5.1s2.3-5.1,5.1-5.1,5.1,2.3,5.1,5.1-2.3,5.1-5.1,5.1Z\"><\/path><\/g><\/g><\/svg>\t\t\t\t\t\t<\/span>\n\t\t\t\t\t\t\t\t\t\t<span class=\"elementor-icon-list-text\">MALOPRODAJA TUZLA<\/span>\n\t\t\t\t\t\t\t\t\t<\/li>\n\t\t\t\t\t\t<\/ul>\n\t\t\t\t\t\t<\/div>\n\t\t\t\t<\/div>\n\t\t\t\t<div class=\"elementor-element elementor-element-f43f2d4 elementor-widget elementor-widget-image\" data-id=\"f43f2d4\" data-element_type=\"widget\" data-e-type=\"widget\" data-widget_type=\"image.default\">\n\t\t\t\t<div class=\"elementor-widget-container\">\n\t\t\t\t\t\t\t\t\t\t\t\t\t\t\t<img loading=\"lazy\" decoding=\"async\" width=\"800\" height=\"600\" src=\"https:\/\/autostil.ba\/maloprodaja\/wp-content\/uploads\/2025\/10\/IMG_8351.jpg\" class=\"attachment-large size-large wp-image-793054619\" alt=\"\" srcset=\"https:\/\/autostil.ba\/maloprodaja\/wp-content\/uploads\/2025\/10\/IMG_8351.jpg 950w, https:\/\/autostil.ba\/maloprodaja\/wp-content\/uploads\/2025\/10\/IMG_8351-600x450.jpg 600w, https:\/\/autostil.ba\/maloprodaja\/wp-content\/uploads\/2025\/10\/IMG_8351-300x225.jpg 300w, https:\/\/autostil.ba\/maloprodaja\/wp-content\/uploads\/2025\/10\/IMG_8351-768x576.jpg 768w\" sizes=\"auto, (max-width: 800px) 100vw, 800px\" \/>\t\t\t\t\t\t\t\t\t\t\t\t\t\t\t<\/div>\n\t\t\t\t<\/div>\n\t\t\t\t<\/a>\n\t\t<a class=\"elementor-element elementor-element-08838e6 e-con-full e-flex e-con e-child\" data-id=\"08838e6\" data-element_type=\"container\" data-e-type=\"container\" href=\"https:\/\/autostil.ba\/maloprodaja\/maloprodaja-prijedor\/\">\n\t\t\t\t<div class=\"elementor-element elementor-element-cc66c44 elementor-align-center elementor-icon-list--layout-traditional elementor-list-item-link-full_width elementor-widget elementor-widget-icon-list\" data-id=\"cc66c44\" data-element_type=\"widget\" data-e-type=\"widget\" data-widget_type=\"icon-list.default\">\n\t\t\t\t<div class=\"elementor-widget-container\">\n\t\t\t\t\t\t\t<ul class=\"elementor-icon-list-items\">\n\t\t\t\t\t\t\t<li class=\"elementor-icon-list-item\">\n\t\t\t\t\t\t\t\t\t\t\t<span class=\"elementor-icon-list-icon\">\n\t\t\t\t\t\t\t<svg xmlns=\"http:\/\/www.w3.org\/2000\/svg\" viewBox=\"0 0 27 40\"><defs><style>      .cls-1 {        fill: #333;      }      .cls-2 {        fill: #0063b0;      }    <\/style><\/defs><g><g id=\"Layer_1\"><path class=\"cls-1\" d=\"M24,33.2c-1.4-.6-3.3-1-5.6-1.3-.3,0-.5,0-.7.3-.2.2-.2.5,0,.7.1.2.3.4.6.4,1.4.2,2.6.4,3.7.7,2.2.6,3.1,1.3,3.1,1.8s-1,1.2-3.1,1.8c-2.3.6-5.4,1-8.7,1s-6.4-.4-8.7-1c-2.2-.6-3.1-1.3-3.1-1.8s1-1.2,3.1-1.8c1.1-.3,2.3-.5,3.7-.7.3,0,.5-.2.6-.4.1-.2,0-.5,0-.7-.2-.2-.4-.3-.7-.3-1.4.2-2.7.4-3.9.7-2.8.8-4.2,1.8-4.2,3.2s1.5,2.4,4.4,3.2c2.4.6,5.6,1,8.9,1s6.6-.4,9.1-1c2.8-.8,4.2-1.8,4.2-3.2s-.8-1.9-2.5-2.6h0Z\"><\/path><path class=\"cls-2\" d=\"M22.5,3.9C20.1,1.4,16.8,0,13.3,0h0c-3.5,0-6.8,1.4-9.2,3.8C1.5,6.3.2,9.6.2,13.1s.7,4.8,1.9,6.9h0c0,0,.9,1.3,1.2,1.6l8.5,11c.3.4.9.7,1.4.7s1.1-.3,1.4-.7l8.5-11c.3-.3,1.1-1.6,1.2-1.6h0c1.3-2,1.9-4.4,1.9-6.8,0-3.5-1.3-6.8-3.8-9.3ZM13.3,17.9c-2.8,0-5.1-2.3-5.1-5.1s2.3-5.1,5.1-5.1,5.1,2.3,5.1,5.1-2.3,5.1-5.1,5.1Z\"><\/path><\/g><\/g><\/svg>\t\t\t\t\t\t<\/span>\n\t\t\t\t\t\t\t\t\t\t<span class=\"elementor-icon-list-text\">MALOPRODAJA PRIJEDOR<\/span>\n\t\t\t\t\t\t\t\t\t<\/li>\n\t\t\t\t\t\t<\/ul>\n\t\t\t\t\t\t<\/div>\n\t\t\t\t<\/div>\n\t\t\t\t<div class=\"elementor-element elementor-element-efe5745 elementor-widget elementor-widget-image\" data-id=\"efe5745\" data-element_type=\"widget\" data-e-type=\"widget\" data-widget_type=\"image.default\">\n\t\t\t\t<div class=\"elementor-widget-container\">\n\t\t\t\t\t\t\t\t\t\t\t\t\t\t\t<img loading=\"lazy\" decoding=\"async\" width=\"800\" height=\"600\" src=\"https:\/\/autostil.ba\/maloprodaja\/wp-content\/uploads\/2025\/10\/IMG_8339.jpg\" class=\"attachment-large size-large wp-image-793054592\" alt=\"\" srcset=\"https:\/\/autostil.ba\/maloprodaja\/wp-content\/uploads\/2025\/10\/IMG_8339.jpg 1000w, https:\/\/autostil.ba\/maloprodaja\/wp-content\/uploads\/2025\/10\/IMG_8339-600x450.jpg 600w, https:\/\/autostil.ba\/maloprodaja\/wp-content\/uploads\/2025\/10\/IMG_8339-300x225.jpg 300w, https:\/\/autostil.ba\/maloprodaja\/wp-content\/uploads\/2025\/10\/IMG_8339-768x576.jpg 768w\" sizes=\"auto, (max-width: 800px) 100vw, 800px\" \/>\t\t\t\t\t\t\t\t\t\t\t\t\t\t\t<\/div>\n\t\t\t\t<\/div>\n\t\t\t\t<\/a>\n\t\t\t\t\t<\/div>\n\t\t\t\t<\/div>\n\t\t\t\t<\/div>\n\t\t","protected":false},"excerpt":{"rendered":"<p>Galerija MALOPRODAJA BANJA LUKA, TRANZIT MALOPRODAJA BANJA LUKA, PETRI\u0106EVAC MALOPRODAJA LAKTA\u0160I, TRN MALOPRODAJA SARAJEVO, BU\u0106A POTOK MALOPRODAJA SARAJEVO, BARE MALOPRODAJA ISTO\u010cNO SARAJEVO MALOPRODAJA TUZLA MALOPRODAJA PRIJEDOR<\/p>\n","protected":false},"author":1,"featured_media":0,"parent":0,"menu_order":0,"comment_status":"closed","ping_status":"closed","template":"","meta":{"_acf_changed":false,"inline_featured_image":false,"footnotes":""},"class_list":["post-793054180","page","type-page","status-publish","hentry"],"acf":[],"_links":{"self":[{"href":"https:\/\/autostil.ba\/maloprodaja\/wp-json\/wp\/v2\/pages\/793054180","targetHints":{"allow":["GET"]}}],"collection":[{"href":"https:\/\/autostil.ba\/maloprodaja\/wp-json\/wp\/v2\/pages"}],"about":[{"href":"https:\/\/autostil.ba\/maloprodaja\/wp-json\/wp\/v2\/types\/page"}],"author":[{"embeddable":true,"href":"https:\/\/autostil.ba\/maloprodaja\/wp-json\/wp\/v2\/users\/1"}],"replies":[{"embeddable":true,"href":"https:\/\/autostil.ba\/maloprodaja\/wp-json\/wp\/v2\/comments?post=793054180"}],"version-history":[{"count":61,"href":"https:\/\/autostil.ba\/maloprodaja\/wp-json\/wp\/v2\/pages\/793054180\/revisions"}],"predecessor-version":[{"id":793054653,"href":"https:\/\/autostil.ba\/maloprodaja\/wp-json\/wp\/v2\/pages\/793054180\/revisions\/793054653"}],"wp:attachment":[{"href":"https:\/\/autostil.ba\/maloprodaja\/wp-json\/wp\/v2\/media?parent=793054180"}],"curies":[{"name":"wp","href":"https:\/\/api.w.org\/{rel}","templated":true}]}}