{"id":793046979,"date":"2024-11-19T14:35:55","date_gmt":"2024-11-19T12:35:55","guid":{"rendered":"https:\/\/autostil.ba\/maloprodaja\/?page_id=793046979"},"modified":"2024-11-19T14:39:02","modified_gmt":"2024-11-19T12:39:02","slug":"rucice-i-koze-mjenjaca-koze-rucne-kocnice-navlake-rucke-mjenjaca","status":"publish","type":"page","link":"https:\/\/autostil.ba\/maloprodaja\/rucice-i-koze-mjenjaca-koze-rucne-kocnice-navlake-rucke-mjenjaca\/","title":{"rendered":"RU\u010cICE I KO\u017dE MJENJA\u010cA \/ KO\u017dE RU\u010cNE KO\u010cNICE \/ NAVLAKE RU\u010cKE MJENJA\u010cA"},"content":{"rendered":"\t\t<div data-elementor-type=\"wp-page\" data-elementor-id=\"793046979\" class=\"elementor elementor-793046979\" data-elementor-post-type=\"page\">\n\t\t\t\t<div class=\"elementor-element elementor-element-cf789d8 e-flex e-con-boxed e-con e-parent\" data-id=\"cf789d8\" data-element_type=\"container\" data-e-type=\"container\" data-settings=\"{&quot;background_background&quot;:&quot;classic&quot;}\">\n\t\t\t\t\t<div class=\"e-con-inner\">\n\t\t\t\t<div class=\"elementor-element elementor-element-bb31f9b naslovi-kategorija elementor-widget elementor-widget-heading\" data-id=\"bb31f9b\" data-element_type=\"widget\" data-e-type=\"widget\" data-widget_type=\"heading.default\">\n\t\t\t\t<div class=\"elementor-widget-container\">\n\t\t\t\t\t<h1 class=\"elementor-heading-title elementor-size-default\">RU\u010cICE I KO\u017dE MJENJA\u010cA \/ KO\u017dE RU\u010cNE KO\u010cNICE \/ NAVLAKE RU\u010cKE MJENJA\u010cA<\/h1>\t\t\t\t<\/div>\n\t\t\t\t<\/div>\n\t\t<div class=\"elementor-element elementor-element-896943f e-grid e-con-full e-con e-child\" data-id=\"896943f\" data-element_type=\"container\" data-e-type=\"container\">\n\t\t<div class=\"elementor-element elementor-element-2877023 e-con-full category-card e-flex e-con e-child\" data-id=\"2877023\" data-element_type=\"container\" data-e-type=\"container\">\n\t\t\t\t<div class=\"elementor-element elementor-element-1a19df7 elementor-widget elementor-widget-image\" data-id=\"1a19df7\" data-element_type=\"widget\" data-e-type=\"widget\" data-widget_type=\"image.default\">\n\t\t\t\t<div class=\"elementor-widget-container\">\n\t\t\t\t\t\t\t\t\t\t\t\t\t\t\t\t<a href=\"https:\/\/autostil.ba\/maloprodaja\/kategorija\/801\/rucice-mjenjaca\/\">\n\t\t\t\t\t\t\t<img loading=\"lazy\" decoding=\"async\" width=\"1000\" height=\"1000\" src=\"https:\/\/autostil.ba\/maloprodaja\/wp-content\/uploads\/2024\/11\/RUCICE-MJENJACA.jpg\" class=\"attachment-full size-full wp-image-793046981\" alt=\"\" srcset=\"https:\/\/autostil.ba\/maloprodaja\/wp-content\/uploads\/2024\/11\/RUCICE-MJENJACA.jpg 1000w, https:\/\/autostil.ba\/maloprodaja\/wp-content\/uploads\/2024\/11\/RUCICE-MJENJACA-300x300.jpg 300w, https:\/\/autostil.ba\/maloprodaja\/wp-content\/uploads\/2024\/11\/RUCICE-MJENJACA-150x150.jpg 150w, https:\/\/autostil.ba\/maloprodaja\/wp-content\/uploads\/2024\/11\/RUCICE-MJENJACA-768x768.jpg 768w, https:\/\/autostil.ba\/maloprodaja\/wp-content\/uploads\/2024\/11\/RUCICE-MJENJACA-600x600.jpg 600w, https:\/\/autostil.ba\/maloprodaja\/wp-content\/uploads\/2024\/11\/RUCICE-MJENJACA-100x100.jpg 100w\" sizes=\"auto, (max-width: 1000px) 100vw, 1000px\" \/>\t\t\t\t\t\t\t\t<\/a>\n\t\t\t\t\t\t\t\t\t\t\t\t\t\t\t<\/div>\n\t\t\t\t<\/div>\n\t\t<div class=\"elementor-element elementor-element-29710c3 e-con-full e-flex e-con e-child\" data-id=\"29710c3\" data-element_type=\"container\" data-e-type=\"container\" data-settings=\"{&quot;background_background&quot;:&quot;classic&quot;}\">\n\t\t\t\t<div class=\"elementor-element elementor-element-726ed28 elementor-widget elementor-widget-heading\" data-id=\"726ed28\" data-element_type=\"widget\" data-e-type=\"widget\" data-widget_type=\"heading.default\">\n\t\t\t\t<div class=\"elementor-widget-container\">\n\t\t\t\t\t<h4 class=\"elementor-heading-title elementor-size-default\"><a href=\"https:\/\/autostil.ba\/maloprodaja\/kategorija\/801\/rucice-mjenjaca\/\">RU\u010cICE MJENJA\u010cA<\/a><\/h4>\t\t\t\t<\/div>\n\t\t\t\t<\/div>\n\t\t\t\t<\/div>\n\t\t\t\t<\/div>\n\t\t<div class=\"elementor-element elementor-element-1660309 e-con-full category-card e-flex e-con e-child\" data-id=\"1660309\" data-element_type=\"container\" data-e-type=\"container\">\n\t\t\t\t<div class=\"elementor-element elementor-element-c0038b4 elementor-widget elementor-widget-image\" data-id=\"c0038b4\" data-element_type=\"widget\" data-e-type=\"widget\" data-widget_type=\"image.default\">\n\t\t\t\t<div class=\"elementor-widget-container\">\n\t\t\t\t\t\t\t\t\t\t\t\t\t\t\t\t<a href=\"https:\/\/autostil.ba\/maloprodaja\/kategorija\/802\/rucice-mjenjaca-sa-kozom\/\">\n\t\t\t\t\t\t\t<img loading=\"lazy\" decoding=\"async\" width=\"500\" height=\"500\" src=\"https:\/\/autostil.ba\/maloprodaja\/wp-content\/uploads\/2024\/11\/RUCICE-MJENJACA-SA-KOZOM.jpg\" class=\"attachment-full size-full wp-image-793046982\" alt=\"\" srcset=\"https:\/\/autostil.ba\/maloprodaja\/wp-content\/uploads\/2024\/11\/RUCICE-MJENJACA-SA-KOZOM.jpg 500w, https:\/\/autostil.ba\/maloprodaja\/wp-content\/uploads\/2024\/11\/RUCICE-MJENJACA-SA-KOZOM-300x300.jpg 300w, https:\/\/autostil.ba\/maloprodaja\/wp-content\/uploads\/2024\/11\/RUCICE-MJENJACA-SA-KOZOM-150x150.jpg 150w, https:\/\/autostil.ba\/maloprodaja\/wp-content\/uploads\/2024\/11\/RUCICE-MJENJACA-SA-KOZOM-100x100.jpg 100w\" sizes=\"auto, (max-width: 500px) 100vw, 500px\" \/>\t\t\t\t\t\t\t\t<\/a>\n\t\t\t\t\t\t\t\t\t\t\t\t\t\t\t<\/div>\n\t\t\t\t<\/div>\n\t\t<div class=\"elementor-element elementor-element-1d084d9 e-con-full e-flex e-con e-child\" data-id=\"1d084d9\" data-element_type=\"container\" data-e-type=\"container\" data-settings=\"{&quot;background_background&quot;:&quot;classic&quot;}\">\n\t\t\t\t<div class=\"elementor-element elementor-element-aadcf0e elementor-widget elementor-widget-heading\" data-id=\"aadcf0e\" data-element_type=\"widget\" data-e-type=\"widget\" data-widget_type=\"heading.default\">\n\t\t\t\t<div class=\"elementor-widget-container\">\n\t\t\t\t\t<h4 class=\"elementor-heading-title elementor-size-default\"><a href=\"https:\/\/autostil.ba\/maloprodaja\/kategorija\/802\/rucice-mjenjaca-sa-kozom\/\">RU\u010cICE MJENJA\u010cA SA KO\u017dOM<\/a><\/h4>\t\t\t\t<\/div>\n\t\t\t\t<\/div>\n\t\t\t\t<\/div>\n\t\t\t\t<\/div>\n\t\t<div class=\"elementor-element elementor-element-295a533 e-con-full category-card e-flex e-con e-child\" data-id=\"295a533\" data-element_type=\"container\" data-e-type=\"container\">\n\t\t\t\t<div class=\"elementor-element elementor-element-54bf83a elementor-widget elementor-widget-image\" data-id=\"54bf83a\" data-element_type=\"widget\" data-e-type=\"widget\" data-widget_type=\"image.default\">\n\t\t\t\t<div class=\"elementor-widget-container\">\n\t\t\t\t\t\t\t\t\t\t\t\t\t\t\t\t<a href=\"https:\/\/autostil.ba\/maloprodaja\/kategorija\/803\/koze-mjenjaca\/\">\n\t\t\t\t\t\t\t<img loading=\"lazy\" decoding=\"async\" width=\"300\" height=\"300\" src=\"https:\/\/autostil.ba\/maloprodaja\/wp-content\/uploads\/2024\/11\/KOZE-MJENJACA.jpg\" class=\"attachment-large size-large wp-image-793046983\" alt=\"\" srcset=\"https:\/\/autostil.ba\/maloprodaja\/wp-content\/uploads\/2024\/11\/KOZE-MJENJACA.jpg 300w, https:\/\/autostil.ba\/maloprodaja\/wp-content\/uploads\/2024\/11\/KOZE-MJENJACA-150x150.jpg 150w, https:\/\/autostil.ba\/maloprodaja\/wp-content\/uploads\/2024\/11\/KOZE-MJENJACA-100x100.jpg 100w\" sizes=\"auto, (max-width: 300px) 100vw, 300px\" \/>\t\t\t\t\t\t\t\t<\/a>\n\t\t\t\t\t\t\t\t\t\t\t\t\t\t\t<\/div>\n\t\t\t\t<\/div>\n\t\t<div class=\"elementor-element elementor-element-f314171 e-con-full e-flex e-con e-child\" data-id=\"f314171\" data-element_type=\"container\" data-e-type=\"container\" data-settings=\"{&quot;background_background&quot;:&quot;classic&quot;}\">\n\t\t\t\t<div class=\"elementor-element elementor-element-43840bc elementor-widget elementor-widget-heading\" data-id=\"43840bc\" data-element_type=\"widget\" data-e-type=\"widget\" data-widget_type=\"heading.default\">\n\t\t\t\t<div class=\"elementor-widget-container\">\n\t\t\t\t\t<h4 class=\"elementor-heading-title elementor-size-default\"><a href=\"https:\/\/autostil.ba\/maloprodaja\/kategorija\/803\/koze-mjenjaca\/\">KO\u017dE MJENJA\u010cA<\/a><\/h4>\t\t\t\t<\/div>\n\t\t\t\t<\/div>\n\t\t\t\t<\/div>\n\t\t\t\t<\/div>\n\t\t<div class=\"elementor-element elementor-element-1891935 e-con-full category-card e-flex e-con e-child\" data-id=\"1891935\" data-element_type=\"container\" data-e-type=\"container\">\n\t\t\t\t<div class=\"elementor-element elementor-element-d7d5991 elementor-widget elementor-widget-image\" data-id=\"d7d5991\" data-element_type=\"widget\" data-e-type=\"widget\" data-widget_type=\"image.default\">\n\t\t\t\t<div class=\"elementor-widget-container\">\n\t\t\t\t\t\t\t\t\t\t\t\t\t\t\t\t<a href=\"https:\/\/autostil.ba\/maloprodaja\/kategorija\/804\/koze-rucne-kocnice\/\">\n\t\t\t\t\t\t\t<img loading=\"lazy\" decoding=\"async\" width=\"420\" height=\"420\" src=\"https:\/\/autostil.ba\/maloprodaja\/wp-content\/uploads\/2024\/11\/KOZE-RUCNE-KOCNICE.jpg\" class=\"attachment-large size-large wp-image-793046984\" alt=\"\" srcset=\"https:\/\/autostil.ba\/maloprodaja\/wp-content\/uploads\/2024\/11\/KOZE-RUCNE-KOCNICE.jpg 420w, https:\/\/autostil.ba\/maloprodaja\/wp-content\/uploads\/2024\/11\/KOZE-RUCNE-KOCNICE-300x300.jpg 300w, https:\/\/autostil.ba\/maloprodaja\/wp-content\/uploads\/2024\/11\/KOZE-RUCNE-KOCNICE-150x150.jpg 150w, https:\/\/autostil.ba\/maloprodaja\/wp-content\/uploads\/2024\/11\/KOZE-RUCNE-KOCNICE-100x100.jpg 100w\" sizes=\"auto, (max-width: 420px) 100vw, 420px\" \/>\t\t\t\t\t\t\t\t<\/a>\n\t\t\t\t\t\t\t\t\t\t\t\t\t\t\t<\/div>\n\t\t\t\t<\/div>\n\t\t<div class=\"elementor-element elementor-element-91dc92b e-con-full e-flex e-con e-child\" data-id=\"91dc92b\" data-element_type=\"container\" data-e-type=\"container\" data-settings=\"{&quot;background_background&quot;:&quot;classic&quot;}\">\n\t\t\t\t<div class=\"elementor-element elementor-element-1282c8a elementor-widget elementor-widget-heading\" data-id=\"1282c8a\" data-element_type=\"widget\" data-e-type=\"widget\" data-widget_type=\"heading.default\">\n\t\t\t\t<div class=\"elementor-widget-container\">\n\t\t\t\t\t<h4 class=\"elementor-heading-title elementor-size-default\"><a href=\"https:\/\/autostil.ba\/maloprodaja\/kategorija\/804\/koze-rucne-kocnice\/\">KO\u017dE RU\u010cNE KO\u010cNICE<\/a><\/h4>\t\t\t\t<\/div>\n\t\t\t\t<\/div>\n\t\t\t\t<\/div>\n\t\t\t\t<\/div>\n\t\t<div class=\"elementor-element elementor-element-807af20 e-con-full category-card e-flex e-con e-child\" data-id=\"807af20\" data-element_type=\"container\" data-e-type=\"container\">\n\t\t\t\t<div class=\"elementor-element elementor-element-ee4958f elementor-widget elementor-widget-image\" data-id=\"ee4958f\" data-element_type=\"widget\" data-e-type=\"widget\" data-widget_type=\"image.default\">\n\t\t\t\t<div class=\"elementor-widget-container\">\n\t\t\t\t\t\t\t\t\t\t\t\t\t\t\t\t<a href=\"https:\/\/autostil.ba\/maloprodaja\/kategorija\/805\/dodatni-dijelovi-rucke-mjenjaca\/\">\n\t\t\t\t\t\t\t<img loading=\"lazy\" decoding=\"async\" width=\"600\" height=\"600\" src=\"https:\/\/autostil.ba\/maloprodaja\/wp-content\/uploads\/2024\/11\/DODATNI-DIJELOVI-RUCKE-MJENJACA.jpg\" class=\"attachment-large size-large wp-image-793046985\" alt=\"\" srcset=\"https:\/\/autostil.ba\/maloprodaja\/wp-content\/uploads\/2024\/11\/DODATNI-DIJELOVI-RUCKE-MJENJACA.jpg 600w, https:\/\/autostil.ba\/maloprodaja\/wp-content\/uploads\/2024\/11\/DODATNI-DIJELOVI-RUCKE-MJENJACA-300x300.jpg 300w, https:\/\/autostil.ba\/maloprodaja\/wp-content\/uploads\/2024\/11\/DODATNI-DIJELOVI-RUCKE-MJENJACA-150x150.jpg 150w, https:\/\/autostil.ba\/maloprodaja\/wp-content\/uploads\/2024\/11\/DODATNI-DIJELOVI-RUCKE-MJENJACA-100x100.jpg 100w\" sizes=\"auto, (max-width: 600px) 100vw, 600px\" \/>\t\t\t\t\t\t\t\t<\/a>\n\t\t\t\t\t\t\t\t\t\t\t\t\t\t\t<\/div>\n\t\t\t\t<\/div>\n\t\t<div class=\"elementor-element elementor-element-f815432 e-con-full e-flex e-con e-child\" data-id=\"f815432\" data-element_type=\"container\" data-e-type=\"container\" data-settings=\"{&quot;background_background&quot;:&quot;classic&quot;}\">\n\t\t\t\t<div class=\"elementor-element elementor-element-1fc27c1 elementor-widget elementor-widget-heading\" data-id=\"1fc27c1\" data-element_type=\"widget\" data-e-type=\"widget\" data-widget_type=\"heading.default\">\n\t\t\t\t<div class=\"elementor-widget-container\">\n\t\t\t\t\t<h4 class=\"elementor-heading-title elementor-size-default\"><a href=\"https:\/\/autostil.ba\/maloprodaja\/kategorija\/805\/dodatni-dijelovi-rucke-mjenjaca\/\"> DODATNI DIJELOVI RU\u010cKE MJENJA\u010cA<\/a><\/h4>\t\t\t\t<\/div>\n\t\t\t\t<\/div>\n\t\t\t\t<\/div>\n\t\t\t\t<\/div>\n\t\t<div class=\"elementor-element elementor-element-381745b e-con-full category-card e-flex e-con e-child\" data-id=\"381745b\" data-element_type=\"container\" data-e-type=\"container\">\n\t\t\t\t<div class=\"elementor-element elementor-element-80e0354 elementor-widget elementor-widget-image\" data-id=\"80e0354\" data-element_type=\"widget\" data-e-type=\"widget\" data-widget_type=\"image.default\">\n\t\t\t\t<div class=\"elementor-widget-container\">\n\t\t\t\t\t\t\t\t\t\t\t\t\t\t\t\t<a href=\"https:\/\/autostil.ba\/maloprodaja\/kategorija\/806\/navlake-rucke-mjenjaca\/\">\n\t\t\t\t\t\t\t<img loading=\"lazy\" decoding=\"async\" width=\"300\" height=\"300\" src=\"https:\/\/autostil.ba\/maloprodaja\/wp-content\/uploads\/2024\/11\/navlake-rucke-mjenjaca.jpg\" class=\"attachment-large size-large wp-image-793046986\" alt=\"\" srcset=\"https:\/\/autostil.ba\/maloprodaja\/wp-content\/uploads\/2024\/11\/navlake-rucke-mjenjaca.jpg 300w, https:\/\/autostil.ba\/maloprodaja\/wp-content\/uploads\/2024\/11\/navlake-rucke-mjenjaca-150x150.jpg 150w, https:\/\/autostil.ba\/maloprodaja\/wp-content\/uploads\/2024\/11\/navlake-rucke-mjenjaca-100x100.jpg 100w\" sizes=\"auto, (max-width: 300px) 100vw, 300px\" \/>\t\t\t\t\t\t\t\t<\/a>\n\t\t\t\t\t\t\t\t\t\t\t\t\t\t\t<\/div>\n\t\t\t\t<\/div>\n\t\t<div class=\"elementor-element elementor-element-c4cdd6f e-con-full e-flex e-con e-child\" data-id=\"c4cdd6f\" data-element_type=\"container\" data-e-type=\"container\" data-settings=\"{&quot;background_background&quot;:&quot;classic&quot;}\">\n\t\t\t\t<div class=\"elementor-element elementor-element-70f9ba6 elementor-widget elementor-widget-heading\" data-id=\"70f9ba6\" data-element_type=\"widget\" data-e-type=\"widget\" data-widget_type=\"heading.default\">\n\t\t\t\t<div class=\"elementor-widget-container\">\n\t\t\t\t\t<h4 class=\"elementor-heading-title elementor-size-default\"><a href=\"https:\/\/autostil.ba\/maloprodaja\/kategorija\/806\/navlake-rucke-mjenjaca\/\">NAVLAKE RU\u010cKE MJENJA\u010cA<\/a><\/h4>\t\t\t\t<\/div>\n\t\t\t\t<\/div>\n\t\t\t\t<\/div>\n\t\t\t\t<\/div>\n\t\t\t\t<\/div>\n\t\t\t\t\t<\/div>\n\t\t\t\t<\/div>\n\t\t\t\t<\/div>\n\t\t","protected":false},"excerpt":{"rendered":"<p>RU\u010cICE I KO\u017dE MJENJA\u010cA \/ KO\u017dE RU\u010cNE KO\u010cNICE \/ NAVLAKE RU\u010cKE MJENJA\u010cA RU\u010cICE MJENJA\u010cA RU\u010cICE MJENJA\u010cA SA KO\u017dOM KO\u017dE MJENJA\u010cA KO\u017dE RU\u010cNE KO\u010cNICE DODATNI DIJELOVI RU\u010cKE MJENJA\u010cA NAVLAKE RU\u010cKE MJENJA\u010cA<\/p>\n","protected":false},"author":1,"featured_media":0,"parent":0,"menu_order":0,"comment_status":"closed","ping_status":"closed","template":"","meta":{"_acf_changed":false,"inline_featured_image":false,"footnotes":""},"class_list":["post-793046979","page","type-page","status-publish","hentry"],"acf":[],"_links":{"self":[{"href":"https:\/\/autostil.ba\/maloprodaja\/wp-json\/wp\/v2\/pages\/793046979","targetHints":{"allow":["GET"]}}],"collection":[{"href":"https:\/\/autostil.ba\/maloprodaja\/wp-json\/wp\/v2\/pages"}],"about":[{"href":"https:\/\/autostil.ba\/maloprodaja\/wp-json\/wp\/v2\/types\/page"}],"author":[{"embeddable":true,"href":"https:\/\/autostil.ba\/maloprodaja\/wp-json\/wp\/v2\/users\/1"}],"replies":[{"embeddable":true,"href":"https:\/\/autostil.ba\/maloprodaja\/wp-json\/wp\/v2\/comments?post=793046979"}],"version-history":[{"count":4,"href":"https:\/\/autostil.ba\/maloprodaja\/wp-json\/wp\/v2\/pages\/793046979\/revisions"}],"predecessor-version":[{"id":793046989,"href":"https:\/\/autostil.ba\/maloprodaja\/wp-json\/wp\/v2\/pages\/793046979\/revisions\/793046989"}],"wp:attachment":[{"href":"https:\/\/autostil.ba\/maloprodaja\/wp-json\/wp\/v2\/media?parent=793046979"}],"curies":[{"name":"wp","href":"https:\/\/api.w.org\/{rel}","templated":true}]}}