{"id":2693,"date":"2024-07-16T08:55:32","date_gmt":"2024-07-16T08:55:32","guid":{"rendered":"https:\/\/autostil.ba\/maloprodaja\/?page_id=2693"},"modified":"2025-10-08T11:26:51","modified_gmt":"2025-10-08T09:26:51","slug":"o-nama","status":"publish","type":"page","link":"https:\/\/autostil.ba\/maloprodaja\/o-nama\/","title":{"rendered":"O nama"},"content":{"rendered":"\t\t<div data-elementor-type=\"wp-page\" data-elementor-id=\"2693\" class=\"elementor elementor-2693\" data-elementor-post-type=\"page\">\n\t\t\t\t<div class=\"elementor-element elementor-element-24da455 e-con-full e-flex e-con e-child\" data-id=\"24da455\" data-element_type=\"container\" data-e-type=\"container\" data-settings=\"{&quot;background_background&quot;:&quot;classic&quot;}\">\n\t\t\t\t<div class=\"elementor-element elementor-element-796140a elementor-widget elementor-widget-heading\" data-id=\"796140a\" data-element_type=\"widget\" data-e-type=\"widget\" data-widget_type=\"heading.default\">\n\t\t\t\t<div class=\"elementor-widget-container\">\n\t\t\t\t\t<h1 class=\"elementor-heading-title elementor-size-default\">O nama<\/h1>\t\t\t\t<\/div>\n\t\t\t\t<\/div>\n\t\t\t\t<\/div>\n\t\t<div class=\"elementor-element elementor-element-9032750 e-con-full e-flex e-con e-parent\" data-id=\"9032750\" data-element_type=\"container\" data-e-type=\"container\">\n\t\t\t\t<div class=\"elementor-element elementor-element-7ea47e4 elementor-widget elementor-widget-text-editor\" data-id=\"7ea47e4\" data-element_type=\"widget\" data-e-type=\"widget\" data-widget_type=\"text-editor.default\">\n\t\t\t\t<div class=\"elementor-widget-container\">\n\t\t\t\t\t\t\t\t\t<p>Firma <strong>AUTO-STIL d.o.o.<\/strong> po\u010dela je sa radom 2004. godine. Maloprodaja i veleprodaja auto opreme i auto kozmetike je na\u0161a specijalnost.<br \/><strong>Na\u0161i maloprodajni objekti su smje\u0161teni u Banjaluci, Isto\u010dnom Sarajevu i Prijedoru.<\/strong> U poslovnicama je <strong>dostupno preko 4000 artikala.<\/strong><br \/>Veleprodaja se vr\u0161i putem mre\u017ee na\u0161ih 800 komintenata \u0161irom Bosne i Hercegovine.<\/p>\t\t\t\t\t\t\t\t<\/div>\n\t\t\t\t<\/div>\n\t\t\t\t<\/div>\n\t\t<div class=\"elementor-element elementor-element-7e782f9 e-flex e-con-boxed e-con e-child\" data-id=\"7e782f9\" data-element_type=\"container\" data-e-type=\"container\" data-settings=\"{&quot;background_background&quot;:&quot;classic&quot;}\">\n\t\t\t\t\t<div class=\"e-con-inner\">\n\t\t<div class=\"elementor-element elementor-element-d3adaa9 e-grid e-con-full e-con e-child\" data-id=\"d3adaa9\" data-element_type=\"container\" data-e-type=\"container\" data-settings=\"{&quot;background_background&quot;:&quot;classic&quot;}\">\n\t\t<div class=\"elementor-element elementor-element-b21f583 e-con-full e-flex e-con e-child\" data-id=\"b21f583\" data-element_type=\"container\" data-e-type=\"container\">\n\t\t\t\t<div class=\"elementor-element elementor-element-5509be6 elementor-widget-tablet__width-inherit elementor-widget elementor-widget-heading\" data-id=\"5509be6\" data-element_type=\"widget\" data-e-type=\"widget\" data-widget_type=\"heading.default\">\n\t\t\t\t<div class=\"elementor-widget-container\">\n\t\t\t\t\t<h2 class=\"elementor-heading-title elementor-size-default\">Mi smo direktni distributeri <br> sljede\u0107ih kompanija:\u200b<\/h2>\t\t\t\t<\/div>\n\t\t\t\t<\/div>\n\t\t\t\t<div class=\"elementor-element elementor-element-154327e elementor-widget elementor-widget-image\" data-id=\"154327e\" data-element_type=\"widget\" data-e-type=\"widget\" data-widget_type=\"image.default\">\n\t\t\t\t<div class=\"elementor-widget-container\">\n\t\t\t\t\t\t\t\t\t\t\t\t\t\t\t<img loading=\"lazy\" decoding=\"async\" width=\"575\" height=\"368\" src=\"https:\/\/autostil.ba\/maloprodaja\/wp-content\/uploads\/2024\/07\/distributeri-img.svg\" class=\"attachment-full size-full wp-image-158418\" alt=\"\" \/>\t\t\t\t\t\t\t\t\t\t\t\t\t\t\t<\/div>\n\t\t\t\t<\/div>\n\t\t\t\t<\/div>\n\t\t<div class=\"elementor-element elementor-element-58e9783 e-con-full e-flex e-con e-child\" data-id=\"58e9783\" data-element_type=\"container\" data-e-type=\"container\">\n\t\t\t\t<div class=\"elementor-element elementor-element-bf9affb elementor-icon-list--layout-traditional elementor-list-item-link-full_width elementor-widget elementor-widget-icon-list\" data-id=\"bf9affb\" data-element_type=\"widget\" data-e-type=\"widget\" data-widget_type=\"icon-list.default\">\n\t\t\t\t<div class=\"elementor-widget-container\">\n\t\t\t\t\t\t\t<ul class=\"elementor-icon-list-items\">\n\t\t\t\t\t\t\t<li class=\"elementor-icon-list-item\">\n\t\t\t\t\t\t\t\t\t\t<span class=\"elementor-icon-list-text\"><b>AUTOSYSTEM<\/b> - Na\u0161 brend, kompletan program auto opreme<\/span>\n\t\t\t\t\t\t\t\t\t<\/li>\n\t\t\t\t\t\t\t\t<li class=\"elementor-icon-list-item\">\n\t\t\t\t\t\t\t\t\t\t<span class=\"elementor-icon-list-text\"><b>AUTO FROGY UGREN s.z.t.r <\/b> - Republika Srbija, kompletan program plasti\u010dnih kop\u010di<\/span>\n\t\t\t\t\t\t\t\t\t<\/li>\n\t\t\t\t\t\t\t\t<li class=\"elementor-icon-list-item\">\n\t\t\t\t\t\t\t\t\t\t<span class=\"elementor-icon-list-text\"><b>AROMA CAR<\/b> - Poljska, kompletan program osvje\u017eiva\u010da za auto<\/span>\n\t\t\t\t\t\t\t\t\t<\/li>\n\t\t\t\t\t\t\t\t<li class=\"elementor-icon-list-item\">\n\t\t\t\t\t\t\t\t\t\t<span class=\"elementor-icon-list-text\"><b>AMTRA<\/b> - Poljska, program hemije (auto kozmetika)<\/span>\n\t\t\t\t\t\t\t\t\t<\/li>\n\t\t\t\t\t\t\t\t<li class=\"elementor-icon-list-item\">\n\t\t\t\t\t\t\t\t\t\t<span class=\"elementor-icon-list-text\"><b>BAD BOYS<\/b> - VELIKA BRITANIJA, program opreme za auto detailing<\/span>\n\t\t\t\t\t\t\t\t\t<\/li>\n\t\t\t\t\t\t\t\t<li class=\"elementor-icon-list-item\">\n\t\t\t\t\t\t\t\t\t\t<span class=\"elementor-icon-list-text\"><b>BEST AUTO MAX s.r.o<\/b> - Slova\u010dka, kompletan program auto opreme<\/span>\n\t\t\t\t\t\t\t\t\t<\/li>\n\t\t\t\t\t\t\t\t<li class=\"elementor-icon-list-item\">\n\t\t\t\t\t\t\t\t\t\t<span class=\"elementor-icon-list-text\"><b>BOSCH GmbH<\/b> - Njema\u010dka, program metlica brisa\u010da<\/span>\n\t\t\t\t\t\t\t\t\t<\/li>\n\t\t\t\t\t\t\t\t<li class=\"elementor-icon-list-item\">\n\t\t\t\t\t\t\t\t\t\t<span class=\"elementor-icon-list-text\"><b>G3 S.p.A<\/b> - Italija, kompletan program krovnih nosa\u010da i krovnih kofera<\/span>\n\t\t\t\t\t\t\t\t\t<\/li>\n\t\t\t\t\t\t\t\t<li class=\"elementor-icon-list-item\">\n\t\t\t\t\t\t\t\t\t\t<span class=\"elementor-icon-list-text\"><b>GLEDRING<\/b> - SLOVENIJA, program gumenih patosnica i podmeta\u010da za gepek<\/span>\n\t\t\t\t\t\t\t\t\t<\/li>\n\t\t\t\t\t\t\t\t<li class=\"elementor-icon-list-item\">\n\t\t\t\t\t\t\t\t\t\t<span class=\"elementor-icon-list-text\"><b>LIMASTAR<\/b> - Kina, kompletan program auto sijalica<\/span>\n\t\t\t\t\t\t\t\t\t<\/li>\n\t\t\t\t\t\t<\/ul>\n\t\t\t\t\t\t<\/div>\n\t\t\t\t<\/div>\n\t\t\t\t<div class=\"elementor-element elementor-element-422876b elementor-icon-list--layout-traditional elementor-list-item-link-full_width elementor-widget elementor-widget-icon-list\" data-id=\"422876b\" data-element_type=\"widget\" data-e-type=\"widget\" data-widget_type=\"icon-list.default\">\n\t\t\t\t<div class=\"elementor-widget-container\">\n\t\t\t\t\t\t\t<ul class=\"elementor-icon-list-items\">\n\t\t\t\t\t\t\t<li class=\"elementor-icon-list-item\">\n\t\t\t\t\t\t\t\t\t\t<span class=\"elementor-icon-list-text\"><b>LIQUI MOLY<\/b> - Njema\u010dka, program aditiva za automobile<\/span>\n\t\t\t\t\t\t\t\t\t<\/li>\n\t\t\t\t\t\t\t\t<li class=\"elementor-icon-list-item\">\n\t\t\t\t\t\t\t\t\t\t<span class=\"elementor-icon-list-text\"><b>OSRAM<\/b> - Njema\u010dka, program auto sijalica<\/span>\n\t\t\t\t\t\t\t\t\t<\/li>\n\t\t\t\t\t\t\t\t<li class=\"elementor-icon-list-item\">\n\t\t\t\t\t\t\t\t\t\t<span class=\"elementor-icon-list-text\"><b>SONAX<\/b> - Njema\u010dka, program opreme za autodetailing<\/span>\n\t\t\t\t\t\t\t\t\t<\/li>\n\t\t\t\t\t\t\t\t<li class=\"elementor-icon-list-item\">\n\t\t\t\t\t\t\t\t\t\t<span class=\"elementor-icon-list-text\"><b>WD-40<\/b> - USA, program odvija\u010da<\/span>\n\t\t\t\t\t\t\t\t\t<\/li>\n\t\t\t\t\t\t\t\t<li class=\"elementor-icon-list-item\">\n\t\t\t\t\t\t\t\t\t\t<span class=\"elementor-icon-list-text\"><b>WUNDER BAUM<\/b> - USA, program osvje\u017eiva\u010da za auto<\/span>\n\t\t\t\t\t\t\t\t\t<\/li>\n\t\t\t\t\t\t\t\t<li class=\"elementor-icon-list-item\">\n\t\t\t\t\t\t\t\t\t\t<span class=\"elementor-icon-list-text\"><b>LAMPA SPA<\/b> - Italija, kompletan program auto opreme<\/span>\n\t\t\t\t\t\t\t\t\t<\/li>\n\t\t\t\t\t\t\t\t<li class=\"elementor-icon-list-item\">\n\t\t\t\t\t\t\t\t\t\t<span class=\"elementor-icon-list-text\"><b>GUMARNA ZUBRI<\/b> - \u010ce\u0161ka Republika, gumene tipske patosnice<\/span>\n\t\t\t\t\t\t\t\t\t<\/li>\n\t\t\t\t\t\t\t\t<li class=\"elementor-icon-list-item\">\n\t\t\t\t\t\t\t\t\t\t<span class=\"elementor-icon-list-text\"><b>SJS<\/b> - Turska, program tipskih ratkapa sa znakom<\/span>\n\t\t\t\t\t\t\t\t\t<\/li>\n\t\t\t\t\t\t\t\t<li class=\"elementor-icon-list-item\">\n\t\t\t\t\t\t\t\t\t\t<span class=\"elementor-icon-list-text\"><b>VERSACO<\/b> - SLOVENIJA, program gumenih patosnica i podmeta\u010da za gepek<\/span>\n\t\t\t\t\t\t\t\t\t<\/li>\n\t\t\t\t\t\t\t\t<li class=\"elementor-icon-list-item\">\n\t\t\t\t\t\t\t\t\t\t<span class=\"elementor-icon-list-text\"><b>MENABO<\/b> - Italija, program krovnih nosa\u010da i nosa\u010da za skije<\/span>\n\t\t\t\t\t\t\t\t\t<\/li>\n\t\t\t\t\t\t\t\t<li class=\"elementor-icon-list-item\">\n\t\t\t\t\t\t\t\t\t\t<span class=\"elementor-icon-list-text\"><b>OGNIOCHORN<\/b> - Poljska, program vatrogasnih aparata<\/span>\n\t\t\t\t\t\t\t\t\t<\/li>\n\t\t\t\t\t\t<\/ul>\n\t\t\t\t\t\t<\/div>\n\t\t\t\t<\/div>\n\t\t\t\t<\/div>\n\t\t\t\t<\/div>\n\t\t\t\t\t<\/div>\n\t\t\t\t<\/div>\n\t\t<div class=\"elementor-element elementor-element-822344a e-flex e-con-boxed e-con e-parent\" data-id=\"822344a\" data-element_type=\"container\" data-e-type=\"container\" data-settings=\"{&quot;background_background&quot;:&quot;classic&quot;}\">\n\t\t\t\t\t<div class=\"e-con-inner\">\n\t\t<div class=\"elementor-element elementor-element-dad8ee3 e-con-full e-flex e-con e-child\" data-id=\"dad8ee3\" data-element_type=\"container\" data-e-type=\"container\">\n\t\t\t\t<div class=\"elementor-element elementor-element-f66c428 elementor-widget__width-initial elementor-widget elementor-widget-heading\" data-id=\"f66c428\" data-element_type=\"widget\" data-e-type=\"widget\" data-widget_type=\"heading.default\">\n\t\t\t\t<div class=\"elementor-widget-container\">\n\t\t\t\t\t<p class=\"elementor-heading-title elementor-size-default\">Paralelno sa distribucijom artikla iz navedenih firmi, konstantno radimo i na <b>razvijanju vlastitog brenda AUTOSYSTEM,<\/b> <br> pod kojim prodajemo veliki broj artikla od <b>na\u0161ih partnera iz Republike Kine,<\/b> od kojih izdvajamo:<\/p>\t\t\t\t<\/div>\n\t\t\t\t<\/div>\n\t\t<div class=\"elementor-element elementor-element-bdb21f2 e-grid e-con-full e-con e-child\" data-id=\"bdb21f2\" data-element_type=\"container\" data-e-type=\"container\" data-settings=\"{&quot;background_background&quot;:&quot;classic&quot;}\">\n\t\t\t\t<div class=\"elementor-element elementor-element-a6d71dd list-fix-padding elementor-widget elementor-widget-text-editor\" data-id=\"a6d71dd\" data-element_type=\"widget\" data-e-type=\"widget\" data-widget_type=\"text-editor.default\">\n\t\t\t\t<div class=\"elementor-widget-container\">\n\t\t\t\t\t\t\t\t\t<ul><li>Auto presvlake<\/li><li>Navlaka za sjedala<\/li><li>Navlaka za volan<\/li><li>Sijalice za ksenonska svjetla<\/li><li>Setove ksenonskih svjetala<\/li><li>FM modulatori za muziku<\/li><li>Karbonske folije<\/li><\/ul>\t\t\t\t\t\t\t\t<\/div>\n\t\t\t\t<\/div>\n\t\t\t\t<div class=\"elementor-element elementor-element-33a1745 list-fix-padding elementor-widget elementor-widget-text-editor\" data-id=\"33a1745\" data-element_type=\"widget\" data-e-type=\"widget\" data-widget_type=\"text-editor.default\">\n\t\t\t\t<div class=\"elementor-widget-container\">\n\t\t\t\t\t\t\t\t\t<ul><li>LED sijalice<\/li><li>Daljinska zaklju\u010davanja<\/li><li>Brisa\u010di<\/li><li>Auto patosnice<\/li><li>Tepih tipske<\/li><li>Auto patosnice tepih univerzalne<\/li><li>Garniture sijalica 12v<\/li><\/ul>\t\t\t\t\t\t\t\t<\/div>\n\t\t\t\t<\/div>\n\t\t\t\t<div class=\"elementor-element elementor-element-85b31c2 list-fix-padding elementor-widget elementor-widget-text-editor\" data-id=\"85b31c2\" data-element_type=\"widget\" data-e-type=\"widget\" data-widget_type=\"text-editor.default\">\n\t\t\t\t<div class=\"elementor-widget-container\">\n\t\t\t\t\t\t\t\t\t<ul><li>Sijalice za fabri\u010dka ksenon svijetla<\/li><li>Maglenke<\/li><li>LED dnevna svijetla<\/li><li>Sijalice 12v standardne<\/li><li>Folije za stakla<\/li><li>Oklopi za klju\u010deve<\/li><li>Ru\u010dke i ko\u017ee mjenja\u010da-tipske<\/li><\/ul>\t\t\t\t\t\t\t\t<\/div>\n\t\t\t\t<\/div>\n\t\t\t\t<div class=\"elementor-element elementor-element-c16b42e list-fix-padding elementor-widget elementor-widget-text-editor\" data-id=\"c16b42e\" data-element_type=\"widget\" data-e-type=\"widget\" data-widget_type=\"text-editor.default\">\n\t\t\t\t<div class=\"elementor-widget-container\">\n\t\t\t\t\t\t\t\t\t<ul><li>Aluminijumske feluge<\/li><li>Lance za snijeg<\/li><li>Parking senzore<\/li><li>Multimedije<\/li><li>Sijalice za ksenonska svjetla<\/li><li>Kompleti obavezne opreme<\/li><\/ul>\t\t\t\t\t\t\t\t<\/div>\n\t\t\t\t<\/div>\n\t\t\t\t<\/div>\n\t\t\t\t<\/div>\n\t\t\t\t\t<\/div>\n\t\t\t\t<\/div>\n\t\t<div class=\"elementor-element elementor-element-8c7ca77 e-flex e-con-boxed e-con e-child\" data-id=\"8c7ca77\" data-element_type=\"container\" data-e-type=\"container\">\n\t\t\t\t\t<div class=\"e-con-inner\">\n\t\t<div class=\"elementor-element elementor-element-321844c e-grid e-con-full e-con e-child\" data-id=\"321844c\" data-element_type=\"container\" data-e-type=\"container\">\n\t\t<div class=\"elementor-element elementor-element-92870c5 e-con-full e-flex e-con e-child\" data-id=\"92870c5\" data-element_type=\"container\" data-e-type=\"container\">\n\t\t\t\t<div class=\"elementor-element elementor-element-a305580 elementor-widget elementor-widget-image\" data-id=\"a305580\" data-element_type=\"widget\" data-e-type=\"widget\" data-widget_type=\"image.default\">\n\t\t\t\t<div class=\"elementor-widget-container\">\n\t\t\t\t\t\t\t\t\t\t\t\t\t\t\t<img loading=\"lazy\" decoding=\"async\" width=\"74\" height=\"48\" src=\"https:\/\/autostil.ba\/maloprodaja\/wp-content\/uploads\/2024\/07\/pravac-img.svg\" class=\"attachment-full size-full wp-image-158475\" alt=\"\" \/>\t\t\t\t\t\t\t\t\t\t\t\t\t\t\t<\/div>\n\t\t\t\t<\/div>\n\t\t\t\t<div class=\"elementor-element elementor-element-1bd3ba5 elementor-widget elementor-widget-heading\" data-id=\"1bd3ba5\" data-element_type=\"widget\" data-e-type=\"widget\" data-widget_type=\"heading.default\">\n\t\t\t\t<div class=\"elementor-widget-container\">\n\t\t\t\t\t<p class=\"elementor-heading-title elementor-size-default\">Pravac u kojem \u017eelimo da idemo, kad je u pitanju nivo maloprodaje, je pravac prodaje putem interneta, koja, u kombinaciji sa kvalitetnom dostavom, kupcu \u0161tedi vrijeme i novac.<\/p>\t\t\t\t<\/div>\n\t\t\t\t<\/div>\n\t\t\t\t<\/div>\n\t\t<div class=\"elementor-element elementor-element-cfa170e e-con-full e-flex e-con e-child\" data-id=\"cfa170e\" data-element_type=\"container\" data-e-type=\"container\">\n\t\t\t\t<div class=\"elementor-element elementor-element-85dadaa elementor-widget elementor-widget-image\" data-id=\"85dadaa\" data-element_type=\"widget\" data-e-type=\"widget\" data-widget_type=\"image.default\">\n\t\t\t\t<div class=\"elementor-widget-container\">\n\t\t\t\t\t\t\t\t\t\t\t\t\t\t\t<img loading=\"lazy\" decoding=\"async\" width=\"61\" height=\"51\" src=\"https:\/\/autostil.ba\/maloprodaja\/wp-content\/uploads\/2024\/07\/poruka-kupcima-img.svg\" class=\"attachment-full size-full wp-image-158476\" alt=\"\" \/>\t\t\t\t\t\t\t\t\t\t\t\t\t\t\t<\/div>\n\t\t\t\t<\/div>\n\t\t\t\t<div class=\"elementor-element elementor-element-08bcb48 elementor-widget elementor-widget-heading\" data-id=\"08bcb48\" data-element_type=\"widget\" data-e-type=\"widget\" data-widget_type=\"heading.default\">\n\t\t\t\t<div class=\"elementor-widget-container\">\n\t\t\t\t\t<p class=\"elementor-heading-title elementor-size-default\">Na\u0161a poruka je da budete sigurni i spokojni prilikom kupovine putem interneta , a na nama je da to povjerenje svakoga dana sve vi\u0161e u\u010dv\u0161\u0107ujemo.<\/p>\t\t\t\t<\/div>\n\t\t\t\t<\/div>\n\t\t\t\t<\/div>\n\t\t\t\t<\/div>\n\t\t\t\t\t<\/div>\n\t\t\t\t<\/div>\n\t\t\t\t<\/div>\n\t\t","protected":false},"excerpt":{"rendered":"<p>O nama Firma AUTO-STIL d.o.o. po\u010dela je sa radom 2004. godine. Maloprodaja i veleprodaja auto opreme i auto kozmetike je na\u0161a specijalnost.Na\u0161i maloprodajni objekti su smje\u0161teni u Banjaluci, Isto\u010dnom Sarajevu i Prijedoru. U poslovnicama je dostupno preko 4000 artikala.Veleprodaja se vr\u0161i putem mre\u017ee na\u0161ih 800 komintenata \u0161irom Bosne i Hercegovine. Mi smo direktni distributeri sljede\u0107ih [&hellip;]<\/p>\n","protected":false},"author":1,"featured_media":0,"parent":0,"menu_order":0,"comment_status":"closed","ping_status":"closed","template":"","meta":{"_acf_changed":false,"inline_featured_image":false,"footnotes":""},"class_list":["post-2693","page","type-page","status-publish","hentry"],"acf":[],"_links":{"self":[{"href":"https:\/\/autostil.ba\/maloprodaja\/wp-json\/wp\/v2\/pages\/2693","targetHints":{"allow":["GET"]}}],"collection":[{"href":"https:\/\/autostil.ba\/maloprodaja\/wp-json\/wp\/v2\/pages"}],"about":[{"href":"https:\/\/autostil.ba\/maloprodaja\/wp-json\/wp\/v2\/types\/page"}],"author":[{"embeddable":true,"href":"https:\/\/autostil.ba\/maloprodaja\/wp-json\/wp\/v2\/users\/1"}],"replies":[{"embeddable":true,"href":"https:\/\/autostil.ba\/maloprodaja\/wp-json\/wp\/v2\/comments?post=2693"}],"version-history":[{"count":304,"href":"https:\/\/autostil.ba\/maloprodaja\/wp-json\/wp\/v2\/pages\/2693\/revisions"}],"predecessor-version":[{"id":793054283,"href":"https:\/\/autostil.ba\/maloprodaja\/wp-json\/wp\/v2\/pages\/2693\/revisions\/793054283"}],"wp:attachment":[{"href":"https:\/\/autostil.ba\/maloprodaja\/wp-json\/wp\/v2\/media?parent=2693"}],"curies":[{"name":"wp","href":"https:\/\/api.w.org\/{rel}","templated":true}]}}