{"id":1794,"date":"2024-07-11T09:59:30","date_gmt":"2024-07-11T09:59:30","guid":{"rendered":"https:\/\/autostil.ba\/maloprodaja\/?page_id=1794"},"modified":"2024-11-18T11:16:06","modified_gmt":"2024-11-18T09:16:06","slug":"potkategorija-49-oklopi-baterije-privjesci-i-torbice-za-kljuceve","status":"publish","type":"page","link":"https:\/\/autostil.ba\/maloprodaja\/potkategorija\/49\/oklopi-baterije-privjesci-i-torbice-za-kljuceve\/","title":{"rendered":"OKLOPI, BATERIJE, PRIVJESCI I TORBICE ZA KLJU\u010cEVE"},"content":{"rendered":"\t\t<div data-elementor-type=\"wp-page\" data-elementor-id=\"1794\" class=\"elementor elementor-1794\" data-elementor-post-type=\"page\">\n\t\t\t\t<div class=\"elementor-element elementor-element-3b8c72d e-flex e-con-boxed e-con e-parent\" data-id=\"3b8c72d\" data-element_type=\"container\" data-e-type=\"container\" data-settings=\"{&quot;background_background&quot;:&quot;classic&quot;}\">\n\t\t\t\t\t<div class=\"e-con-inner\">\n\t\t\t\t<div class=\"elementor-element elementor-element-dfe5ca1 naslovi-kategorija elementor-widget elementor-widget-heading\" data-id=\"dfe5ca1\" data-element_type=\"widget\" data-e-type=\"widget\" data-widget_type=\"heading.default\">\n\t\t\t\t<div class=\"elementor-widget-container\">\n\t\t\t\t\t<h1 class=\"elementor-heading-title elementor-size-default\">OKLOPI, BATERIJE, PRIVJESCI, TORBICE I NAVLAKE ZA KLJU\u010cEVE<\/h1>\t\t\t\t<\/div>\n\t\t\t\t<\/div>\n\t\t<div class=\"elementor-element elementor-element-ae06f49 e-con-full e-flex e-con e-child\" data-id=\"ae06f49\" data-element_type=\"container\" data-e-type=\"container\">\n\t\t<div class=\"elementor-element elementor-element-344c4a8 e-con-full e-flex e-con e-child\" data-id=\"344c4a8\" data-element_type=\"container\" data-e-type=\"container\">\n\t\t<div class=\"elementor-element elementor-element-171b051 e-con-full category-card e-flex e-con e-child\" data-id=\"171b051\" data-element_type=\"container\" data-e-type=\"container\">\n\t\t\t\t<div class=\"elementor-element elementor-element-e2c90b8 elementor-widget elementor-widget-image\" data-id=\"e2c90b8\" data-element_type=\"widget\" data-e-type=\"widget\" data-widget_type=\"image.default\">\n\t\t\t\t<div class=\"elementor-widget-container\">\n\t\t\t\t\t\t\t\t\t\t\t\t\t\t\t\t<a href=\"https:\/\/autostil.ba\/maloprodaja\/kategorija\/222\/baterije-za-kljuceve\/\">\n\t\t\t\t\t\t\t<img loading=\"lazy\" decoding=\"async\" width=\"500\" height=\"500\" src=\"https:\/\/autostil.ba\/maloprodaja\/wp-content\/uploads\/2024\/07\/1697633722-baterije-za-kljuceve.jpg\" class=\"attachment-large size-large wp-image-2587\" alt=\"\" srcset=\"https:\/\/autostil.ba\/maloprodaja\/wp-content\/uploads\/2024\/07\/1697633722-baterije-za-kljuceve.jpg 500w, https:\/\/autostil.ba\/maloprodaja\/wp-content\/uploads\/2024\/07\/1697633722-baterije-za-kljuceve-300x300.jpg 300w, https:\/\/autostil.ba\/maloprodaja\/wp-content\/uploads\/2024\/07\/1697633722-baterije-za-kljuceve-150x150.jpg 150w, https:\/\/autostil.ba\/maloprodaja\/wp-content\/uploads\/2024\/07\/1697633722-baterije-za-kljuceve-100x100.jpg 100w\" sizes=\"auto, (max-width: 500px) 100vw, 500px\" \/>\t\t\t\t\t\t\t\t<\/a>\n\t\t\t\t\t\t\t\t\t\t\t\t\t\t\t<\/div>\n\t\t\t\t<\/div>\n\t\t<div class=\"elementor-element elementor-element-a3fee4a e-con-full e-flex e-con e-child\" data-id=\"a3fee4a\" data-element_type=\"container\" data-e-type=\"container\" data-settings=\"{&quot;background_background&quot;:&quot;classic&quot;}\">\n\t\t\t\t<div class=\"elementor-element elementor-element-e600314 elementor-widget elementor-widget-heading\" data-id=\"e600314\" data-element_type=\"widget\" data-e-type=\"widget\" data-widget_type=\"heading.default\">\n\t\t\t\t<div class=\"elementor-widget-container\">\n\t\t\t\t\t<h4 class=\"elementor-heading-title elementor-size-default\"><a href=\"https:\/\/autostil.ba\/maloprodaja\/kategorija\/222\/baterije-za-kljuceve\/\">Baterije za klju\u010deve<\/a><\/h4>\t\t\t\t<\/div>\n\t\t\t\t<\/div>\n\t\t\t\t<\/div>\n\t\t\t\t<\/div>\n\t\t<div class=\"elementor-element elementor-element-41f8d60 e-con-full category-card e-flex e-con e-child\" data-id=\"41f8d60\" data-element_type=\"container\" data-e-type=\"container\">\n\t\t\t\t<div class=\"elementor-element elementor-element-25c9db0 elementor-widget elementor-widget-image\" data-id=\"25c9db0\" data-element_type=\"widget\" data-e-type=\"widget\" data-widget_type=\"image.default\">\n\t\t\t\t<div class=\"elementor-widget-container\">\n\t\t\t\t\t\t\t\t\t\t\t\t\t\t\t\t<a href=\"https:\/\/autostil.ba\/maloprodaja\/kategorija\/108\/oklopi-za-kljuceve\/\">\n\t\t\t\t\t\t\t<img loading=\"lazy\" decoding=\"async\" width=\"500\" height=\"500\" src=\"https:\/\/autostil.ba\/maloprodaja\/wp-content\/uploads\/2024\/07\/1692877219-oklopi-za-kljuceve.jpg\" class=\"attachment-large size-large wp-image-2586\" alt=\"\" srcset=\"https:\/\/autostil.ba\/maloprodaja\/wp-content\/uploads\/2024\/07\/1692877219-oklopi-za-kljuceve.jpg 500w, https:\/\/autostil.ba\/maloprodaja\/wp-content\/uploads\/2024\/07\/1692877219-oklopi-za-kljuceve-300x300.jpg 300w, https:\/\/autostil.ba\/maloprodaja\/wp-content\/uploads\/2024\/07\/1692877219-oklopi-za-kljuceve-150x150.jpg 150w, https:\/\/autostil.ba\/maloprodaja\/wp-content\/uploads\/2024\/07\/1692877219-oklopi-za-kljuceve-100x100.jpg 100w\" sizes=\"auto, (max-width: 500px) 100vw, 500px\" \/>\t\t\t\t\t\t\t\t<\/a>\n\t\t\t\t\t\t\t\t\t\t\t\t\t\t\t<\/div>\n\t\t\t\t<\/div>\n\t\t<div class=\"elementor-element elementor-element-aba80d9 e-con-full e-flex e-con e-child\" data-id=\"aba80d9\" data-element_type=\"container\" data-e-type=\"container\" data-settings=\"{&quot;background_background&quot;:&quot;classic&quot;}\">\n\t\t\t\t<div class=\"elementor-element elementor-element-2f2ead4 elementor-widget elementor-widget-heading\" data-id=\"2f2ead4\" data-element_type=\"widget\" data-e-type=\"widget\" data-widget_type=\"heading.default\">\n\t\t\t\t<div class=\"elementor-widget-container\">\n\t\t\t\t\t<h4 class=\"elementor-heading-title elementor-size-default\"><a href=\"https:\/\/autostil.ba\/maloprodaja\/kategorija\/108\/oklopi-za-kljuceve\/\">Oklopi za klju\u010deve<\/a><\/h4>\t\t\t\t<\/div>\n\t\t\t\t<\/div>\n\t\t\t\t<\/div>\n\t\t\t\t<\/div>\n\t\t<div class=\"elementor-element elementor-element-98555c3 e-con-full category-card e-flex e-con e-child\" data-id=\"98555c3\" data-element_type=\"container\" data-e-type=\"container\">\n\t\t\t\t<div class=\"elementor-element elementor-element-2c17fb3 elementor-widget elementor-widget-image\" data-id=\"2c17fb3\" data-element_type=\"widget\" data-e-type=\"widget\" data-widget_type=\"image.default\">\n\t\t\t\t<div class=\"elementor-widget-container\">\n\t\t\t\t\t\t\t\t\t\t\t\t\t\t\t\t<a href=\"https:\/\/autostil.ba\/maloprodaja\/kategorija\/87\/privjesci-i-torbice-za-kljuceve\/\">\n\t\t\t\t\t\t\t<img loading=\"lazy\" decoding=\"async\" width=\"800\" height=\"800\" src=\"https:\/\/autostil.ba\/maloprodaja\/wp-content\/uploads\/2024\/07\/1716385406-privjesak-za-kljuc-tocak-1.jpeg\" class=\"attachment-large size-large wp-image-120133\" alt=\"\" srcset=\"https:\/\/autostil.ba\/maloprodaja\/wp-content\/uploads\/2024\/07\/1716385406-privjesak-za-kljuc-tocak-1.jpeg 1000w, https:\/\/autostil.ba\/maloprodaja\/wp-content\/uploads\/2024\/07\/1716385406-privjesak-za-kljuc-tocak-1-300x300.jpeg 300w, https:\/\/autostil.ba\/maloprodaja\/wp-content\/uploads\/2024\/07\/1716385406-privjesak-za-kljuc-tocak-1-100x100.jpeg 100w, https:\/\/autostil.ba\/maloprodaja\/wp-content\/uploads\/2024\/07\/1716385406-privjesak-za-kljuc-tocak-1-600x600.jpeg 600w\" sizes=\"auto, (max-width: 800px) 100vw, 800px\" \/>\t\t\t\t\t\t\t\t<\/a>\n\t\t\t\t\t\t\t\t\t\t\t\t\t\t\t<\/div>\n\t\t\t\t<\/div>\n\t\t<div class=\"elementor-element elementor-element-8873647 e-con-full e-flex e-con e-child\" data-id=\"8873647\" data-element_type=\"container\" data-e-type=\"container\" data-settings=\"{&quot;background_background&quot;:&quot;classic&quot;}\">\n\t\t\t\t<div class=\"elementor-element elementor-element-d11dfee elementor-widget elementor-widget-heading\" data-id=\"d11dfee\" data-element_type=\"widget\" data-e-type=\"widget\" data-widget_type=\"heading.default\">\n\t\t\t\t<div class=\"elementor-widget-container\">\n\t\t\t\t\t<h4 class=\"elementor-heading-title elementor-size-default\"><a href=\"https:\/\/autostil.ba\/maloprodaja\/kategorija\/87\/privjesci-i-torbice-za-kljuceve\/\">Privjesci za klju\u010deve<\/a><\/h4>\t\t\t\t<\/div>\n\t\t\t\t<\/div>\n\t\t\t\t<\/div>\n\t\t\t\t<\/div>\n\t\t<div class=\"elementor-element elementor-element-fc11f6f e-con-full category-card e-flex e-con e-child\" data-id=\"fc11f6f\" data-element_type=\"container\" data-e-type=\"container\">\n\t\t\t\t<div class=\"elementor-element elementor-element-a56866d elementor-widget elementor-widget-image\" data-id=\"a56866d\" data-element_type=\"widget\" data-e-type=\"widget\" data-widget_type=\"image.default\">\n\t\t\t\t<div class=\"elementor-widget-container\">\n\t\t\t\t\t\t\t\t\t\t\t\t\t\t\t\t<a href=\"https:\/\/autostil.ba\/maloprodaja\/kategorija\/102\/torbice-za-kljuceve\/\">\n\t\t\t\t\t\t\t<img loading=\"lazy\" decoding=\"async\" width=\"500\" height=\"500\" src=\"https:\/\/autostil.ba\/maloprodaja\/wp-content\/uploads\/2024\/07\/1716536703-privjesci-i-torbice-za-kljuceve.jpg\" class=\"attachment-large size-large wp-image-2588\" alt=\"\" srcset=\"https:\/\/autostil.ba\/maloprodaja\/wp-content\/uploads\/2024\/07\/1716536703-privjesci-i-torbice-za-kljuceve.jpg 500w, https:\/\/autostil.ba\/maloprodaja\/wp-content\/uploads\/2024\/07\/1716536703-privjesci-i-torbice-za-kljuceve-300x300.jpg 300w, https:\/\/autostil.ba\/maloprodaja\/wp-content\/uploads\/2024\/07\/1716536703-privjesci-i-torbice-za-kljuceve-150x150.jpg 150w, https:\/\/autostil.ba\/maloprodaja\/wp-content\/uploads\/2024\/07\/1716536703-privjesci-i-torbice-za-kljuceve-100x100.jpg 100w\" sizes=\"auto, (max-width: 500px) 100vw, 500px\" \/>\t\t\t\t\t\t\t\t<\/a>\n\t\t\t\t\t\t\t\t\t\t\t\t\t\t\t<\/div>\n\t\t\t\t<\/div>\n\t\t<div class=\"elementor-element elementor-element-1f2dfa8 e-con-full e-flex e-con e-child\" data-id=\"1f2dfa8\" data-element_type=\"container\" data-e-type=\"container\" data-settings=\"{&quot;background_background&quot;:&quot;classic&quot;}\">\n\t\t\t\t<div class=\"elementor-element elementor-element-966eb45 elementor-widget elementor-widget-heading\" data-id=\"966eb45\" data-element_type=\"widget\" data-e-type=\"widget\" data-widget_type=\"heading.default\">\n\t\t\t\t<div class=\"elementor-widget-container\">\n\t\t\t\t\t<h4 class=\"elementor-heading-title elementor-size-default\"><a href=\"https:\/\/autostil.ba\/maloprodaja\/kategorija\/102\/torbice-za-kljuceve\/\">Torbice za klju\u010deve<\/a><\/h4>\t\t\t\t<\/div>\n\t\t\t\t<\/div>\n\t\t\t\t<\/div>\n\t\t\t\t<\/div>\n\t\t<div class=\"elementor-element elementor-element-2d52e5e e-con-full category-card e-flex e-con e-child\" data-id=\"2d52e5e\" data-element_type=\"container\" data-e-type=\"container\">\n\t\t\t\t<div class=\"elementor-element elementor-element-5ec063d elementor-widget elementor-widget-image\" data-id=\"5ec063d\" data-element_type=\"widget\" data-e-type=\"widget\" data-widget_type=\"image.default\">\n\t\t\t\t<div class=\"elementor-widget-container\">\n\t\t\t\t\t\t\t\t\t\t\t\t\t\t\t\t<a href=\"https:\/\/autostil.ba\/maloprodaja\/kategorija\/901\/navlake-za-kljuceve\/\">\n\t\t\t\t\t\t\t<img loading=\"lazy\" decoding=\"async\" width=\"800\" height=\"800\" src=\"https:\/\/autostil.ba\/maloprodaja\/wp-content\/uploads\/2024\/11\/navlake-za-kljuceve.jpg\" class=\"attachment-large size-large wp-image-793046472\" alt=\"\" srcset=\"https:\/\/autostil.ba\/maloprodaja\/wp-content\/uploads\/2024\/11\/navlake-za-kljuceve.jpg 1024w, https:\/\/autostil.ba\/maloprodaja\/wp-content\/uploads\/2024\/11\/navlake-za-kljuceve-300x300.jpg 300w, https:\/\/autostil.ba\/maloprodaja\/wp-content\/uploads\/2024\/11\/navlake-za-kljuceve-100x100.jpg 100w, https:\/\/autostil.ba\/maloprodaja\/wp-content\/uploads\/2024\/11\/navlake-za-kljuceve-600x600.jpg 600w, https:\/\/autostil.ba\/maloprodaja\/wp-content\/uploads\/2024\/11\/navlake-za-kljuceve-150x150.jpg 150w, https:\/\/autostil.ba\/maloprodaja\/wp-content\/uploads\/2024\/11\/navlake-za-kljuceve-768x768.jpg 768w\" sizes=\"auto, (max-width: 800px) 100vw, 800px\" \/>\t\t\t\t\t\t\t\t<\/a>\n\t\t\t\t\t\t\t\t\t\t\t\t\t\t\t<\/div>\n\t\t\t\t<\/div>\n\t\t<div class=\"elementor-element elementor-element-0d1844f e-con-full e-flex e-con e-child\" data-id=\"0d1844f\" data-element_type=\"container\" data-e-type=\"container\" data-settings=\"{&quot;background_background&quot;:&quot;classic&quot;}\">\n\t\t\t\t<div class=\"elementor-element elementor-element-7081764 elementor-widget elementor-widget-heading\" data-id=\"7081764\" data-element_type=\"widget\" data-e-type=\"widget\" data-widget_type=\"heading.default\">\n\t\t\t\t<div class=\"elementor-widget-container\">\n\t\t\t\t\t<h4 class=\"elementor-heading-title elementor-size-default\"><a href=\"https:\/\/autostil.ba\/maloprodaja\/kategorija\/901\/navlake-za-kljuceve\/\">NAVLAKE ZA KLJU\u010cEVE<\/a><\/h4>\t\t\t\t<\/div>\n\t\t\t\t<\/div>\n\t\t\t\t<\/div>\n\t\t\t\t<\/div>\n\t\t\t\t<\/div>\n\t\t\t\t<\/div>\n\t\t\t\t\t<\/div>\n\t\t\t\t<\/div>\n\t\t\t\t<\/div>\n\t\t","protected":false},"excerpt":{"rendered":"<p>OKLOPI, BATERIJE, PRIVJESCI, TORBICE I NAVLAKE ZA KLJU\u010cEVE Baterije za klju\u010deve Oklopi za klju\u010deve Privjesci za klju\u010deve Torbice za klju\u010deve NAVLAKE ZA KLJU\u010cEVE<\/p>\n","protected":false},"author":1,"featured_media":0,"parent":0,"menu_order":0,"comment_status":"closed","ping_status":"closed","template":"","meta":{"_acf_changed":false,"inline_featured_image":false,"footnotes":""},"class_list":["post-1794","page","type-page","status-publish","hentry"],"acf":[],"_links":{"self":[{"href":"https:\/\/autostil.ba\/maloprodaja\/wp-json\/wp\/v2\/pages\/1794","targetHints":{"allow":["GET"]}}],"collection":[{"href":"https:\/\/autostil.ba\/maloprodaja\/wp-json\/wp\/v2\/pages"}],"about":[{"href":"https:\/\/autostil.ba\/maloprodaja\/wp-json\/wp\/v2\/types\/page"}],"author":[{"embeddable":true,"href":"https:\/\/autostil.ba\/maloprodaja\/wp-json\/wp\/v2\/users\/1"}],"replies":[{"embeddable":true,"href":"https:\/\/autostil.ba\/maloprodaja\/wp-json\/wp\/v2\/comments?post=1794"}],"version-history":[{"count":40,"href":"https:\/\/autostil.ba\/maloprodaja\/wp-json\/wp\/v2\/pages\/1794\/revisions"}],"predecessor-version":[{"id":793046952,"href":"https:\/\/autostil.ba\/maloprodaja\/wp-json\/wp\/v2\/pages\/1794\/revisions\/793046952"}],"wp:attachment":[{"href":"https:\/\/autostil.ba\/maloprodaja\/wp-json\/wp\/v2\/media?parent=1794"}],"curies":[{"name":"wp","href":"https:\/\/api.w.org\/{rel}","templated":true}]}}