{"id":1771,"date":"2024-07-11T09:34:27","date_gmt":"2024-07-11T09:34:27","guid":{"rendered":"https:\/\/autostil.ba\/maloprodaja\/?page_id=1771"},"modified":"2024-07-23T12:14:56","modified_gmt":"2024-07-23T12:14:56","slug":"potkategorija-61-podmetaci-za-gepek","status":"publish","type":"page","link":"https:\/\/autostil.ba\/maloprodaja\/potkategorija\/61\/podmetaci-za-gepek\/","title":{"rendered":"PODMETA\u010cI ZA GEPEK"},"content":{"rendered":"\t\t<div data-elementor-type=\"wp-page\" data-elementor-id=\"1771\" class=\"elementor elementor-1771\" data-elementor-post-type=\"page\">\n\t\t\t\t<div class=\"elementor-element elementor-element-f43a37f e-flex e-con-boxed e-con e-parent\" data-id=\"f43a37f\" data-element_type=\"container\" data-e-type=\"container\" data-settings=\"{&quot;background_background&quot;:&quot;classic&quot;}\">\n\t\t\t\t\t<div class=\"e-con-inner\">\n\t\t\t\t<div class=\"elementor-element elementor-element-18a06f2 naslovi-kategorija elementor-widget elementor-widget-heading\" data-id=\"18a06f2\" data-element_type=\"widget\" data-e-type=\"widget\" data-widget_type=\"heading.default\">\n\t\t\t\t<div class=\"elementor-widget-container\">\n\t\t\t\t\t<h1 class=\"elementor-heading-title elementor-size-default\">PODMETA\u010cI ZA GEPEK<\/h1>\t\t\t\t<\/div>\n\t\t\t\t<\/div>\n\t\t<div class=\"elementor-element elementor-element-e165021 e-con-full e-flex e-con e-child\" data-id=\"e165021\" data-element_type=\"container\" data-e-type=\"container\">\n\t\t<div class=\"elementor-element elementor-element-8dc566e e-con-full e-flex e-con e-child\" data-id=\"8dc566e\" data-element_type=\"container\" data-e-type=\"container\">\n\t\t<div class=\"elementor-element elementor-element-97ffc5f e-con-full category-card e-flex e-con e-child\" data-id=\"97ffc5f\" data-element_type=\"container\" data-e-type=\"container\">\n\t\t\t\t<div class=\"elementor-element elementor-element-abc0ff6 elementor-widget elementor-widget-image\" data-id=\"abc0ff6\" data-element_type=\"widget\" data-e-type=\"widget\" data-widget_type=\"image.default\">\n\t\t\t\t<div class=\"elementor-widget-container\">\n\t\t\t\t\t\t\t\t\t\t\t\t\t\t\t\t<a href=\"https:\/\/autostil.ba\/maloprodaja\/kategorija\/110\/podmetaci-za-gepek-tipski\/\">\n\t\t\t\t\t\t\t<img loading=\"lazy\" decoding=\"async\" width=\"500\" height=\"500\" src=\"https:\/\/autostil.ba\/maloprodaja\/wp-content\/uploads\/2024\/07\/1672410361-podmetaci-za-gepek-tipski.jpg\" class=\"attachment-large size-large wp-image-2090\" alt=\"\" srcset=\"https:\/\/autostil.ba\/maloprodaja\/wp-content\/uploads\/2024\/07\/1672410361-podmetaci-za-gepek-tipski.jpg 500w, https:\/\/autostil.ba\/maloprodaja\/wp-content\/uploads\/2024\/07\/1672410361-podmetaci-za-gepek-tipski-300x300.jpg 300w, https:\/\/autostil.ba\/maloprodaja\/wp-content\/uploads\/2024\/07\/1672410361-podmetaci-za-gepek-tipski-150x150.jpg 150w, https:\/\/autostil.ba\/maloprodaja\/wp-content\/uploads\/2024\/07\/1672410361-podmetaci-za-gepek-tipski-100x100.jpg 100w\" sizes=\"auto, (max-width: 500px) 100vw, 500px\" \/>\t\t\t\t\t\t\t\t<\/a>\n\t\t\t\t\t\t\t\t\t\t\t\t\t\t\t<\/div>\n\t\t\t\t<\/div>\n\t\t<div class=\"elementor-element elementor-element-86d5d57 e-con-full e-flex e-con e-child\" data-id=\"86d5d57\" data-element_type=\"container\" data-e-type=\"container\" data-settings=\"{&quot;background_background&quot;:&quot;classic&quot;}\">\n\t\t\t\t<div class=\"elementor-element elementor-element-cd8fc9c elementor-widget elementor-widget-heading\" data-id=\"cd8fc9c\" data-element_type=\"widget\" data-e-type=\"widget\" data-widget_type=\"heading.default\">\n\t\t\t\t<div class=\"elementor-widget-container\">\n\t\t\t\t\t<h4 class=\"elementor-heading-title elementor-size-default\"><a href=\"https:\/\/autostil.ba\/maloprodaja\/kategorija\/110\/podmetaci-za-gepek-tipski\/\">Podmeta\u010di za gepek tipski<\/a><\/h4>\t\t\t\t<\/div>\n\t\t\t\t<\/div>\n\t\t\t\t<\/div>\n\t\t\t\t<\/div>\n\t\t<div class=\"elementor-element elementor-element-33ed8b6 e-con-full category-card e-flex e-con e-child\" data-id=\"33ed8b6\" data-element_type=\"container\" data-e-type=\"container\">\n\t\t\t\t<div class=\"elementor-element elementor-element-df7686c elementor-widget elementor-widget-image\" data-id=\"df7686c\" data-element_type=\"widget\" data-e-type=\"widget\" data-widget_type=\"image.default\">\n\t\t\t\t<div class=\"elementor-widget-container\">\n\t\t\t\t\t\t\t\t\t\t\t\t\t\t\t\t<a href=\"https:\/\/autostil.ba\/maloprodaja\/kategorija\/218\/podmetaci-za-gepek-univerzalni\/\">\n\t\t\t\t\t\t\t<img loading=\"lazy\" decoding=\"async\" width=\"500\" height=\"500\" src=\"https:\/\/autostil.ba\/maloprodaja\/wp-content\/uploads\/2024\/07\/1672408117-podmetaci-za-gepek-univerzalni.jpg\" class=\"attachment-large size-large wp-image-2091\" alt=\"\" srcset=\"https:\/\/autostil.ba\/maloprodaja\/wp-content\/uploads\/2024\/07\/1672408117-podmetaci-za-gepek-univerzalni.jpg 500w, https:\/\/autostil.ba\/maloprodaja\/wp-content\/uploads\/2024\/07\/1672408117-podmetaci-za-gepek-univerzalni-300x300.jpg 300w, https:\/\/autostil.ba\/maloprodaja\/wp-content\/uploads\/2024\/07\/1672408117-podmetaci-za-gepek-univerzalni-150x150.jpg 150w, https:\/\/autostil.ba\/maloprodaja\/wp-content\/uploads\/2024\/07\/1672408117-podmetaci-za-gepek-univerzalni-100x100.jpg 100w\" sizes=\"auto, (max-width: 500px) 100vw, 500px\" \/>\t\t\t\t\t\t\t\t<\/a>\n\t\t\t\t\t\t\t\t\t\t\t\t\t\t\t<\/div>\n\t\t\t\t<\/div>\n\t\t<div class=\"elementor-element elementor-element-0f5ca3c e-con-full e-flex e-con e-child\" data-id=\"0f5ca3c\" data-element_type=\"container\" data-e-type=\"container\" data-settings=\"{&quot;background_background&quot;:&quot;classic&quot;}\">\n\t\t\t\t<div class=\"elementor-element elementor-element-fb845c5 elementor-widget elementor-widget-heading\" data-id=\"fb845c5\" data-element_type=\"widget\" data-e-type=\"widget\" data-widget_type=\"heading.default\">\n\t\t\t\t<div class=\"elementor-widget-container\">\n\t\t\t\t\t<h4 class=\"elementor-heading-title elementor-size-default\"><a href=\"https:\/\/autostil.ba\/maloprodaja\/kategorija\/218\/podmetaci-za-gepek-univerzalni\/\">Podmeta\u010di za gepek univerzalni<\/a><\/h4>\t\t\t\t<\/div>\n\t\t\t\t<\/div>\n\t\t\t\t<\/div>\n\t\t\t\t<\/div>\n\t\t<div class=\"elementor-element elementor-element-459a7b9 e-con-full e-flex e-con e-child\" data-id=\"459a7b9\" data-element_type=\"container\" data-e-type=\"container\">\n\t\t\t\t<\/div>\n\t\t<div class=\"elementor-element elementor-element-33a4826 e-con-full e-flex e-con e-child\" data-id=\"33a4826\" data-element_type=\"container\" data-e-type=\"container\">\n\t\t\t\t<\/div>\n\t\t<div class=\"elementor-element elementor-element-0abf26f e-con-full e-flex e-con e-child\" data-id=\"0abf26f\" data-element_type=\"container\" data-e-type=\"container\">\n\t\t\t\t<\/div>\n\t\t\t\t<\/div>\n\t\t\t\t<\/div>\n\t\t\t\t\t<\/div>\n\t\t\t\t<\/div>\n\t\t\t\t<\/div>\n\t\t","protected":false},"excerpt":{"rendered":"<p>PODMETA\u010cI ZA GEPEK Podmeta\u010di za gepek tipski Podmeta\u010di za gepek univerzalni<\/p>\n","protected":false},"author":1,"featured_media":0,"parent":0,"menu_order":0,"comment_status":"closed","ping_status":"closed","template":"","meta":{"_acf_changed":false,"inline_featured_image":false,"footnotes":""},"class_list":["post-1771","page","type-page","status-publish","hentry"],"acf":[],"_links":{"self":[{"href":"https:\/\/autostil.ba\/maloprodaja\/wp-json\/wp\/v2\/pages\/1771","targetHints":{"allow":["GET"]}}],"collection":[{"href":"https:\/\/autostil.ba\/maloprodaja\/wp-json\/wp\/v2\/pages"}],"about":[{"href":"https:\/\/autostil.ba\/maloprodaja\/wp-json\/wp\/v2\/types\/page"}],"author":[{"embeddable":true,"href":"https:\/\/autostil.ba\/maloprodaja\/wp-json\/wp\/v2\/users\/1"}],"replies":[{"embeddable":true,"href":"https:\/\/autostil.ba\/maloprodaja\/wp-json\/wp\/v2\/comments?post=1771"}],"version-history":[{"count":22,"href":"https:\/\/autostil.ba\/maloprodaja\/wp-json\/wp\/v2\/pages\/1771\/revisions"}],"predecessor-version":[{"id":159284,"href":"https:\/\/autostil.ba\/maloprodaja\/wp-json\/wp\/v2\/pages\/1771\/revisions\/159284"}],"wp:attachment":[{"href":"https:\/\/autostil.ba\/maloprodaja\/wp-json\/wp\/v2\/media?parent=1771"}],"curies":[{"name":"wp","href":"https:\/\/api.w.org\/{rel}","templated":true}]}}