{"id":1767,"date":"2024-07-11T09:33:27","date_gmt":"2024-07-11T09:33:27","guid":{"rendered":"https:\/\/autostil.ba\/maloprodaja\/?page_id=1767"},"modified":"2025-08-19T14:42:27","modified_gmt":"2025-08-19T12:42:27","slug":"potkategorija-51-krovni-nosaci-i-koferi","status":"publish","type":"page","link":"https:\/\/autostil.ba\/maloprodaja\/potkategorija\/51\/krovni-nosaci-i-koferi\/","title":{"rendered":"KROVNI NOSA\u010cI I KOFERI"},"content":{"rendered":"\t\t<div data-elementor-type=\"wp-page\" data-elementor-id=\"1767\" class=\"elementor elementor-1767\" data-elementor-post-type=\"page\">\n\t\t\t\t<div class=\"elementor-element elementor-element-3099060 e-flex e-con-boxed e-con e-parent\" data-id=\"3099060\" data-element_type=\"container\" data-e-type=\"container\" data-settings=\"{&quot;background_background&quot;:&quot;classic&quot;}\">\n\t\t\t\t\t<div class=\"e-con-inner\">\n\t\t\t\t<div class=\"elementor-element elementor-element-35e001a naslovi-kategorija elementor-widget elementor-widget-heading\" data-id=\"35e001a\" data-element_type=\"widget\" data-e-type=\"widget\" data-widget_type=\"heading.default\">\n\t\t\t\t<div class=\"elementor-widget-container\">\n\t\t\t\t\t<h1 class=\"elementor-heading-title elementor-size-default\">KROVNI NOSA\u010cI I KOFERI<\/h1>\t\t\t\t<\/div>\n\t\t\t\t<\/div>\n\t\t<div class=\"elementor-element elementor-element-158a262 e-con-full e-flex e-con e-child\" data-id=\"158a262\" data-element_type=\"container\" data-e-type=\"container\">\n\t\t<div class=\"elementor-element elementor-element-e2030d8 e-con-full e-flex e-con e-child\" data-id=\"e2030d8\" data-element_type=\"container\" data-e-type=\"container\">\n\t\t<div class=\"elementor-element elementor-element-a5753ea e-con-full category-card e-flex e-con e-child\" data-id=\"a5753ea\" data-element_type=\"container\" data-e-type=\"container\">\n\t\t\t\t<div class=\"elementor-element elementor-element-fcab0f7 elementor-widget elementor-widget-image\" data-id=\"fcab0f7\" data-element_type=\"widget\" data-e-type=\"widget\" data-widget_type=\"image.default\">\n\t\t\t\t<div class=\"elementor-widget-container\">\n\t\t\t\t\t\t\t\t\t\t\t\t\t\t\t\t<a href=\"https:\/\/autostil.ba\/maloprodaja\/kategorija\/201\/dodaci-i-rezervni-dijelovi\/\">\n\t\t\t\t\t\t\t<img loading=\"lazy\" decoding=\"async\" width=\"500\" height=\"500\" src=\"https:\/\/autostil.ba\/maloprodaja\/wp-content\/uploads\/2024\/07\/1667296566-dodaci-i-rezervni-dijelovi.jpg\" class=\"attachment-large size-large wp-image-2033\" alt=\"\" srcset=\"https:\/\/autostil.ba\/maloprodaja\/wp-content\/uploads\/2024\/07\/1667296566-dodaci-i-rezervni-dijelovi.jpg 500w, https:\/\/autostil.ba\/maloprodaja\/wp-content\/uploads\/2024\/07\/1667296566-dodaci-i-rezervni-dijelovi-300x300.jpg 300w, https:\/\/autostil.ba\/maloprodaja\/wp-content\/uploads\/2024\/07\/1667296566-dodaci-i-rezervni-dijelovi-150x150.jpg 150w, https:\/\/autostil.ba\/maloprodaja\/wp-content\/uploads\/2024\/07\/1667296566-dodaci-i-rezervni-dijelovi-100x100.jpg 100w\" sizes=\"auto, (max-width: 500px) 100vw, 500px\" \/>\t\t\t\t\t\t\t\t<\/a>\n\t\t\t\t\t\t\t\t\t\t\t\t\t\t\t<\/div>\n\t\t\t\t<\/div>\n\t\t<div class=\"elementor-element elementor-element-ff520d4 e-con-full e-flex e-con e-child\" data-id=\"ff520d4\" data-element_type=\"container\" data-e-type=\"container\" data-settings=\"{&quot;background_background&quot;:&quot;classic&quot;}\">\n\t\t\t\t<div class=\"elementor-element elementor-element-d0e2b3a elementor-widget elementor-widget-heading\" data-id=\"d0e2b3a\" data-element_type=\"widget\" data-e-type=\"widget\" data-widget_type=\"heading.default\">\n\t\t\t\t<div class=\"elementor-widget-container\">\n\t\t\t\t\t<h4 class=\"elementor-heading-title elementor-size-default\"><a href=\"https:\/\/autostil.ba\/maloprodaja\/kategorija\/201\/dodaci-i-rezervni-dijelovi\/\">Dodaci i rezervni dijelovi<\/a><\/h4>\t\t\t\t<\/div>\n\t\t\t\t<\/div>\n\t\t\t\t<\/div>\n\t\t\t\t<\/div>\n\t\t<div class=\"elementor-element elementor-element-7640deb e-con-full category-card e-flex e-con e-child\" data-id=\"7640deb\" data-element_type=\"container\" data-e-type=\"container\">\n\t\t\t\t<div class=\"elementor-element elementor-element-bf93343 elementor-widget elementor-widget-image\" data-id=\"bf93343\" data-element_type=\"widget\" data-e-type=\"widget\" data-widget_type=\"image.default\">\n\t\t\t\t<div class=\"elementor-widget-container\">\n\t\t\t\t\t\t\t\t\t\t\t\t\t\t\t\t<a href=\"https:\/\/autostil.ba\/maloprodaja\/kategorija\/95\/krovni-koferi\/\">\n\t\t\t\t\t\t\t<img loading=\"lazy\" decoding=\"async\" width=\"500\" height=\"500\" src=\"https:\/\/autostil.ba\/maloprodaja\/wp-content\/uploads\/2024\/07\/kofer-krovni-nosac-d-box-430l-crni1.jpg\" class=\"attachment-large size-large wp-image-2034\" alt=\"\" srcset=\"https:\/\/autostil.ba\/maloprodaja\/wp-content\/uploads\/2024\/07\/kofer-krovni-nosac-d-box-430l-crni1.jpg 500w, https:\/\/autostil.ba\/maloprodaja\/wp-content\/uploads\/2024\/07\/kofer-krovni-nosac-d-box-430l-crni1-300x300.jpg 300w, https:\/\/autostil.ba\/maloprodaja\/wp-content\/uploads\/2024\/07\/kofer-krovni-nosac-d-box-430l-crni1-150x150.jpg 150w, https:\/\/autostil.ba\/maloprodaja\/wp-content\/uploads\/2024\/07\/kofer-krovni-nosac-d-box-430l-crni1-100x100.jpg 100w\" sizes=\"auto, (max-width: 500px) 100vw, 500px\" \/>\t\t\t\t\t\t\t\t<\/a>\n\t\t\t\t\t\t\t\t\t\t\t\t\t\t\t<\/div>\n\t\t\t\t<\/div>\n\t\t<div class=\"elementor-element elementor-element-b2cb04f e-con-full e-flex e-con e-child\" data-id=\"b2cb04f\" data-element_type=\"container\" data-e-type=\"container\" data-settings=\"{&quot;background_background&quot;:&quot;classic&quot;}\">\n\t\t\t\t<div class=\"elementor-element elementor-element-924f473 elementor-widget elementor-widget-heading\" data-id=\"924f473\" data-element_type=\"widget\" data-e-type=\"widget\" data-widget_type=\"heading.default\">\n\t\t\t\t<div class=\"elementor-widget-container\">\n\t\t\t\t\t<h4 class=\"elementor-heading-title elementor-size-default\"><a href=\"https:\/\/autostil.ba\/maloprodaja\/kategorija\/95\/krovni-koferi\/\">Krovni koferi<\/a><\/h4>\t\t\t\t<\/div>\n\t\t\t\t<\/div>\n\t\t\t\t<\/div>\n\t\t\t\t<\/div>\n\t\t<div class=\"elementor-element elementor-element-b5286b2 e-con-full category-card e-flex e-con e-child\" data-id=\"b5286b2\" data-element_type=\"container\" data-e-type=\"container\">\n\t\t\t\t<div class=\"elementor-element elementor-element-dbfe59f elementor-widget elementor-widget-image\" data-id=\"dbfe59f\" data-element_type=\"widget\" data-e-type=\"widget\" data-widget_type=\"image.default\">\n\t\t\t\t<div class=\"elementor-widget-container\">\n\t\t\t\t\t\t\t\t\t\t\t\t\t\t\t\t<a href=\"https:\/\/autostil.ba\/maloprodaja\/kategorija\/27\/krovni-nosaci-tipski\/\">\n\t\t\t\t\t\t\t<img loading=\"lazy\" decoding=\"async\" width=\"500\" height=\"500\" src=\"https:\/\/autostil.ba\/maloprodaja\/wp-content\/uploads\/2024\/07\/1697880330-krovni-nosaci-tipski.jpg\" class=\"attachment-large size-large wp-image-2035\" alt=\"\" srcset=\"https:\/\/autostil.ba\/maloprodaja\/wp-content\/uploads\/2024\/07\/1697880330-krovni-nosaci-tipski.jpg 500w, https:\/\/autostil.ba\/maloprodaja\/wp-content\/uploads\/2024\/07\/1697880330-krovni-nosaci-tipski-300x300.jpg 300w, https:\/\/autostil.ba\/maloprodaja\/wp-content\/uploads\/2024\/07\/1697880330-krovni-nosaci-tipski-150x150.jpg 150w, https:\/\/autostil.ba\/maloprodaja\/wp-content\/uploads\/2024\/07\/1697880330-krovni-nosaci-tipski-100x100.jpg 100w\" sizes=\"auto, (max-width: 500px) 100vw, 500px\" \/>\t\t\t\t\t\t\t\t<\/a>\n\t\t\t\t\t\t\t\t\t\t\t\t\t\t\t<\/div>\n\t\t\t\t<\/div>\n\t\t<div class=\"elementor-element elementor-element-bfc573a e-con-full e-flex e-con e-child\" data-id=\"bfc573a\" data-element_type=\"container\" data-e-type=\"container\" data-settings=\"{&quot;background_background&quot;:&quot;classic&quot;}\">\n\t\t\t\t<div class=\"elementor-element elementor-element-6814bc1 elementor-widget elementor-widget-heading\" data-id=\"6814bc1\" data-element_type=\"widget\" data-e-type=\"widget\" data-widget_type=\"heading.default\">\n\t\t\t\t<div class=\"elementor-widget-container\">\n\t\t\t\t\t<h4 class=\"elementor-heading-title elementor-size-default\"><a href=\"https:\/\/autostil.ba\/maloprodaja\/kategorija\/27\/krovni-nosaci-tipski\/\">Krovni nosa\u010di tipski<\/a><\/h4>\t\t\t\t<\/div>\n\t\t\t\t<\/div>\n\t\t\t\t<\/div>\n\t\t\t\t<\/div>\n\t\t<div class=\"elementor-element elementor-element-099573b e-con-full category-card e-flex e-con e-child\" data-id=\"099573b\" data-element_type=\"container\" data-e-type=\"container\">\n\t\t\t\t<div class=\"elementor-element elementor-element-e266fb0 elementor-widget elementor-widget-image\" data-id=\"e266fb0\" data-element_type=\"widget\" data-e-type=\"widget\" data-widget_type=\"image.default\">\n\t\t\t\t<div class=\"elementor-widget-container\">\n\t\t\t\t\t\t\t\t\t\t\t\t\t\t\t\t<a href=\"https:\/\/autostil.ba\/maloprodaja\/kategorija\/186\/nosaci-za-bicikl\/\">\n\t\t\t\t\t\t\t<img loading=\"lazy\" decoding=\"async\" width=\"500\" height=\"500\" src=\"https:\/\/autostil.ba\/maloprodaja\/wp-content\/uploads\/2024\/07\/1650886471-nosaci-za-biciklo.jpg\" class=\"attachment-large size-large wp-image-2036\" alt=\"\" srcset=\"https:\/\/autostil.ba\/maloprodaja\/wp-content\/uploads\/2024\/07\/1650886471-nosaci-za-biciklo.jpg 500w, https:\/\/autostil.ba\/maloprodaja\/wp-content\/uploads\/2024\/07\/1650886471-nosaci-za-biciklo-300x300.jpg 300w, https:\/\/autostil.ba\/maloprodaja\/wp-content\/uploads\/2024\/07\/1650886471-nosaci-za-biciklo-150x150.jpg 150w, https:\/\/autostil.ba\/maloprodaja\/wp-content\/uploads\/2024\/07\/1650886471-nosaci-za-biciklo-100x100.jpg 100w\" sizes=\"auto, (max-width: 500px) 100vw, 500px\" \/>\t\t\t\t\t\t\t\t<\/a>\n\t\t\t\t\t\t\t\t\t\t\t\t\t\t\t<\/div>\n\t\t\t\t<\/div>\n\t\t<div class=\"elementor-element elementor-element-68596f0 e-con-full e-flex e-con e-child\" data-id=\"68596f0\" data-element_type=\"container\" data-e-type=\"container\" data-settings=\"{&quot;background_background&quot;:&quot;classic&quot;}\">\n\t\t\t\t<div class=\"elementor-element elementor-element-5a3d2ba elementor-widget elementor-widget-heading\" data-id=\"5a3d2ba\" data-element_type=\"widget\" data-e-type=\"widget\" data-widget_type=\"heading.default\">\n\t\t\t\t<div class=\"elementor-widget-container\">\n\t\t\t\t\t<h4 class=\"elementor-heading-title elementor-size-default\"><a href=\"https:\/\/autostil.ba\/maloprodaja\/kategorija\/186\/nosaci-za-biciklo\/\">Nosa\u010di za bicikl<\/a><\/h4>\t\t\t\t<\/div>\n\t\t\t\t<\/div>\n\t\t\t\t<\/div>\n\t\t\t\t<\/div>\n\t\t<div class=\"elementor-element elementor-element-5bbd30d e-con-full category-card e-flex e-con e-child\" data-id=\"5bbd30d\" data-element_type=\"container\" data-e-type=\"container\">\n\t\t\t\t<div class=\"elementor-element elementor-element-8e36031 elementor-widget elementor-widget-image\" data-id=\"8e36031\" data-element_type=\"widget\" data-e-type=\"widget\" data-widget_type=\"image.default\">\n\t\t\t\t<div class=\"elementor-widget-container\">\n\t\t\t\t\t\t\t\t\t\t\t\t\t\t\t\t<a href=\"https:\/\/autostil.ba\/maloprodaja\/kategorija\/187\/nosaci-za-skije-snowboard\/\">\n\t\t\t\t\t\t\t<img loading=\"lazy\" decoding=\"async\" width=\"500\" height=\"500\" src=\"https:\/\/autostil.ba\/maloprodaja\/wp-content\/uploads\/2024\/07\/1668156258-nosaci-za-skije-snowboard.jpg\" class=\"attachment-large size-large wp-image-2037\" alt=\"\" srcset=\"https:\/\/autostil.ba\/maloprodaja\/wp-content\/uploads\/2024\/07\/1668156258-nosaci-za-skije-snowboard.jpg 500w, https:\/\/autostil.ba\/maloprodaja\/wp-content\/uploads\/2024\/07\/1668156258-nosaci-za-skije-snowboard-300x300.jpg 300w, https:\/\/autostil.ba\/maloprodaja\/wp-content\/uploads\/2024\/07\/1668156258-nosaci-za-skije-snowboard-150x150.jpg 150w, https:\/\/autostil.ba\/maloprodaja\/wp-content\/uploads\/2024\/07\/1668156258-nosaci-za-skije-snowboard-100x100.jpg 100w\" sizes=\"auto, (max-width: 500px) 100vw, 500px\" \/>\t\t\t\t\t\t\t\t<\/a>\n\t\t\t\t\t\t\t\t\t\t\t\t\t\t\t<\/div>\n\t\t\t\t<\/div>\n\t\t<div class=\"elementor-element elementor-element-dbc0a61 e-con-full e-flex e-con e-child\" data-id=\"dbc0a61\" data-element_type=\"container\" data-e-type=\"container\" data-settings=\"{&quot;background_background&quot;:&quot;classic&quot;}\">\n\t\t\t\t<div class=\"elementor-element elementor-element-dcb10f1 elementor-widget elementor-widget-heading\" data-id=\"dcb10f1\" data-element_type=\"widget\" data-e-type=\"widget\" data-widget_type=\"heading.default\">\n\t\t\t\t<div class=\"elementor-widget-container\">\n\t\t\t\t\t<h4 class=\"elementor-heading-title elementor-size-default\"><a href=\"https:\/\/autostil.ba\/maloprodaja\/kategorija\/187\/nosaci-za-skije-snowboard\/\">Nosa\u010di za skije \/ snowboard<\/a><\/h4>\t\t\t\t<\/div>\n\t\t\t\t<\/div>\n\t\t\t\t<\/div>\n\t\t\t\t<\/div>\n\t\t\t\t<\/div>\n\t\t\t\t<\/div>\n\t\t\t\t\t<\/div>\n\t\t\t\t<\/div>\n\t\t\t\t<\/div>\n\t\t","protected":false},"excerpt":{"rendered":"<p>KROVNI NOSA\u010cI I KOFERI Dodaci i rezervni dijelovi Krovni koferi Krovni nosa\u010di tipski Nosa\u010di za bicikl Nosa\u010di za skije \/ snowboard<\/p>\n","protected":false},"author":1,"featured_media":0,"parent":0,"menu_order":0,"comment_status":"closed","ping_status":"closed","template":"","meta":{"_acf_changed":false,"inline_featured_image":false,"footnotes":""},"class_list":["post-1767","page","type-page","status-publish","hentry"],"acf":[],"_links":{"self":[{"href":"https:\/\/autostil.ba\/maloprodaja\/wp-json\/wp\/v2\/pages\/1767","targetHints":{"allow":["GET"]}}],"collection":[{"href":"https:\/\/autostil.ba\/maloprodaja\/wp-json\/wp\/v2\/pages"}],"about":[{"href":"https:\/\/autostil.ba\/maloprodaja\/wp-json\/wp\/v2\/types\/page"}],"author":[{"embeddable":true,"href":"https:\/\/autostil.ba\/maloprodaja\/wp-json\/wp\/v2\/users\/1"}],"replies":[{"embeddable":true,"href":"https:\/\/autostil.ba\/maloprodaja\/wp-json\/wp\/v2\/comments?post=1767"}],"version-history":[{"count":25,"href":"https:\/\/autostil.ba\/maloprodaja\/wp-json\/wp\/v2\/pages\/1767\/revisions"}],"predecessor-version":[{"id":793053170,"href":"https:\/\/autostil.ba\/maloprodaja\/wp-json\/wp\/v2\/pages\/1767\/revisions\/793053170"}],"wp:attachment":[{"href":"https:\/\/autostil.ba\/maloprodaja\/wp-json\/wp\/v2\/media?parent=1767"}],"curies":[{"name":"wp","href":"https:\/\/api.w.org\/{rel}","templated":true}]}}