{"id":1765,"date":"2024-07-11T09:32:08","date_gmt":"2024-07-11T09:32:08","guid":{"rendered":"https:\/\/autostil.ba\/maloprodaja\/?page_id=1765"},"modified":"2026-03-02T15:42:51","modified_gmt":"2026-03-02T13:42:51","slug":"potkategorija-57-tockovi","status":"publish","type":"page","link":"https:\/\/autostil.ba\/maloprodaja\/potkategorija\/57\/tockovi\/","title":{"rendered":"TO\u010cKOVI"},"content":{"rendered":"\t\t<div data-elementor-type=\"wp-page\" data-elementor-id=\"1765\" class=\"elementor elementor-1765\" data-elementor-post-type=\"page\">\n\t\t\t\t<div class=\"elementor-element elementor-element-7c844e3 e-flex e-con-boxed e-con e-parent\" data-id=\"7c844e3\" data-element_type=\"container\" data-e-type=\"container\" data-settings=\"{&quot;background_background&quot;:&quot;classic&quot;}\">\n\t\t\t\t\t<div class=\"e-con-inner\">\n\t\t\t\t<div class=\"elementor-element elementor-element-19af3ac naslovi-kategorija elementor-widget elementor-widget-heading\" data-id=\"19af3ac\" data-element_type=\"widget\" data-e-type=\"widget\" data-widget_type=\"heading.default\">\n\t\t\t\t<div class=\"elementor-widget-container\">\n\t\t\t\t\t<h1 class=\"elementor-heading-title elementor-size-default\">TO\u010cKOVI<\/h1>\t\t\t\t<\/div>\n\t\t\t\t<\/div>\n\t\t<div class=\"elementor-element elementor-element-860719c e-con-full e-flex e-con e-child\" data-id=\"860719c\" data-element_type=\"container\" data-e-type=\"container\">\n\t\t<div class=\"elementor-element elementor-element-89d07a2 e-con-full e-flex e-con e-child\" data-id=\"89d07a2\" data-element_type=\"container\" data-e-type=\"container\">\n\t\t<div class=\"elementor-element elementor-element-6c31eac e-con-full category-card e-flex e-con e-child\" data-id=\"6c31eac\" data-element_type=\"container\" data-e-type=\"container\">\n\t\t\t\t<div class=\"elementor-element elementor-element-4f8d075 elementor-widget elementor-widget-image\" data-id=\"4f8d075\" data-element_type=\"widget\" data-e-type=\"widget\" data-widget_type=\"image.default\">\n\t\t\t\t<div class=\"elementor-widget-container\">\n\t\t\t\t\t\t\t\t\t\t\t\t\t\t\t\t<a href=\"https:\/\/autostil.ba\/maloprodaja\/kategorija\/111\/blatarice-za-tockove\/\">\n\t\t\t\t\t\t\t<img loading=\"lazy\" decoding=\"async\" width=\"500\" height=\"500\" src=\"https:\/\/autostil.ba\/maloprodaja\/wp-content\/uploads\/2024\/07\/blatarice-univerzalne-elegant1.jpg\" class=\"attachment-large size-large wp-image-1929\" alt=\"\" srcset=\"https:\/\/autostil.ba\/maloprodaja\/wp-content\/uploads\/2024\/07\/blatarice-univerzalne-elegant1.jpg 500w, https:\/\/autostil.ba\/maloprodaja\/wp-content\/uploads\/2024\/07\/blatarice-univerzalne-elegant1-300x300.jpg 300w, https:\/\/autostil.ba\/maloprodaja\/wp-content\/uploads\/2024\/07\/blatarice-univerzalne-elegant1-150x150.jpg 150w, https:\/\/autostil.ba\/maloprodaja\/wp-content\/uploads\/2024\/07\/blatarice-univerzalne-elegant1-100x100.jpg 100w\" sizes=\"auto, (max-width: 500px) 100vw, 500px\" \/>\t\t\t\t\t\t\t\t<\/a>\n\t\t\t\t\t\t\t\t\t\t\t\t\t\t\t<\/div>\n\t\t\t\t<\/div>\n\t\t<div class=\"elementor-element elementor-element-70dfa0a e-con-full e-flex e-con e-child\" data-id=\"70dfa0a\" data-element_type=\"container\" data-e-type=\"container\" data-settings=\"{&quot;background_background&quot;:&quot;classic&quot;}\">\n\t\t\t\t<div class=\"elementor-element elementor-element-2e38e42 elementor-widget elementor-widget-heading\" data-id=\"2e38e42\" data-element_type=\"widget\" data-e-type=\"widget\" data-widget_type=\"heading.default\">\n\t\t\t\t<div class=\"elementor-widget-container\">\n\t\t\t\t\t<h4 class=\"elementor-heading-title elementor-size-default\"><a href=\"https:\/\/autostil.ba\/maloprodaja\/kategorija\/111\/blatarice-za-tockove\/\">Blatarice za to\u010dkove<\/a><\/h4>\t\t\t\t<\/div>\n\t\t\t\t<\/div>\n\t\t\t\t<\/div>\n\t\t\t\t<\/div>\n\t\t<div class=\"elementor-element elementor-element-291188e e-con-full category-card e-flex e-con e-child\" data-id=\"291188e\" data-element_type=\"container\" data-e-type=\"container\">\n\t\t\t\t<div class=\"elementor-element elementor-element-e25675c elementor-widget elementor-widget-image\" data-id=\"e25675c\" data-element_type=\"widget\" data-e-type=\"widget\" data-widget_type=\"image.default\">\n\t\t\t\t<div class=\"elementor-widget-container\">\n\t\t\t\t\t\t\t\t\t\t\t\t\t\t\t\t<a href=\"https:\/\/autostil.ba\/maloprodaja\/kategorija\/8\/cepovi-za-aluminijumsku-felgu\/\">\n\t\t\t\t\t\t\t<img loading=\"lazy\" decoding=\"async\" width=\"500\" height=\"500\" src=\"https:\/\/autostil.ba\/maloprodaja\/wp-content\/uploads\/2024\/07\/1525083966-cep-za-aluminijumsku-felugu.jpg\" class=\"attachment-large size-large wp-image-1930\" alt=\"\" srcset=\"https:\/\/autostil.ba\/maloprodaja\/wp-content\/uploads\/2024\/07\/1525083966-cep-za-aluminijumsku-felugu.jpg 500w, https:\/\/autostil.ba\/maloprodaja\/wp-content\/uploads\/2024\/07\/1525083966-cep-za-aluminijumsku-felugu-300x300.jpg 300w, https:\/\/autostil.ba\/maloprodaja\/wp-content\/uploads\/2024\/07\/1525083966-cep-za-aluminijumsku-felugu-150x150.jpg 150w, https:\/\/autostil.ba\/maloprodaja\/wp-content\/uploads\/2024\/07\/1525083966-cep-za-aluminijumsku-felugu-100x100.jpg 100w\" sizes=\"auto, (max-width: 500px) 100vw, 500px\" \/>\t\t\t\t\t\t\t\t<\/a>\n\t\t\t\t\t\t\t\t\t\t\t\t\t\t\t<\/div>\n\t\t\t\t<\/div>\n\t\t<div class=\"elementor-element elementor-element-c4f3001 e-con-full e-flex e-con e-child\" data-id=\"c4f3001\" data-element_type=\"container\" data-e-type=\"container\" data-settings=\"{&quot;background_background&quot;:&quot;classic&quot;}\">\n\t\t\t\t<div class=\"elementor-element elementor-element-a347a90 elementor-widget elementor-widget-heading\" data-id=\"a347a90\" data-element_type=\"widget\" data-e-type=\"widget\" data-widget_type=\"heading.default\">\n\t\t\t\t<div class=\"elementor-widget-container\">\n\t\t\t\t\t<h4 class=\"elementor-heading-title elementor-size-default\"><a href=\"https:\/\/autostil.ba\/maloprodaja\/kategorija\/8\/cepovi-za-aluminijumsku-felgu\/\">\u010cepovi za aluminijumsku felgu<\/a><\/h4>\t\t\t\t<\/div>\n\t\t\t\t<\/div>\n\t\t\t\t<\/div>\n\t\t\t\t<\/div>\n\t\t<div class=\"elementor-element elementor-element-cc69015 e-con-full category-card e-flex e-con e-child\" data-id=\"cc69015\" data-element_type=\"container\" data-e-type=\"container\">\n\t\t\t\t<div class=\"elementor-element elementor-element-850915d elementor-widget elementor-widget-image\" data-id=\"850915d\" data-element_type=\"widget\" data-e-type=\"widget\" data-widget_type=\"image.default\">\n\t\t\t\t<div class=\"elementor-widget-container\">\n\t\t\t\t\t\t\t\t\t\t\t\t\t\t\t\t<a href=\"https:\/\/autostil.ba\/maloprodaja\/kategorija\/11\/distanceri\/\">\n\t\t\t\t\t\t\t<img loading=\"lazy\" decoding=\"async\" width=\"500\" height=\"500\" src=\"https:\/\/autostil.ba\/maloprodaja\/wp-content\/uploads\/2024\/07\/distanceri-16mm-a25.jpg\" class=\"attachment-large size-large wp-image-1978\" alt=\"\" srcset=\"https:\/\/autostil.ba\/maloprodaja\/wp-content\/uploads\/2024\/07\/distanceri-16mm-a25.jpg 500w, https:\/\/autostil.ba\/maloprodaja\/wp-content\/uploads\/2024\/07\/distanceri-16mm-a25-300x300.jpg 300w, https:\/\/autostil.ba\/maloprodaja\/wp-content\/uploads\/2024\/07\/distanceri-16mm-a25-150x150.jpg 150w, https:\/\/autostil.ba\/maloprodaja\/wp-content\/uploads\/2024\/07\/distanceri-16mm-a25-100x100.jpg 100w\" sizes=\"auto, (max-width: 500px) 100vw, 500px\" \/>\t\t\t\t\t\t\t\t<\/a>\n\t\t\t\t\t\t\t\t\t\t\t\t\t\t\t<\/div>\n\t\t\t\t<\/div>\n\t\t<div class=\"elementor-element elementor-element-8649879 e-con-full e-flex e-con e-child\" data-id=\"8649879\" data-element_type=\"container\" data-e-type=\"container\" data-settings=\"{&quot;background_background&quot;:&quot;classic&quot;}\">\n\t\t\t\t<div class=\"elementor-element elementor-element-37f52c6 elementor-widget elementor-widget-heading\" data-id=\"37f52c6\" data-element_type=\"widget\" data-e-type=\"widget\" data-widget_type=\"heading.default\">\n\t\t\t\t<div class=\"elementor-widget-container\">\n\t\t\t\t\t<h4 class=\"elementor-heading-title elementor-size-default\"><a href=\"https:\/\/autostil.ba\/maloprodaja\/kategorija\/11\/distanceri\/\">DISTANCERI<\/a><\/h4>\t\t\t\t<\/div>\n\t\t\t\t<\/div>\n\t\t\t\t<\/div>\n\t\t\t\t<\/div>\n\t\t<div class=\"elementor-element elementor-element-5d2fe4a e-con-full category-card e-flex e-con e-child\" data-id=\"5d2fe4a\" data-element_type=\"container\" data-e-type=\"container\">\n\t\t\t\t<div class=\"elementor-element elementor-element-ae1c64c elementor-widget elementor-widget-image\" data-id=\"ae1c64c\" data-element_type=\"widget\" data-e-type=\"widget\" data-widget_type=\"image.default\">\n\t\t\t\t<div class=\"elementor-widget-container\">\n\t\t\t\t\t\t\t\t\t\t\t\t\t\t\t\t<a href=\"https:\/\/autostil.ba\/maloprodaja\/kategorija\/185\/navlake-za-tockove\/\">\n\t\t\t\t\t\t\t<img loading=\"lazy\" decoding=\"async\" width=\"500\" height=\"500\" src=\"https:\/\/autostil.ba\/maloprodaja\/wp-content\/uploads\/2024\/07\/1648453676-navlake-za-tockove.jpg\" class=\"attachment-large size-large wp-image-1931\" alt=\"\" srcset=\"https:\/\/autostil.ba\/maloprodaja\/wp-content\/uploads\/2024\/07\/1648453676-navlake-za-tockove.jpg 500w, https:\/\/autostil.ba\/maloprodaja\/wp-content\/uploads\/2024\/07\/1648453676-navlake-za-tockove-300x300.jpg 300w, https:\/\/autostil.ba\/maloprodaja\/wp-content\/uploads\/2024\/07\/1648453676-navlake-za-tockove-150x150.jpg 150w, https:\/\/autostil.ba\/maloprodaja\/wp-content\/uploads\/2024\/07\/1648453676-navlake-za-tockove-100x100.jpg 100w\" sizes=\"auto, (max-width: 500px) 100vw, 500px\" \/>\t\t\t\t\t\t\t\t<\/a>\n\t\t\t\t\t\t\t\t\t\t\t\t\t\t\t<\/div>\n\t\t\t\t<\/div>\n\t\t<div class=\"elementor-element elementor-element-61454d2 e-con-full e-flex e-con e-child\" data-id=\"61454d2\" data-element_type=\"container\" data-e-type=\"container\" data-settings=\"{&quot;background_background&quot;:&quot;classic&quot;}\">\n\t\t\t\t<div class=\"elementor-element elementor-element-54f9953 elementor-widget elementor-widget-heading\" data-id=\"54f9953\" data-element_type=\"widget\" data-e-type=\"widget\" data-widget_type=\"heading.default\">\n\t\t\t\t<div class=\"elementor-widget-container\">\n\t\t\t\t\t<h4 class=\"elementor-heading-title elementor-size-default\"><a href=\"https:\/\/autostil.ba\/maloprodaja\/kategorija\/185\/navlake-za-tockove\/\">NAVLAKE ZA TO\u010cKOVE<\/a><\/h4>\t\t\t\t<\/div>\n\t\t\t\t<\/div>\n\t\t\t\t<\/div>\n\t\t\t\t<\/div>\n\t\t<div class=\"elementor-element elementor-element-129fb47 e-con-full category-card e-flex e-con e-child\" data-id=\"129fb47\" data-element_type=\"container\" data-e-type=\"container\">\n\t\t\t\t<div class=\"elementor-element elementor-element-95176b1 elementor-widget elementor-widget-image\" data-id=\"95176b1\" data-element_type=\"widget\" data-e-type=\"widget\" data-widget_type=\"image.default\">\n\t\t\t\t<div class=\"elementor-widget-container\">\n\t\t\t\t\t\t\t\t\t\t\t\t\t\t\t\t<a href=\"https:\/\/autostil.ba\/maloprodaja\/kategorija\/208\/optizeri-za-opruge\/\">\n\t\t\t\t\t\t\t<img loading=\"lazy\" decoding=\"async\" width=\"500\" height=\"500\" src=\"https:\/\/autostil.ba\/maloprodaja\/wp-content\/uploads\/2024\/07\/1667979916-optizeri-za-opruge.jpg\" class=\"attachment-large size-large wp-image-1932\" alt=\"\" srcset=\"https:\/\/autostil.ba\/maloprodaja\/wp-content\/uploads\/2024\/07\/1667979916-optizeri-za-opruge.jpg 500w, https:\/\/autostil.ba\/maloprodaja\/wp-content\/uploads\/2024\/07\/1667979916-optizeri-za-opruge-300x300.jpg 300w, https:\/\/autostil.ba\/maloprodaja\/wp-content\/uploads\/2024\/07\/1667979916-optizeri-za-opruge-150x150.jpg 150w, https:\/\/autostil.ba\/maloprodaja\/wp-content\/uploads\/2024\/07\/1667979916-optizeri-za-opruge-100x100.jpg 100w\" sizes=\"auto, (max-width: 500px) 100vw, 500px\" \/>\t\t\t\t\t\t\t\t<\/a>\n\t\t\t\t\t\t\t\t\t\t\t\t\t\t\t<\/div>\n\t\t\t\t<\/div>\n\t\t<div class=\"elementor-element elementor-element-e81c14d e-con-full e-flex e-con e-child\" data-id=\"e81c14d\" data-element_type=\"container\" data-e-type=\"container\" data-settings=\"{&quot;background_background&quot;:&quot;classic&quot;}\">\n\t\t\t\t<div class=\"elementor-element elementor-element-30106a9 elementor-widget elementor-widget-heading\" data-id=\"30106a9\" data-element_type=\"widget\" data-e-type=\"widget\" data-widget_type=\"heading.default\">\n\t\t\t\t<div class=\"elementor-widget-container\">\n\t\t\t\t\t<h4 class=\"elementor-heading-title elementor-size-default\"><a href=\"https:\/\/autostil.ba\/maloprodaja\/kategorija\/208\/optizeri-za-opruge\/\">Optizeri za opruge<\/a><\/h4>\t\t\t\t<\/div>\n\t\t\t\t<\/div>\n\t\t\t\t<\/div>\n\t\t\t\t<\/div>\n\t\t\t\t<\/div>\n\t\t<div class=\"elementor-element elementor-element-b7918b4 e-con-full e-flex e-con e-child\" data-id=\"b7918b4\" data-element_type=\"container\" data-e-type=\"container\">\n\t\t<div class=\"elementor-element elementor-element-b60a29d e-con-full category-card e-flex e-con e-child\" data-id=\"b60a29d\" data-element_type=\"container\" data-e-type=\"container\">\n\t\t\t\t<div class=\"elementor-element elementor-element-f5be37e elementor-widget elementor-widget-image\" data-id=\"f5be37e\" data-element_type=\"widget\" data-e-type=\"widget\" data-widget_type=\"image.default\">\n\t\t\t\t<div class=\"elementor-widget-container\">\n\t\t\t\t\t\t\t\t\t\t\t\t\t\t\t\t<a href=\"https:\/\/autostil.ba\/maloprodaja\/kategorija\/191\/poklopci-sarafa-tocka\/\">\n\t\t\t\t\t\t\t<img loading=\"lazy\" decoding=\"async\" width=\"500\" height=\"500\" src=\"https:\/\/autostil.ba\/maloprodaja\/wp-content\/uploads\/2024\/07\/1654087582-poklopci-sarafa-tocka.jpg\" class=\"attachment-large size-large wp-image-1933\" alt=\"\" srcset=\"https:\/\/autostil.ba\/maloprodaja\/wp-content\/uploads\/2024\/07\/1654087582-poklopci-sarafa-tocka.jpg 500w, https:\/\/autostil.ba\/maloprodaja\/wp-content\/uploads\/2024\/07\/1654087582-poklopci-sarafa-tocka-300x300.jpg 300w, https:\/\/autostil.ba\/maloprodaja\/wp-content\/uploads\/2024\/07\/1654087582-poklopci-sarafa-tocka-150x150.jpg 150w, https:\/\/autostil.ba\/maloprodaja\/wp-content\/uploads\/2024\/07\/1654087582-poklopci-sarafa-tocka-100x100.jpg 100w\" sizes=\"auto, (max-width: 500px) 100vw, 500px\" \/>\t\t\t\t\t\t\t\t<\/a>\n\t\t\t\t\t\t\t\t\t\t\t\t\t\t\t<\/div>\n\t\t\t\t<\/div>\n\t\t<div class=\"elementor-element elementor-element-43d5680 e-con-full e-flex e-con e-child\" data-id=\"43d5680\" data-element_type=\"container\" data-e-type=\"container\" data-settings=\"{&quot;background_background&quot;:&quot;classic&quot;}\">\n\t\t\t\t<div class=\"elementor-element elementor-element-c98098f elementor-widget elementor-widget-heading\" data-id=\"c98098f\" data-element_type=\"widget\" data-e-type=\"widget\" data-widget_type=\"heading.default\">\n\t\t\t\t<div class=\"elementor-widget-container\">\n\t\t\t\t\t<h4 class=\"elementor-heading-title elementor-size-default\"><a href=\"https:\/\/autostil.ba\/maloprodaja\/kategorija\/191\/poklopci-sarafa-tocka\/\">Poklopci \u0161arafa to\u010dka<\/a><\/h4>\t\t\t\t<\/div>\n\t\t\t\t<\/div>\n\t\t\t\t<\/div>\n\t\t\t\t<\/div>\n\t\t<div class=\"elementor-element elementor-element-f348d4f e-con-full category-card e-flex e-con e-child\" data-id=\"f348d4f\" data-element_type=\"container\" data-e-type=\"container\">\n\t\t\t\t<div class=\"elementor-element elementor-element-ee52e3a elementor-widget elementor-widget-image\" data-id=\"ee52e3a\" data-element_type=\"widget\" data-e-type=\"widget\" data-widget_type=\"image.default\">\n\t\t\t\t<div class=\"elementor-widget-container\">\n\t\t\t\t\t\t\t\t\t\t\t\t\t\t\t\t<a href=\"https:\/\/autostil.ba\/maloprodaja\/kategorija\/190\/prstenovi-za-centralnu-rupu\/\">\n\t\t\t\t\t\t\t<img loading=\"lazy\" decoding=\"async\" width=\"500\" height=\"500\" src=\"https:\/\/autostil.ba\/maloprodaja\/wp-content\/uploads\/2024\/07\/1654086172-prstenovi-za-centralnu-rupu.jpg\" class=\"attachment-large size-large wp-image-1937\" alt=\"\" srcset=\"https:\/\/autostil.ba\/maloprodaja\/wp-content\/uploads\/2024\/07\/1654086172-prstenovi-za-centralnu-rupu.jpg 500w, https:\/\/autostil.ba\/maloprodaja\/wp-content\/uploads\/2024\/07\/1654086172-prstenovi-za-centralnu-rupu-300x300.jpg 300w, https:\/\/autostil.ba\/maloprodaja\/wp-content\/uploads\/2024\/07\/1654086172-prstenovi-za-centralnu-rupu-150x150.jpg 150w, https:\/\/autostil.ba\/maloprodaja\/wp-content\/uploads\/2024\/07\/1654086172-prstenovi-za-centralnu-rupu-100x100.jpg 100w\" sizes=\"auto, (max-width: 500px) 100vw, 500px\" \/>\t\t\t\t\t\t\t\t<\/a>\n\t\t\t\t\t\t\t\t\t\t\t\t\t\t\t<\/div>\n\t\t\t\t<\/div>\n\t\t<div class=\"elementor-element elementor-element-956c4d1 e-con-full e-flex e-con e-child\" data-id=\"956c4d1\" data-element_type=\"container\" data-e-type=\"container\" data-settings=\"{&quot;background_background&quot;:&quot;classic&quot;}\">\n\t\t\t\t<div class=\"elementor-element elementor-element-52129c5 elementor-widget elementor-widget-heading\" data-id=\"52129c5\" data-element_type=\"widget\" data-e-type=\"widget\" data-widget_type=\"heading.default\">\n\t\t\t\t<div class=\"elementor-widget-container\">\n\t\t\t\t\t<h4 class=\"elementor-heading-title elementor-size-default\"><a href=\"https:\/\/autostil.ba\/maloprodaja\/kategorija\/190\/prstenovi-za-centralnu-rupu\/\">Prstenovi za centralnu rupu<\/a><\/h4>\t\t\t\t<\/div>\n\t\t\t\t<\/div>\n\t\t\t\t<\/div>\n\t\t\t\t<\/div>\n\t\t<div class=\"elementor-element elementor-element-8db7209 e-con-full category-card e-flex e-con e-child\" data-id=\"8db7209\" data-element_type=\"container\" data-e-type=\"container\">\n\t\t\t\t<div class=\"elementor-element elementor-element-1282e79 elementor-widget elementor-widget-image\" data-id=\"1282e79\" data-element_type=\"widget\" data-e-type=\"widget\" data-widget_type=\"image.default\">\n\t\t\t\t<div class=\"elementor-widget-container\">\n\t\t\t\t\t\t\t\t\t\t\t\t\t\t\t\t<a href=\"https:\/\/autostil.ba\/maloprodaja\/kategorija\/52\/sarafi-za-felge-zastitni-sarafi-matice\/\">\n\t\t\t\t\t\t\t<img loading=\"lazy\" decoding=\"async\" width=\"500\" height=\"500\" src=\"https:\/\/autostil.ba\/maloprodaja\/wp-content\/uploads\/2024\/07\/zastitni-prsten-za-feluge.jpg\" class=\"attachment-large size-large wp-image-1938\" alt=\"\" srcset=\"https:\/\/autostil.ba\/maloprodaja\/wp-content\/uploads\/2024\/07\/zastitni-prsten-za-feluge.jpg 500w, https:\/\/autostil.ba\/maloprodaja\/wp-content\/uploads\/2024\/07\/zastitni-prsten-za-feluge-300x300.jpg 300w, https:\/\/autostil.ba\/maloprodaja\/wp-content\/uploads\/2024\/07\/zastitni-prsten-za-feluge-150x150.jpg 150w, https:\/\/autostil.ba\/maloprodaja\/wp-content\/uploads\/2024\/07\/zastitni-prsten-za-feluge-100x100.jpg 100w\" sizes=\"auto, (max-width: 500px) 100vw, 500px\" \/>\t\t\t\t\t\t\t\t<\/a>\n\t\t\t\t\t\t\t\t\t\t\t\t\t\t\t<\/div>\n\t\t\t\t<\/div>\n\t\t<div class=\"elementor-element elementor-element-f10796d e-con-full e-flex e-con e-child\" data-id=\"f10796d\" data-element_type=\"container\" data-e-type=\"container\" data-settings=\"{&quot;background_background&quot;:&quot;classic&quot;}\">\n\t\t\t\t<div class=\"elementor-element elementor-element-bfa576b elementor-widget elementor-widget-heading\" data-id=\"bfa576b\" data-element_type=\"widget\" data-e-type=\"widget\" data-widget_type=\"heading.default\">\n\t\t\t\t<div class=\"elementor-widget-container\">\n\t\t\t\t\t<h4 class=\"elementor-heading-title elementor-size-default\"><a href=\"https:\/\/autostil.ba\/maloprodaja\/kategorija\/52\/sarafi-za-felge-zastitni-sarafi-matice\/\">\u0160arafi za felge \/ Za\u0161titni \u0161arafi \/ Matice<\/a><\/h4>\t\t\t\t<\/div>\n\t\t\t\t<\/div>\n\t\t\t\t<\/div>\n\t\t\t\t<\/div>\n\t\t<div class=\"elementor-element elementor-element-db0a872 e-con-full category-card e-flex e-con e-child\" data-id=\"db0a872\" data-element_type=\"container\" data-e-type=\"container\">\n\t\t\t\t<div class=\"elementor-element elementor-element-b1cf19a elementor-widget elementor-widget-image\" data-id=\"b1cf19a\" data-element_type=\"widget\" data-e-type=\"widget\" data-widget_type=\"image.default\">\n\t\t\t\t<div class=\"elementor-widget-container\">\n\t\t\t\t\t\t\t\t\t\t\t\t\t\t\t\t<a href=\"https:\/\/autostil.ba\/maloprodaja\/kategorija\/22\/ventili-i-kapice-za-ventil\/\">\n\t\t\t\t\t\t\t<img loading=\"lazy\" decoding=\"async\" width=\"500\" height=\"500\" src=\"https:\/\/autostil.ba\/maloprodaja\/wp-content\/uploads\/2024\/07\/navlaka-za-ventil.jpg\" class=\"attachment-large size-large wp-image-1939\" alt=\"\" srcset=\"https:\/\/autostil.ba\/maloprodaja\/wp-content\/uploads\/2024\/07\/navlaka-za-ventil.jpg 500w, https:\/\/autostil.ba\/maloprodaja\/wp-content\/uploads\/2024\/07\/navlaka-za-ventil-300x300.jpg 300w, https:\/\/autostil.ba\/maloprodaja\/wp-content\/uploads\/2024\/07\/navlaka-za-ventil-150x150.jpg 150w, https:\/\/autostil.ba\/maloprodaja\/wp-content\/uploads\/2024\/07\/navlaka-za-ventil-100x100.jpg 100w\" sizes=\"auto, (max-width: 500px) 100vw, 500px\" \/>\t\t\t\t\t\t\t\t<\/a>\n\t\t\t\t\t\t\t\t\t\t\t\t\t\t\t<\/div>\n\t\t\t\t<\/div>\n\t\t<div class=\"elementor-element elementor-element-c596a15 e-con-full e-flex e-con e-child\" data-id=\"c596a15\" data-element_type=\"container\" data-e-type=\"container\" data-settings=\"{&quot;background_background&quot;:&quot;classic&quot;}\">\n\t\t\t\t<div class=\"elementor-element elementor-element-498c3c7 elementor-widget elementor-widget-heading\" data-id=\"498c3c7\" data-element_type=\"widget\" data-e-type=\"widget\" data-widget_type=\"heading.default\">\n\t\t\t\t<div class=\"elementor-widget-container\">\n\t\t\t\t\t<h4 class=\"elementor-heading-title elementor-size-default\"><a href=\"https:\/\/autostil.ba\/maloprodaja\/kategorija\/22\/ventili-i-kapice-za-ventil\/\">Ventili i kapice za ventil<\/a><\/h4>\t\t\t\t<\/div>\n\t\t\t\t<\/div>\n\t\t\t\t<\/div>\n\t\t\t\t<\/div>\n\t\t<div class=\"elementor-element elementor-element-81df1ce e-con-full category-card e-flex e-con e-child\" data-id=\"81df1ce\" data-element_type=\"container\" data-e-type=\"container\">\n\t\t\t\t<div class=\"elementor-element elementor-element-cbb5bb5 elementor-widget elementor-widget-image\" data-id=\"cbb5bb5\" data-element_type=\"widget\" data-e-type=\"widget\" data-widget_type=\"image.default\">\n\t\t\t\t<div class=\"elementor-widget-container\">\n\t\t\t\t\t\t\t\t\t\t\t\t\t\t\t\t<a href=\"https:\/\/autostil.ba\/maloprodaja\/kategorija\/550\/poklopci-kocionih-celjusti\/\">\n\t\t\t\t\t\t\t<img loading=\"lazy\" decoding=\"async\" width=\"550\" height=\"551\" src=\"https:\/\/autostil.ba\/maloprodaja\/wp-content\/uploads\/2026\/03\/BREMBO.jpg\" class=\"attachment-large size-large wp-image-793056995\" alt=\"\" srcset=\"https:\/\/autostil.ba\/maloprodaja\/wp-content\/uploads\/2026\/03\/BREMBO.jpg 550w, https:\/\/autostil.ba\/maloprodaja\/wp-content\/uploads\/2026\/03\/BREMBO-300x300.jpg 300w, https:\/\/autostil.ba\/maloprodaja\/wp-content\/uploads\/2026\/03\/BREMBO-100x100.jpg 100w, https:\/\/autostil.ba\/maloprodaja\/wp-content\/uploads\/2026\/03\/BREMBO-150x150.jpg 150w\" sizes=\"auto, (max-width: 550px) 100vw, 550px\" \/>\t\t\t\t\t\t\t\t<\/a>\n\t\t\t\t\t\t\t\t\t\t\t\t\t\t\t<\/div>\n\t\t\t\t<\/div>\n\t\t<div class=\"elementor-element elementor-element-5327061 e-con-full e-flex e-con e-child\" data-id=\"5327061\" data-element_type=\"container\" data-e-type=\"container\" data-settings=\"{&quot;background_background&quot;:&quot;classic&quot;}\">\n\t\t\t\t<div class=\"elementor-element elementor-element-bf98079 elementor-widget elementor-widget-heading\" data-id=\"bf98079\" data-element_type=\"widget\" data-e-type=\"widget\" data-widget_type=\"heading.default\">\n\t\t\t\t<div class=\"elementor-widget-container\">\n\t\t\t\t\t<h4 class=\"elementor-heading-title elementor-size-default\"><a href=\"https:\/\/autostil.ba\/maloprodaja\/kategorija\/550\/poklopci-kocionih-celjusti\/\">POKLOPCI KO\u010cIONIH \u010cELJUSTI<\/a><\/h4>\t\t\t\t<\/div>\n\t\t\t\t<\/div>\n\t\t\t\t<\/div>\n\t\t\t\t<\/div>\n\t\t\t\t<\/div>\n\t\t\t\t<\/div>\n\t\t\t\t\t<\/div>\n\t\t\t\t<\/div>\n\t\t\t\t<\/div>\n\t\t","protected":false},"excerpt":{"rendered":"<p>TO\u010cKOVI Blatarice za to\u010dkove \u010cepovi za aluminijumsku felgu DISTANCERI NAVLAKE ZA TO\u010cKOVE Optizeri za opruge Poklopci \u0161arafa to\u010dka Prstenovi za centralnu rupu \u0160arafi za felge \/ Za\u0161titni \u0161arafi \/ Matice Ventili i kapice za ventil POKLOPCI KO\u010cIONIH \u010cELJUSTI<\/p>\n","protected":false},"author":1,"featured_media":0,"parent":0,"menu_order":0,"comment_status":"closed","ping_status":"closed","template":"","meta":{"_acf_changed":false,"inline_featured_image":false,"footnotes":""},"class_list":["post-1765","page","type-page","status-publish","hentry"],"acf":[],"_links":{"self":[{"href":"https:\/\/autostil.ba\/maloprodaja\/wp-json\/wp\/v2\/pages\/1765","targetHints":{"allow":["GET"]}}],"collection":[{"href":"https:\/\/autostil.ba\/maloprodaja\/wp-json\/wp\/v2\/pages"}],"about":[{"href":"https:\/\/autostil.ba\/maloprodaja\/wp-json\/wp\/v2\/types\/page"}],"author":[{"embeddable":true,"href":"https:\/\/autostil.ba\/maloprodaja\/wp-json\/wp\/v2\/users\/1"}],"replies":[{"embeddable":true,"href":"https:\/\/autostil.ba\/maloprodaja\/wp-json\/wp\/v2\/comments?post=1765"}],"version-history":[{"count":46,"href":"https:\/\/autostil.ba\/maloprodaja\/wp-json\/wp\/v2\/pages\/1765\/revisions"}],"predecessor-version":[{"id":793057002,"href":"https:\/\/autostil.ba\/maloprodaja\/wp-json\/wp\/v2\/pages\/1765\/revisions\/793057002"}],"wp:attachment":[{"href":"https:\/\/autostil.ba\/maloprodaja\/wp-json\/wp\/v2\/media?parent=1765"}],"curies":[{"name":"wp","href":"https:\/\/api.w.org\/{rel}","templated":true}]}}